{"id":15324,"date":"2022-07-07T03:58:23","date_gmt":"2022-07-07T07:58:23","guid":{"rendered":"https:\/\/sharingan.us\/?post_type=product&#038;p=15324"},"modified":"2025-08-05T14:42:57","modified_gmt":"2025-08-05T06:42:57","slug":"lentilles-de-contact-uchiha-naka-ms-sharingan","status":"publish","type":"product","link":"https:\/\/sharingan.us\/fr\/lentilles-de-contact-uchiha-naka-ms-sharingan\/","title":{"rendered":"Uchiha Naka MS sharingan lentilles de contact"},"content":{"rendered":"<h4>Uchiha Naka MS sharingan lentilles de contact<\/h4>\n<p>Naka \u00e9tait au moins dou\u00e9 en kenjutsu, puisqu'il poss\u00e9dait une \u00e9p\u00e9e. Il \u00e9tait capable d'\u00e9veiller le d\u014djutsu kekkei genkai de son clan : le Sharingan. Le d\u014djutsu lui a accord\u00e9 la capacit\u00e9 d'utiliser la technique Izanagi, qu'il utilisait apparemment de mani\u00e8re obsessionnelle avec de telles comp\u00e9tences qu'il pouvait survivre au combat contre plusieurs autres Uchiha. Il \u00e9tait \u00e9galement capable d'activer le Mangeky\u014d Sharingan, qui prenait la forme d'une roue rouge \u00e0 trois pointes, sa pupille \u00e9tant pro\u00e9minente au centre.<\/p>","protected":false},"excerpt":{"rendered":"<p>Uchiha Naka MS sharingan contact lenses Naka \u00e9tait au moins dou\u00e9 en kenjutsu, puisqu'il poss\u00e9dait une \u00e9p\u00e9e. Il \u00e9tait capable d'\u00e9veiller le d\u014djutsu kekkei genkai de son clan : le Sharingan. Le d\u014djutsu lui a accord\u00e9 la capacit\u00e9 d'utiliser la technique Izanagi, qu'il utilisait apparemment de mani\u00e8re obsessionnelle avec de telles comp\u00e9tences qu'il pouvait survivre \u00e0 des combats contre [...]","protected":false},"featured_media":15524,"comment_status":"open","ping_status":"closed","template":"","meta":[],"product_brand":[],"product_cat":[49],"product_tag":[80,837],"class_list":{"0":"post-15324","1":"product","2":"type-product","3":"status-publish","4":"has-post-thumbnail","6":"product_cat-sharingan-contacts","7":"product_tag-sharingan-contacts","8":"product_tag-uchiha-naka-ms","10":"first","11":"instock","12":"sale","13":"featured","14":"taxable","15":"shipping-taxable","16":"purchasable","17":"product-type-variable","18":"has-default-attributes"},"_links":{"self":[{"href":"https:\/\/sharingan.us\/fr\/wp-json\/wp\/v2\/product\/15324","targetHints":{"allow":["GET"]}}],"collection":[{"href":"https:\/\/sharingan.us\/fr\/wp-json\/wp\/v2\/product"}],"about":[{"href":"https:\/\/sharingan.us\/fr\/wp-json\/wp\/v2\/types\/product"}],"replies":[{"embeddable":true,"href":"https:\/\/sharingan.us\/fr\/wp-json\/wp\/v2\/comments?post=15324"}],"wp:featuredmedia":[{"embeddable":true,"href":"https:\/\/sharingan.us\/fr\/wp-json\/wp\/v2\/media\/15524"}],"wp:attachment":[{"href":"https:\/\/sharingan.us\/fr\/wp-json\/wp\/v2\/media?parent=15324"}],"wp:term":[{"taxonomy":"product_brand","embeddable":true,"href":"https:\/\/sharingan.us\/fr\/wp-json\/wp\/v2\/product_brand?post=15324"},{"taxonomy":"product_cat","embeddable":true,"href":"https:\/\/sharingan.us\/fr\/wp-json\/wp\/v2\/product_cat?post=15324"},{"taxonomy":"product_tag","embeddable":true,"href":"https:\/\/sharingan.us\/fr\/wp-json\/wp\/v2\/product_tag?post=15324"}],"curies":[{"name":"wp","href":"https:\/\/api.w.org\/{rel}","templated":true}]}}