{"id":13258,"date":"2021-12-15T06:21:47","date_gmt":"2021-12-15T10:21:47","guid":{"rendered":"https:\/\/sharingan.us\/?post_type=product&#038;p=13258"},"modified":"2025-12-09T21:22:10","modified_gmt":"2025-12-09T13:22:10","slug":"contacts-mitsuki","status":"publish","type":"product","link":"https:\/\/sharingan.us\/fr\/contacts-mitsuki\/","title":{"rendered":"Contacts Mitsuki - Jaune Marron"},"content":{"rendered":"<h4>Contacts Mitsuki<\/h4>\n<p>Voici les lentilles de contact Naruto Mitsuki - le moyen parfait d'ajouter une touche d'authenticit\u00e9 \u00e0 votre cosplay Naruto ! Ces lentilles de contact de haute qualit\u00e9 sont con\u00e7ues pour imiter l'aspect unique des yeux de Mitsuki dans la c\u00e9l\u00e8bre s\u00e9rie anim\u00e9e.<\/p>\n<p>Fabriqu\u00e9es \u00e0 partir de mat\u00e9riaux de premi\u00e8re qualit\u00e9, ces lentilles sont agr\u00e9ables \u00e0 porter et faciles \u00e0 utiliser. Le design est tr\u00e8s d\u00e9taill\u00e9 avec un motif jaune et noir frappant, qui fera ressortir vos yeux et ajoutera une touche de myst\u00e8re \u00e0 votre costume.<\/p>\n<p>Que vous participiez \u00e0 un \u00e9v\u00e9nement de cosplay ou que vous souhaitiez simplement montrer votre amour pour la s\u00e9rie Naruto, ces lentilles de contact Mitsuki sont le choix id\u00e9al. Ils conviennent \u00e0 une grande vari\u00e9t\u00e9 d'occasions et d'\u00e9v\u00e9nements cosplay, et ne manqueront pas d'impressionner tous ceux qui vous entourent.<\/p>\n<p>Alors pourquoi attendre ? Commandez vos contacts Mitsuki d\u00e8s aujourd'hui et faites passer votre cosplay au niveau sup\u00e9rieur !<\/p>","protected":false},"excerpt":{"rendered":"<p>Contacts Mitsuki Voici les contacts Naruto Mitsuki - le moyen id\u00e9al d'ajouter une touche d'authenticit\u00e9 \u00e0 votre cosplay Naruto ! Ces lentilles de contact de haute qualit\u00e9 sont con\u00e7ues pour imiter l'aspect unique des yeux de Mitsuki dans la c\u00e9l\u00e8bre s\u00e9rie anim\u00e9e. Fabriqu\u00e9es \u00e0 partir de mat\u00e9riaux de premi\u00e8re qualit\u00e9, ces lentilles sont confortables \u00e0 porter et faciles \u00e0 utiliser. Le design [...]","protected":false},"featured_media":20276,"comment_status":"open","ping_status":"closed","template":"","meta":[],"product_brand":[916],"product_cat":[83],"product_tag":[514],"class_list":{"0":"post-13258","1":"product","2":"type-product","3":"status-publish","4":"has-post-thumbnail","6":"product_brand-colored-contacts-us","7":"product_cat-cosplay-contacts","8":"product_tag-mitsuki","10":"first","11":"instock","12":"sale","13":"taxable","14":"shipping-taxable","15":"purchasable","16":"product-type-variable","17":"has-default-attributes"},"_links":{"self":[{"href":"https:\/\/sharingan.us\/fr\/wp-json\/wp\/v2\/product\/13258","targetHints":{"allow":["GET"]}}],"collection":[{"href":"https:\/\/sharingan.us\/fr\/wp-json\/wp\/v2\/product"}],"about":[{"href":"https:\/\/sharingan.us\/fr\/wp-json\/wp\/v2\/types\/product"}],"replies":[{"embeddable":true,"href":"https:\/\/sharingan.us\/fr\/wp-json\/wp\/v2\/comments?post=13258"}],"wp:featuredmedia":[{"embeddable":true,"href":"https:\/\/sharingan.us\/fr\/wp-json\/wp\/v2\/media\/20276"}],"wp:attachment":[{"href":"https:\/\/sharingan.us\/fr\/wp-json\/wp\/v2\/media?parent=13258"}],"wp:term":[{"taxonomy":"product_brand","embeddable":true,"href":"https:\/\/sharingan.us\/fr\/wp-json\/wp\/v2\/product_brand?post=13258"},{"taxonomy":"product_cat","embeddable":true,"href":"https:\/\/sharingan.us\/fr\/wp-json\/wp\/v2\/product_cat?post=13258"},{"taxonomy":"product_tag","embeddable":true,"href":"https:\/\/sharingan.us\/fr\/wp-json\/wp\/v2\/product_tag?post=13258"}],"curies":[{"name":"wp","href":"https:\/\/api.w.org\/{rel}","templated":true}]}}