{"id":12894,"date":"2021-12-15T02:54:20","date_gmt":"2021-12-15T06:54:20","guid":{"rendered":"https:\/\/sharingan.us\/?post_type=product&#038;p=12894"},"modified":"2024-10-05T15:34:49","modified_gmt":"2024-10-05T07:34:49","slug":"masque-cosplay-uchiha-obito","status":"publish","type":"product","link":"https:\/\/sharingan.us\/fr\/masque-cosplay-uchiha-obito\/","title":{"rendered":"Masque Cosplay Uchiha Obito"},"content":{"rendered":"<h4>Masque Cosplay Uchiha Obito<\/h4>\n<p>A propos du Masque Cosplay Obito\uff1aEn tant qu'enfant, Obito avait des yeux noirs et des cheveux noirs courts et h\u00e9riss\u00e9s. Il portait un uniforme bleu \u00e0 manches longues et une veste bleue avec un col et des garnitures orange. La veste \u00e9tait attach\u00e9e au reste de la tenue par deux boutons au niveau du col et portait l'embl\u00e8me du clan Uchiha dans le dos. Il portait \u00e9galement une ceinture blanche, des sandales de shinobi, la protection frontale bleu fonc\u00e9 standard de Konoha, et une paire de lunettes aux verres orange reli\u00e9es \u00e0 des protections d'oreilles. La moiti\u00e9 droite de son visage a \u00e9t\u00e9 fortement marqu\u00e9e apr\u00e8s les \u00e9v\u00e9nements de Kusagakure, ressemblant \u00e0 des rides, tandis que la moiti\u00e9 droite d\u00e9truite de son torse et son bras droit ont \u00e9t\u00e9 remplac\u00e9s par de la mati\u00e8re Zetsu blanche, qui a une couleur beaucoup plus claire que son corps. Ses cheveux ont pouss\u00e9 pendant sa r\u00e9\u00e9ducation, et il n'a cess\u00e9 de les laisser pousser et de les couper au fil des ans.<\/p>","protected":false},"excerpt":{"rendered":"<p>Taille universelle, convient aux personnes de plus de 8 ans<\/p>","protected":false},"featured_media":12903,"comment_status":"open","ping_status":"closed","template":"","meta":[],"product_brand":[],"product_cat":[511],"product_tag":[],"class_list":{"0":"post-12894","1":"product","2":"type-product","3":"status-publish","4":"has-post-thumbnail","6":"product_cat-halloween-masks","8":"first","9":"instock","10":"sale","11":"taxable","12":"shipping-taxable","13":"purchasable","14":"product-type-simple"},"_links":{"self":[{"href":"https:\/\/sharingan.us\/fr\/wp-json\/wp\/v2\/product\/12894","targetHints":{"allow":["GET"]}}],"collection":[{"href":"https:\/\/sharingan.us\/fr\/wp-json\/wp\/v2\/product"}],"about":[{"href":"https:\/\/sharingan.us\/fr\/wp-json\/wp\/v2\/types\/product"}],"replies":[{"embeddable":true,"href":"https:\/\/sharingan.us\/fr\/wp-json\/wp\/v2\/comments?post=12894"}],"wp:featuredmedia":[{"embeddable":true,"href":"https:\/\/sharingan.us\/fr\/wp-json\/wp\/v2\/media\/12903"}],"wp:attachment":[{"href":"https:\/\/sharingan.us\/fr\/wp-json\/wp\/v2\/media?parent=12894"}],"wp:term":[{"taxonomy":"product_brand","embeddable":true,"href":"https:\/\/sharingan.us\/fr\/wp-json\/wp\/v2\/product_brand?post=12894"},{"taxonomy":"product_cat","embeddable":true,"href":"https:\/\/sharingan.us\/fr\/wp-json\/wp\/v2\/product_cat?post=12894"},{"taxonomy":"product_tag","embeddable":true,"href":"https:\/\/sharingan.us\/fr\/wp-json\/wp\/v2\/product_tag?post=12894"}],"curies":[{"name":"wp","href":"https:\/\/api.w.org\/{rel}","templated":true}]}}