{"id":11841,"date":"2021-12-14T09:11:01","date_gmt":"2021-12-14T13:11:01","guid":{"rendered":"https:\/\/sharingan.us\/?post_type=product&#038;p=11841"},"modified":"2024-10-05T15:34:52","modified_gmt":"2024-10-05T07:34:52","slug":"cape-akatsuki-cosplay-costume","status":"publish","type":"product","link":"https:\/\/sharingan.us\/fr\/cape-akatsuki-cosplay-costume\/","title":{"rendered":"Akatsuki Cloak Long Robe - Akatsuki Cosplay Costume"},"content":{"rendered":"<h2>Costume Cosplay Akatsuki Cloak Long Robe<\/h2>\n<p>Bienvenue sur Sharingan Contacts, o\u00f9 nous vous proposons la s\u00e9rie de costumes Cosplay Akatsuki la plus captivante et la plus authentique : la robe longue Akatsuki Cloak. Cette cape est le choix parfait pour les fans du Sharingan et les amateurs d'anime, vous permettant d'exp\u00e9rimenter la v\u00e9ritable essence d'un membre d'Akatsuki tout en mettant en valeur votre personnalit\u00e9 unique.<\/p>\n<p>Notre robe longue Akatsuki Cloak est fabriqu\u00e9e dans un tissu de haute qualit\u00e9 pour assurer confort et durabilit\u00e9. Elle reproduit parfaitement la tenue de l'organisation Akatsuki, avec le motif embl\u00e9matique des nuages rouges sur un fond noir \u00e9l\u00e9gant. La longueur de la cape ajoute une touche de myst\u00e8re et d'intrigue \u00e0 votre cosplay, ce qui en fait une pi\u00e8ce de choix pour les conventions, les f\u00eates costum\u00e9es ou les \u00e9v\u00e9nements \u00e0 th\u00e8me.<\/p>\n<p>Con\u00e7ue avec le souci du d\u00e9tail, la robe longue Akatsuki Cloak capture l'essence de la c\u00e9l\u00e8bre s\u00e9rie anim\u00e9e sans faire de compromis sur la qualit\u00e9. Elle est confortable et disponible en plusieurs tailles pour s'adapter aux diff\u00e9rentes morphologies. Le design fluide et le tissu l\u00e9ger de la cape facilitent les mouvements et vous permettent d'incarner votre personnage Akatsuki pr\u00e9f\u00e9r\u00e9 avec assurance et style.<\/p>\n<p>Associez la robe longue Akatsuki Cloak \u00e0 nos lentilles de contact Sharingan pour une transformation cosplay ultime. Ces lentilles de contact, inspir\u00e9es de l'\u0153il embl\u00e9matique du Sharingan, ajoutent une couche suppl\u00e9mentaire d'authenticit\u00e9 \u00e0 votre costume. Avec leurs couleurs vives et leurs motifs complexes, elles ne manqueront pas d'impressionner les autres fans et de montrer votre d\u00e9vouement au monde de l'Akatsuki.<\/p>\n<p>Rejoignez les rangs de l'organisation Akatsuki et lib\u00e9rez le ninja qui sommeille en vous avec la robe longue Akatsuki Cloak - Akatsuki Cosplay Costume. Incarnez vos personnages pr\u00e9f\u00e9r\u00e9s et cr\u00e9ez des souvenirs inoubliables gr\u00e2ce \u00e0 ce remarquable ensemble de cosplay. Commandez le v\u00f4tre d\u00e8s aujourd'hui et entrez dans le monde du Sharingan !<\/p>","protected":false},"excerpt":{"rendered":"<p>Costume Cosplay Akatsuki Cloak Long Robe Bienvenue sur Sharingan Contacts, o\u00f9 nous vous proposons la s\u00e9rie de costumes Cosplay Akatsuki la plus captivante et la plus authentique : l'Akatsuki Cloak Long Robe. Cette cape est le choix parfait pour les fans du Sharingan et les amateurs d'anime, vous permettant d'exp\u00e9rimenter la v\u00e9ritable essence d'un membre d'Akatsuki tout en [...]","protected":false},"featured_media":11833,"comment_status":"open","ping_status":"closed","template":"","meta":[],"product_brand":[],"product_cat":[96,838],"product_tag":[480,470],"class_list":{"0":"post-11841","1":"product","2":"type-product","3":"status-publish","4":"has-post-thumbnail","6":"product_cat-cosplay-costume","7":"product_cat-akatsuki-asu","8":"product_tag-akatsuki","9":"product_tag-akatsuki-cloak","11":"first","12":"instock","13":"sale","14":"taxable","15":"shipping-taxable","16":"purchasable","17":"product-type-variable","18":"has-default-attributes"},"_links":{"self":[{"href":"https:\/\/sharingan.us\/fr\/wp-json\/wp\/v2\/product\/11841","targetHints":{"allow":["GET"]}}],"collection":[{"href":"https:\/\/sharingan.us\/fr\/wp-json\/wp\/v2\/product"}],"about":[{"href":"https:\/\/sharingan.us\/fr\/wp-json\/wp\/v2\/types\/product"}],"replies":[{"embeddable":true,"href":"https:\/\/sharingan.us\/fr\/wp-json\/wp\/v2\/comments?post=11841"}],"wp:featuredmedia":[{"embeddable":true,"href":"https:\/\/sharingan.us\/fr\/wp-json\/wp\/v2\/media\/11833"}],"wp:attachment":[{"href":"https:\/\/sharingan.us\/fr\/wp-json\/wp\/v2\/media?parent=11841"}],"wp:term":[{"taxonomy":"product_brand","embeddable":true,"href":"https:\/\/sharingan.us\/fr\/wp-json\/wp\/v2\/product_brand?post=11841"},{"taxonomy":"product_cat","embeddable":true,"href":"https:\/\/sharingan.us\/fr\/wp-json\/wp\/v2\/product_cat?post=11841"},{"taxonomy":"product_tag","embeddable":true,"href":"https:\/\/sharingan.us\/fr\/wp-json\/wp\/v2\/product_tag?post=11841"}],"curies":[{"name":"wp","href":"https:\/\/api.w.org\/{rel}","templated":true}]}}