{"id":7468,"date":"2021-11-28T05:48:27","date_gmt":"2021-11-28T09:48:27","guid":{"rendered":"https:\/\/sharingan.us\/?page_id=7468"},"modified":"2022-10-02T22:20:05","modified_gmt":"2022-10-02T14:20:05","slug":"expedition","status":"publish","type":"page","link":"https:\/\/sharingan.us\/fr\/expedition\/","title":{"rendered":"exp\u00e9dition"},"content":{"rendered":"<h4 data-sanitized-data-mce-fragment=\"1\">Mise \u00e0 jour des services en raison de l'\u00e9pid\u00e9mie de COVID-19<\/h4>\n<p data-sanitized-data-mce-fragment=\"1\"><em data-sanitized-data-mce-fragment=\"1\">Mise \u00e0 jour du 1er octobre 2022<\/em><\/p>\n<p data-sanitized-data-mce-fragment=\"1\">Les mises \u00e0 jour sont mises en \u00e9vidence.<br data-sanitized-data-mce-fragment=\"1\" \/>Au\u00a0<em data-sanitized-data-mce-fragment=\"1\"><strong data-sanitized-data-mce-fragment=\"1\">Contacts Sharingan<\/strong><\/em>Nous sommes toujours en train d'\u00e9valuer comment optimiser nos op\u00e9rations pour r\u00e9pondre aux attentes de nos clients.<br data-sanitized-data-mce-fragment=\"1\" \/>Le COVID-19 a perturb\u00e9 les cha\u00eenes d'approvisionnement au niveau mondial et la capacit\u00e9 de fret a\u00e9rien est extr\u00eamement limit\u00e9e. Nous ferons tout notre possible pour offrir \u00e0 nos clients une exp\u00e9rience optimale \u00e0 chaque fois.\u00a0<em data-sanitized-data-mce-fragment=\"1\">Certains colis peuvent n\u00e9cessiter plus de temps pour \u00eatre livr\u00e9s en raison de la disponibilit\u00e9 limit\u00e9e des moyens de transport due \u00e0 l'impact de l'op\u00e9ration COVID-19.<\/em>.<\/p>\n<p data-sanitized-data-mce-fragment=\"1\">Veuillez noter que les informations sont susceptibles d'\u00eatre modifi\u00e9es sans pr\u00e9avis en raison de la nature dynamique de la situation de COVID-19.<\/p>\n<h4 data-sanitized-data-mce-fragment=\"1\">Frais d'exp\u00e9dition<\/h4>\n<p data-sanitized-data-mce-fragment=\"1\">Si l'offre est inf\u00e9rieure \u00e0\u00a0<em data-sanitized-data-mce-fragment=\"1\"><strong data-sanitized-data-mce-fragment=\"1\">$15<\/strong><\/em>, les frais d'exp\u00e9dition s'\u00e9l\u00e8vent \u00e0\u00a0<em data-sanitized-data-mce-fragment=\"1\"><strong data-sanitized-data-mce-fragment=\"1\">$5.99<\/strong><\/em>\u00a0sera factur\u00e9. Plus de <em data-sanitized-data-mce-fragment=\"1\"><strong data-sanitized-data-mce-fragment=\"1\">$15<\/strong><\/em>,\u00a0<em data-sanitized-data-mce-fragment=\"1\"><strong data-sanitized-data-mce-fragment=\"1\">livraison gratuite<\/strong><\/em>\u00a0seront appr\u00e9ci\u00e9s.<\/p>\n<h4 data-sanitized-data-mce-fragment=\"1\">Calendrier d'exp\u00e9dition<\/h4>\n<p data-sanitized-data-mce-fragment=\"1\">Vous recevrez un e-mail d'alerte dans votre bo\u00eete aux lettres une fois le colis livr\u00e9. Le num\u00e9ro de suivi figurant \u00e0 l'int\u00e9rieur permet de suivre l'\u00e9tat d'avancement du colis. Dans la plupart des pays ou \u00e0 l'endroit o\u00f9 vous vous trouvez, le d\u00e9lai de livraison est normalement de\u00a0<strong>7<\/strong><strong data-sanitized-data-mce-fragment=\"1\">\u00a0\u00e0 20<\/strong>\u00a0jours naturels pour l'arriv\u00e9e du colis.<\/p>\n<table border=\"1\" data-sanitized-data-mce-fragment=\"1\">\n<tbody data-sanitized-data-mce-fragment=\"1\">\n<tr data-sanitized-data-mce-fragment=\"1\">\n<th data-sanitized-data-mce-fragment=\"1\">Pays<\/th>\n<th data-sanitized-data-mce-fragment=\"1\">D\u00e9lai de livraison (jours naturels)<\/th>\n<\/tr>\n<tr data-sanitized-data-mce-fragment=\"1\">\n<td data-sanitized-data-mce-fragment=\"1\">\u00a0 France, Allemagne, Royaume-Uni, Pays-Bas<\/td>\n<td data-sanitized-data-mce-fragment=\"1\">\u00a0 7-14 jours<\/td>\n<\/tr>\n<tr data-sanitized-data-mce-fragment=\"1\">\n<td data-sanitized-data-mce-fragment=\"1\">\u00a0 \u00c9tats-Unis, Canada, Norv\u00e8ge, Espagne, Su\u00e8de, Belgique, Suisse, Danemark<\/td>\n<td data-sanitized-data-mce-fragment=\"1\">\u00a0 7-12 jours<\/td>\n<\/tr>\n<tr data-sanitized-data-mce-fragment=\"1\">\n<td data-sanitized-data-mce-fragment=\"1\">\u00a0Finlande, Gr\u00e8ce, Italie, Hongrie<\/td>\n<td data-sanitized-data-mce-fragment=\"1\">\u00a0 9-20 jours<\/td>\n<\/tr>\n<tr data-sanitized-data-mce-fragment=\"1\">\n<td data-sanitized-data-mce-fragment=\"1\">\u00a0 DHL Express (dans des conditions normales) La plupart des pays sous 10 jours.<br data-sanitized-data-mce-fragment=\"1\" \/>Veuillez contacter notre service client\u00e8le si vous souhaitez utiliser DHL Express !<\/td>\n<td><\/td>\n<\/tr>\n<\/tbody>\n<\/table>","protected":false},"excerpt":{"rendered":"<p>Mise \u00e0 jour des services suite \u00e0 l'\u00e9pid\u00e9mie de COVID-19 Mise \u00e0 jour 1er octobre 2022 Les mises \u00e0 jour sont surlign\u00e9es.Chez Sharingan Contacts, nous \u00e9valuons toujours comment optimiser nos op\u00e9rations pour r\u00e9pondre aux attentes de nos clients.COVID-19 a perturb\u00e9 les cha\u00eenes d'approvisionnement au niveau mondial, et la capacit\u00e9 de fret a\u00e9rien est extr\u00eamement limit\u00e9e. nous ferons de notre mieux pour offrir la meilleure exp\u00e9rience client \u00e0 chaque [...]","protected":false},"author":1,"featured_media":0,"parent":0,"menu_order":0,"comment_status":"closed","ping_status":"closed","template":"","meta":{"footnotes":""},"class_list":["post-7468","page","type-page","status-publish","hentry"],"_links":{"self":[{"href":"https:\/\/sharingan.us\/fr\/wp-json\/wp\/v2\/pages\/7468","targetHints":{"allow":["GET"]}}],"collection":[{"href":"https:\/\/sharingan.us\/fr\/wp-json\/wp\/v2\/pages"}],"about":[{"href":"https:\/\/sharingan.us\/fr\/wp-json\/wp\/v2\/types\/page"}],"author":[{"embeddable":true,"href":"https:\/\/sharingan.us\/fr\/wp-json\/wp\/v2\/users\/1"}],"replies":[{"embeddable":true,"href":"https:\/\/sharingan.us\/fr\/wp-json\/wp\/v2\/comments?post=7468"}],"version-history":[{"count":0,"href":"https:\/\/sharingan.us\/fr\/wp-json\/wp\/v2\/pages\/7468\/revisions"}],"wp:attachment":[{"href":"https:\/\/sharingan.us\/fr\/wp-json\/wp\/v2\/media?parent=7468"}],"curies":[{"name":"wp","href":"https:\/\/api.w.org\/{rel}","templated":true}]}}