{"id":414,"date":"2025-02-09T12:10:08","date_gmt":"2025-02-09T04:10:08","guid":{"rendered":"https:\/\/sharingan.us\/contact-us-2\/"},"modified":"2025-02-09T12:10:08","modified_gmt":"2025-02-09T04:10:08","slug":"nous-contacter-2","status":"publish","type":"page","link":"https:\/\/sharingan.us\/fr\/nous-contacter-2\/","title":{"rendered":"Nous contacter"},"content":{"rendered":"<h1>Nous contacter<\/h1>\n<h5>Vous avez des questions ?<\/h5>\n<h2>Nous sommes l\u00e0 pour vous aider.<\/h2>\n<h3>\n\t\t\t\t\t\tVente<br \/>\n\t\t\t\t<\/h3>\n<p>\n\t\t\t\t\t\tVestibulum ante ipsum primis in faucibus orci luctus.\t\t\t\t\t<\/p>\n<h5>1800 123 4567<\/h5>\n<h3>\n\t\t\t\t\t\tPlaintes<br \/>\n\t\t\t\t<\/h3>\n<p>\n\t\t\t\t\t\tVestibulum ante ipsum primis in faucibus orci luctus.\t\t\t\t\t<\/p>\n<h5>1900 223 8899<\/h5>\n<h3>\n\t\t\t\t\t\tRetours<br \/>\n\t\t\t\t<\/h3>\n<p>\n\t\t\t\t\t\tVestibulum ante ipsum primis in faucibus orci luctus.\t\t\t\t\t<\/p>\n<h5>returns@mail.com<\/h5>\n<h3>\n\t\t\t\t\t\tMarketing<br \/>\n\t\t\t\t<\/h3>\n<p>\n\t\t\t\t\t\tVestibulum ante ipsum primis in faucibus orci luctus.\t\t\t\t\t<\/p>\n<h5>1700 444 5578<\/h5>\n<h6>Ne soyez pas un \u00e9tranger !<\/h6>\n<h2>Vous nous le dites. Nous \u00e9coutons.<\/h2>\n<p>Cras elementum finibus lacus nec lacinia. Les enfants n'ont pas eu le temps de s'habiller, mais ils ont eu le temps de s'occuper d'eux. Les deux parties se sont mises d'accord sur le fait qu'il \u00e9tait n\u00e9cessaire d'avoir un syst\u00e8me de contr\u00f4le de la qualit\u00e9 et de la s\u00e9curit\u00e9.<\/p>","protected":false},"excerpt":{"rendered":"<p>Nous contacter Vous avez des questions ? Nous sommes l\u00e0 pour vous aider. Ventes Vestibulum ante ipsum primis in faucibus orci luctus. 1800 123 4567 R\u00e9clamations Vestibulum ante ipsum primis in faucibus orci luctus. 1900 223 8899 Retours Vestibulum ante ipsum primis in faucibus orci luctus. returns@mail.com Marketing Vestibulum ante ipsum primis in faucibus orci luctus. 1700 444 5578 [...]","protected":false},"author":1,"featured_media":0,"parent":0,"menu_order":0,"comment_status":"closed","ping_status":"closed","template":"","meta":{"footnotes":""},"class_list":["post-414","page","type-page","status-publish","hentry"],"_links":{"self":[{"href":"https:\/\/sharingan.us\/fr\/wp-json\/wp\/v2\/pages\/414","targetHints":{"allow":["GET"]}}],"collection":[{"href":"https:\/\/sharingan.us\/fr\/wp-json\/wp\/v2\/pages"}],"about":[{"href":"https:\/\/sharingan.us\/fr\/wp-json\/wp\/v2\/types\/page"}],"author":[{"embeddable":true,"href":"https:\/\/sharingan.us\/fr\/wp-json\/wp\/v2\/users\/1"}],"replies":[{"embeddable":true,"href":"https:\/\/sharingan.us\/fr\/wp-json\/wp\/v2\/comments?post=414"}],"version-history":[{"count":0,"href":"https:\/\/sharingan.us\/fr\/wp-json\/wp\/v2\/pages\/414\/revisions"}],"wp:attachment":[{"href":"https:\/\/sharingan.us\/fr\/wp-json\/wp\/v2\/media?parent=414"}],"curies":[{"name":"wp","href":"https:\/\/api.w.org\/{rel}","templated":true}]}}