{"id":3,"date":"2021-11-18T01:42:51","date_gmt":"2021-11-18T01:42:51","guid":{"rendered":"http:\/\/sharingan.us\/?page_id=3"},"modified":"2021-11-28T05:46:58","modified_gmt":"2021-11-28T09:46:58","slug":"politique-de-confidentialite","status":"publish","type":"page","link":"https:\/\/sharingan.us\/fr\/politique-de-confidentialite\/","title":{"rendered":"Politique de confidentialit\u00e9"},"content":{"rendered":"<p>La pr\u00e9sente politique de protection de la vie priv\u00e9e d\u00e9crit comment\u00a0<em><strong>sharingan.us<\/strong><\/em>\u00a0(le \"Site\" ou \"nous\") recueille, utilise et divulgue vos informations personnelles lorsque vous visitez ou effectuez un achat sur le Site.<\/p>\n<h4 class=\"wp-block-heading\">Collecte d'informations personnelles<\/h4>\n<p>Lorsque vous visitez le site, nous recueillons certaines informations sur votre appareil, votre interaction avec le site et les informations n\u00e9cessaires au traitement de vos achats. Nous pouvons \u00e9galement recueillir des informations suppl\u00e9mentaires si vous nous contactez pour une assistance \u00e0 la client\u00e8le. Dans la pr\u00e9sente politique de confidentialit\u00e9, nous d\u00e9signons par \"informations personnelles\" toute information permettant d'identifier une personne de mani\u00e8re unique (y compris les informations ci-dessous). Voir la liste ci-dessous pour plus d'informations sur les informations personnelles que nous collectons et pourquoi.<\/p>\n<h4>Informations sur l'appareil<\/h4>\n<ul>\n<li><strong>Exemples d'informations personnelles collect\u00e9es :<\/strong>\u00a0la version du navigateur web, l'adresse IP, le fuseau horaire, les informations sur les cookies, les sites ou les produits que vous consultez, les termes de recherche et la mani\u00e8re dont vous interagissez avec le site.<\/li>\n<li><strong>Objectif de la collecte :<\/strong>\u00a0pour charger le site avec pr\u00e9cision et pour effectuer des analyses sur l'utilisation du site afin de l'optimiser.<\/li>\n<li><strong>Source de la collection :<\/strong>\u00a0Collect\u00e9es automatiquement lorsque vous acc\u00e9dez \u00e0 notre site \u00e0 l'aide de cookies, de fichiers journaux, de balises web, de tags ou de pixels Facebook.<\/li>\n<\/ul>\n<h4>Informations sur les commandes<\/h4>\n<ul>\n<li><strong>Exemples d'informations personnelles collect\u00e9es :<\/strong>\u00a0nom, adresse de facturation, adresse de livraison, informations de paiement (y compris les num\u00e9ros de carte de cr\u00e9dit), adresse \u00e9lectronique et num\u00e9ro de t\u00e9l\u00e9phone.<\/li>\n<li><strong>Objectif de la collecte :<\/strong>\u00a0pour vous fournir des produits ou des services afin d'ex\u00e9cuter notre contrat, pour traiter vos informations de paiement, organiser l'exp\u00e9dition et vous fournir des factures et\/ou des confirmations de commande, pour communiquer avec vous, pour examiner nos commandes afin de d\u00e9tecter tout risque potentiel ou toute fraude et, lorsque cela correspond aux pr\u00e9f\u00e9rences que vous avez partag\u00e9es avec nous, pour vous fournir des informations ou de la publicit\u00e9 concernant nos produits ou services.<\/li>\n<li><strong>Source de la collection :<\/strong>\u00a0recueillies aupr\u00e8s de vous.<\/li>\n<\/ul>\n<h4>Informations sur l'assistance \u00e0 la client\u00e8le<\/h4>\n<ul>\n<li><strong>Exemples d'informations personnelles collect\u00e9es :<\/strong>\u00a0<i>email, nom, contenu du courrier.<\/i><\/li>\n<li><strong>Objectif de la collecte :<\/strong>\u00a0pour fournir une assistance \u00e0 la client\u00e8le.<\/li>\n<li><strong>Source de la collection :<\/strong>\u00a0recueillies aupr\u00e8s de vous.<\/li>\n<\/ul>\n<p>&nbsp;<\/p>\n<h4>Mineurs<\/h4>\n<p>Le site n'est pas destin\u00e9 aux personnes \u00e2g\u00e9es de moins de\u00a0<i>12<\/i>. Nous ne collectons pas intentionnellement d'informations personnelles aupr\u00e8s des enfants. Si vous \u00eates le parent ou le tuteur et que vous pensez que votre enfant nous a fourni des informations personnelles, veuillez nous contacter \u00e0 l'adresse ci-dessous pour en demander la suppression.<\/p>\n<h4>Partage des informations personnelles<\/h4>\n<p>Nous partageons vos informations personnelles avec des prestataires de services pour nous aider \u00e0 fournir nos services et \u00e0 remplir nos contrats avec vous, comme d\u00e9crit ci-dessus. Par exemple :<\/p>\n<ul>\n<li>Nous utilisons Shopify pour notre boutique en ligne. Vous pouvez en savoir plus sur la fa\u00e7on dont Shopify utilise vos informations personnelles ici :\u00a0<a href=\"https:\/\/www.shopify.com\/legal\/privacy\" data-sanitized-target=\"_blank\" rel=\"nofollow noopener\" target=\"_blank\">https:\/\/www.shopify.com\/legal\/privacy<\/a>.<\/li>\n<li>Nous pouvons partager vos informations personnelles pour nous conformer aux lois et r\u00e9glementations applicables, pour r\u00e9pondre \u00e0 une citation \u00e0 compara\u00eetre, \u00e0 un mandat de recherche ou \u00e0 toute autre demande l\u00e9gale d'informations que nous recevons, ou pour prot\u00e9ger nos droits de toute autre mani\u00e8re.<\/li>\n<\/ul>\n<h4>Publicit\u00e9 comportementale<\/h4>\n<p>Comme d\u00e9crit ci-dessus, nous utilisons vos informations personnelles pour vous fournir des publicit\u00e9s cibl\u00e9es ou des communications marketing que nous pensons susceptibles de vous int\u00e9resser. Par exemple :<\/p>\n<ul>\n<li>Nous utilisons Google Analytics pour nous aider \u00e0 comprendre comment nos clients utilisent le site. Pour en savoir plus sur l'utilisation de vos informations personnelles par Google, cliquez ici :\u00a0<a href=\"https:\/\/policies.google.com\/privacy?hl=en\" data-sanitized-target=\"_blank\" rel=\"nofollow noopener\" target=\"_blank\">https:\/\/policies.google.com\/privacy?hl=en<\/a>Vous pouvez \u00e9galement d\u00e9sactiver Google Analytics ici :\u00a0<a href=\"https:\/\/tools.google.com\/dlpage\/gaoptout\" data-sanitized-target=\"_blank\" rel=\"nofollow noopener\" target=\"_blank\">https:\/\/tools.google.com\/dlpage\/gaoptout<\/a>.<\/li>\n<li>Nous partageons avec nos partenaires publicitaires des informations sur votre utilisation du site, vos achats et votre interaction avec nos publicit\u00e9s sur d'autres sites web. Nous collectons et partageons certaines de ces informations directement avec nos partenaires publicitaires et, dans certains cas, par le biais de cookies ou d'autres technologies similaires (auxquelles vous pouvez consentir, en fonction de votre localisation).<\/li>\n<\/ul>\n<p>Pour plus d'informations sur le fonctionnement de la publicit\u00e9 cibl\u00e9e, vous pouvez consulter la page \u00e9ducative de la Network Advertising Initiative (\"NAI\") \u00e0 l'adresse suivante\u00a0<a href=\"http:\/\/www.networkadvertising.org\/understanding-online-advertising\/how-does-it-work\" data-sanitized-target=\"_blank\" rel=\"nofollow noopener\" target=\"_blank\">http:\/\/www.networkadvertising.org\/understanding-online-advertising\/how-does-it-work<\/a>.<\/p>\n<p>Vous pouvez vous opposer \u00e0 la publicit\u00e9 cibl\u00e9e en proc\u00e9dant comme suit :<\/p>\n<ul>\n<li><i>FACEBOOK -\u00a0<\/i><a href=\"https:\/\/www.facebook.com\/settings\/?tab=ads\" data-sanitized-target=\"_blank\" rel=\"nofollow noopener\" target=\"_blank\">https:\/\/www.facebook.com\/settings\/?tab=ads<\/a><\/li>\n<li><i>GOOGLE -\u00a0<\/i><a href=\"https:\/\/www.google.com\/settings\/ads\/anonymous\" data-sanitized-target=\"_blank\" rel=\"nofollow noopener\" target=\"_blank\">https:\/\/www.google.com\/settings\/ads\/anonymous<\/a><\/li>\n<li><i>BING -\u00a0<\/i><a href=\"https:\/\/advertise.bingads.microsoft.com\/en-us\/resources\/policies\/personalized-ads\" data-sanitized-target=\"_blank\" rel=\"nofollow noopener\" target=\"_blank\">https:\/\/advertise.bingads.microsoft.com\/en-us\/resources\/policies\/personalized-ads<\/a><i>]<\/i><\/li>\n<\/ul>\n<p>En outre, vous pouvez refuser certains de ces services en visitant le portail de d\u00e9sactivation de la Digital Advertising Alliance (Alliance pour la publicit\u00e9 num\u00e9rique) \u00e0 l'adresse suivante\u00a0<a href=\"http:\/\/optout.aboutads.info\/\" data-sanitized-target=\"_blank\" rel=\"nofollow noopener\" target=\"_blank\">http:\/\/optout.aboutads.info\/<\/a>.<\/p>\n<h4>Utilisation des informations personnelles<\/h4>\n<p>Nous utilisons vos informations personnelles pour vous fournir nos services, ce qui inclut : la mise en vente de produits, le traitement des paiements, l'exp\u00e9dition et l'ex\u00e9cution de votre commande, et la mise \u00e0 jour de nos nouveaux produits, services et offres.<\/p>\n<h4>Base juridique<\/h4>\n<p>Conform\u00e9ment au r\u00e8glement g\u00e9n\u00e9ral sur la protection des donn\u00e9es (\"RGPD\"), si vous \u00eates un r\u00e9sident de l'Espace \u00e9conomique europ\u00e9en (\"EEE\"), nous traitons vos informations personnelles sur les bases l\u00e9gales suivantes :<\/p>\n<ul>\n<li>Votre consentement ;<\/li>\n<li>l'ex\u00e9cution du contrat entre vous et le site ;<\/li>\n<li>Respect de nos obligations l\u00e9gales ;<\/li>\n<li>Prot\u00e9ger vos int\u00e9r\u00eats vitaux ;<\/li>\n<li>Ex\u00e9cuter une t\u00e2che dans l'int\u00e9r\u00eat public ;<\/li>\n<li>Pour nos int\u00e9r\u00eats l\u00e9gitimes, qui ne pr\u00e9valent pas sur vos droits et libert\u00e9s fondamentaux.<\/li>\n<\/ul>\n<h4>R\u00e9tention<\/h4>\n<p>Lorsque vous passez une commande sur le site, nous conservons vos informations personnelles dans nos dossiers, \u00e0 moins que vous ne nous demandiez de les effacer. Pour plus d'informations sur votre droit d'effacement, veuillez consulter la section \"Vos droits\" ci-dessous.<\/p>\n<h4>Prise de d\u00e9cision automatique<\/h4>\n<p>Si vous r\u00e9sidez dans l'EEE, vous avez le droit de vous opposer \u00e0 un traitement fond\u00e9 uniquement sur une prise de d\u00e9cision automatis\u00e9e (qui inclut le profilage), lorsque cette prise de d\u00e9cision a un effet juridique sur vous ou vous affecte de mani\u00e8re significative.<\/p>\n<p>Nous\u00a0<i>DO\u00a0<\/i>prendre des d\u00e9cisions enti\u00e8rement automatis\u00e9es qui ont un effet juridique ou autrement significatif en utilisant les donn\u00e9es des clients.<\/p>\n<p>Notre sous-traitant Shopify utilise une prise de d\u00e9cision automatis\u00e9e limit\u00e9e pour pr\u00e9venir la fraude qui n'a pas d'effet juridique ou d'autre effet significatif sur vous.<\/p>\n<p>Les services qui comprennent des \u00e9l\u00e9ments de prise de d\u00e9cision automatis\u00e9e sont les suivants<\/p>\n<ul>\n<li>Liste temporaire d'adresses IP associ\u00e9es \u00e0 des \u00e9checs r\u00e9p\u00e9t\u00e9s de transactions. Cette liste est conserv\u00e9e pendant un petit nombre d'heures.<\/li>\n<li>Liste temporaire des cartes de cr\u00e9dit associ\u00e9es aux adresses IP refus\u00e9es. Cette liste persiste pendant un petit nombre de jours.<\/li>\n<\/ul>\n<h4><i><\/i>Vente d'informations personnelles<\/h4>\n<p>Notre site vend des informations personnelles, telles que d\u00e9finies par la loi californienne de 2018 sur la protection de la vie priv\u00e9e des consommateurs (\"CCPA\").<\/p>\n<h4>\u00a0<\/h4>\n<h4>GDPR<\/h4>\n<p>Si vous r\u00e9sidez dans l'EEE, vous avez le droit d'acc\u00e9der aux informations personnelles que nous d\u00e9tenons \u00e0 votre sujet, de les porter \u00e0 un nouveau service et de demander que vos informations personnelles soient corrig\u00e9es, mises \u00e0 jour ou effac\u00e9es. Si vous souhaitez exercer ces droits, veuillez nous contacter aux coordonn\u00e9es ci-dessous.<\/p>\n<p>Vos informations personnelles seront d'abord trait\u00e9es en Irlande, puis transf\u00e9r\u00e9es en dehors de l'Europe pour y \u00eatre stock\u00e9es et trait\u00e9es ult\u00e9rieurement, notamment au Canada et aux \u00c9tats-Unis. Pour plus d'informations sur la conformit\u00e9 des transferts de donn\u00e9es avec le GDPR, consultez le livre blanc GDPR de Shopify :\u00a0<a href=\"https:\/\/help.shopify.com\/en\/manual\/your-account\/privacy\/GDPR\" data-sanitized-target=\"_blank\" rel=\"nofollow noopener\" target=\"_blank\">https:\/\/help.shopify.com\/en\/manual\/your-account\/privacy\/GDPR<\/a>.<\/p>\n<h4>CCPA<\/h4>\n<p>Si vous r\u00e9sidez en Californie, vous avez le droit d'acc\u00e9der aux informations personnelles que nous d\u00e9tenons \u00e0 votre sujet (\u00e9galement connu sous le nom de \"droit de savoir\"), de les porter \u00e0 un nouveau service et de demander que vos informations personnelles soient corrig\u00e9es, mises \u00e0 jour ou effac\u00e9es. Si vous souhaitez exercer ces droits, veuillez nous contacter aux coordonn\u00e9es ci-dessous.<\/p>\n<p>Si vous souhaitez d\u00e9signer un agent autoris\u00e9 \u00e0 soumettre ces demandes en votre nom, veuillez nous contacter \u00e0 l'adresse ci-dessous.<\/p>\n<h4>Cookies<\/h4>\n<p>Un cookie est une petite quantit\u00e9 d'informations qui est t\u00e9l\u00e9charg\u00e9e sur votre ordinateur ou votre appareil lorsque vous visitez notre site. Nous utilisons un certain nombre de cookies diff\u00e9rents, notamment des cookies fonctionnels, de performance, de publicit\u00e9, de m\u00e9dias sociaux ou de contenu. Les cookies am\u00e9liorent votre exp\u00e9rience de navigation en permettant au site web de se souvenir de vos actions et de vos pr\u00e9f\u00e9rences (telles que la connexion et le choix de la r\u00e9gion). Cela signifie que vous n'avez pas \u00e0 saisir ces informations \u00e0 chaque fois que vous revenez sur le site ou que vous naviguez d'une page \u00e0 l'autre. Les cookies fournissent \u00e9galement des informations sur la mani\u00e8re dont les internautes utilisent le site web, par exemple s'il s'agit de leur premi\u00e8re visite ou s'ils sont des visiteurs fr\u00e9quents.<\/p>\n<p>Nous utilisons les cookies suivants pour optimiser votre exp\u00e9rience sur notre site et fournir nos services.<\/p>\n<h4>\u00a0<\/h4>\n<h4>Cookies n\u00e9cessaires au fonctionnement du magasin<\/h4>\n<table>\n<thead>\n<tr>\n<th><strong>Nom<\/strong><\/th>\n<th><strong>Fonction<\/strong><\/th>\n<\/tr>\n<\/thead>\n<tbody>\n<tr>\n<td><i>Il n'y a pas d'autre solution que de faire appel \u00e0 l'aide de l'\u00c9tat.<\/i><\/td>\n<td>Utilis\u00e9 dans le cadre de l'acc\u00e8s \u00e0 l'administration.<\/td>\n<\/tr>\n<tr>\n<td><i>Id_de_session_s\u00e9curis\u00e9e<\/i><\/td>\n<td>Utilis\u00e9 dans le cadre de la navigation dans une vitrine.<\/td>\n<\/tr>\n<tr>\n<td><i>chariot<\/i><\/td>\n<td>Utilis\u00e9 en relation avec le panier d'achat.<\/td>\n<\/tr>\n<tr>\n<td><i>cart_sig<\/i><\/td>\n<td>Utilis\u00e9 en relation avec la caisse.<\/td>\n<\/tr>\n<tr>\n<td><i>cart_ts<\/i><\/td>\n<td>Utilis\u00e9 en relation avec la caisse.<\/td>\n<\/tr>\n<tr>\n<td><i>checkout_token<\/i><\/td>\n<td>Utilis\u00e9 en relation avec la caisse.<\/td>\n<\/tr>\n<tr>\n<td><i>secret<\/i><\/td>\n<td>Utilis\u00e9 en relation avec la caisse.<\/td>\n<\/tr>\n<tr>\n<td><i>s\u00e9curiser_customer_sig<\/i><\/td>\n<td>Utilis\u00e9 dans le cadre de la connexion des clients.<\/td>\n<\/tr>\n<tr>\n<td><i>storefront_digest<\/i><\/td>\n<td>Utilis\u00e9 dans le cadre de la connexion des clients.<\/td>\n<\/tr>\n<tr>\n<td><i>shopify_u<\/i><\/td>\n<td>Utilis\u00e9 pour faciliter la mise \u00e0 jour des informations relatives au compte du client.<\/td>\n<\/tr>\n<\/tbody>\n<\/table>\n<p>&nbsp;<\/p>\n<p><i><\/i>La dur\u00e9e pendant laquelle un cookie reste sur votre ordinateur ou votre appareil mobile varie selon qu'il s'agit d'un cookie \"persistant\" ou d'un cookie \"de session\". Les cookies de session durent jusqu'\u00e0 ce que vous arr\u00eatiez de naviguer et les cookies persistants durent jusqu'\u00e0 ce qu'ils expirent ou soient supprim\u00e9s. La plupart des cookies que nous utilisons sont persistants et expirent entre 30 minutes et deux ans \u00e0 compter de la date \u00e0 laquelle ils ont \u00e9t\u00e9 t\u00e9l\u00e9charg\u00e9s sur votre appareil.<\/p>\n<p>Vous pouvez contr\u00f4ler et g\u00e9rer les cookies de diff\u00e9rentes mani\u00e8res. N'oubliez pas que la suppression ou le blocage des cookies peut avoir un impact n\u00e9gatif sur votre exp\u00e9rience d'utilisateur et que certaines parties de notre site web peuvent ne plus \u00eatre enti\u00e8rement accessibles.<\/p>\n<p>La plupart des navigateurs acceptent automatiquement les cookies, mais vous pouvez choisir d'accepter ou non les cookies par le biais des contr\u00f4les de votre navigateur, qui se trouvent souvent dans le menu \"Outils\" ou \"Pr\u00e9f\u00e9rences\" de votre navigateur. Pour plus d'informations sur la mani\u00e8re de modifier les param\u00e8tres de votre navigateur ou de bloquer, g\u00e9rer ou filtrer les cookies, vous pouvez consulter le fichier d'aide de votre navigateur ou des sites tels que\u00a0<a href=\"https:\/\/www.allaboutcookies.org\" data-sanitized-target=\"_blank\" rel=\"nofollow noopener\" target=\"_blank\">www.allaboutcookies.org<\/a>.<\/p>\n<p>En outre, veuillez noter que le blocage des cookies peut ne pas emp\u00eacher compl\u00e8tement la fa\u00e7on dont nous partageons des informations avec des tiers tels que nos partenaires publicitaires. Pour exercer vos droits ou refuser certaines utilisations de vos informations par ces parties, veuillez suivre les instructions de la section \"Publicit\u00e9 comportementale\" ci-dessus.<\/p>\n<h4>Ne pas suivre<\/h4>\n<p>Veuillez noter qu'\u00e9tant donn\u00e9 qu'il n'existe pas de consensus dans le secteur sur la mani\u00e8re de r\u00e9pondre aux signaux \"Do Not Track\", nous ne modifions pas nos pratiques de collecte et d'utilisation des donn\u00e9es lorsque nous d\u00e9tectons un tel signal de la part de votre navigateur.<\/p>\n<h4>Changements<\/h4>\n<p>Nous pouvons mettre \u00e0 jour la pr\u00e9sente politique de confidentialit\u00e9 de temps \u00e0 autre afin de refl\u00e9ter, par exemple, les changements apport\u00e9s \u00e0 nos pratiques ou pour d'autres raisons op\u00e9rationnelles, juridiques ou r\u00e9glementaires.<\/p>\n<h4>Contact<\/h4>\n<p>Pour plus d'informations sur nos pratiques en mati\u00e8re de protection de la vie priv\u00e9e, si vous avez des questions ou si vous souhaitez d\u00e9poser une plainte, veuillez nous contacter par courrier \u00e9lectronique \u00e0 l'adresse suivante\u00a0<em><strong><a href=\"mailto:service@sharingan.us\">service@sharingan.us<\/a><\/strong><\/em><\/p>\n<h2><i>Derni\u00e8re mise \u00e0 jour : [2021.08.22]<\/i><\/h2>\n<p>Si vous n'\u00eates pas satisfait de notre r\u00e9ponse \u00e0 votre plainte, vous avez le droit de d\u00e9poser votre plainte aupr\u00e8s de l'autorit\u00e9 comp\u00e9tente en mati\u00e8re de protection des donn\u00e9es.\u00a0<\/p>","protected":false},"excerpt":{"rendered":"<p>Cette politique de confidentialit\u00e9 d\u00e9crit comment sharingan.us (le \"site\" ou \"nous\") recueille, utilise et divulgue vos informations personnelles lorsque vous visitez ou effectuez un achat sur le site. Collecte des informations personnelles Lorsque vous visitez le site, nous recueillons certaines informations sur votre appareil, votre interaction avec le site et les informations n\u00e9cessaires au traitement de vos achats. Nous pouvons \u00e9galement [...]","protected":false},"author":1,"featured_media":0,"parent":0,"menu_order":0,"comment_status":"closed","ping_status":"open","template":"","meta":{"footnotes":""},"class_list":["post-3","page","type-page","status-publish","hentry"],"_links":{"self":[{"href":"https:\/\/sharingan.us\/fr\/wp-json\/wp\/v2\/pages\/3","targetHints":{"allow":["GET"]}}],"collection":[{"href":"https:\/\/sharingan.us\/fr\/wp-json\/wp\/v2\/pages"}],"about":[{"href":"https:\/\/sharingan.us\/fr\/wp-json\/wp\/v2\/types\/page"}],"author":[{"embeddable":true,"href":"https:\/\/sharingan.us\/fr\/wp-json\/wp\/v2\/users\/1"}],"replies":[{"embeddable":true,"href":"https:\/\/sharingan.us\/fr\/wp-json\/wp\/v2\/comments?post=3"}],"version-history":[{"count":0,"href":"https:\/\/sharingan.us\/fr\/wp-json\/wp\/v2\/pages\/3\/revisions"}],"wp:attachment":[{"href":"https:\/\/sharingan.us\/fr\/wp-json\/wp\/v2\/media?parent=3"}],"curies":[{"name":"wp","href":"https:\/\/api.w.org\/{rel}","templated":true}]}}