{"id":19832,"date":"2025-02-09T12:09:17","date_gmt":"2025-02-09T04:09:17","guid":{"rendered":"https:\/\/sharingan.us\/home\/"},"modified":"2025-02-09T12:17:50","modified_gmt":"2025-02-09T04:17:50","slug":"domicile","status":"publish","type":"page","link":"https:\/\/sharingan.us\/fr\/domicile\/","title":{"rendered":"Accueil"},"content":{"rendered":"<h1>Offres de pluie pour un \u00e9t\u00e9 chaud !<\/h1>\n<h3>25% R\u00e9duction sur tous les produits<\/h3>\n<p>\t\t\t\t\t<a href=\"#\"><br \/>\n\t\t\t\t\t\t\t\t\tEn savoir plus<br \/>\n\t\t\t\t\t<\/a><br \/>\n\t\t\t\t\t<a href=\"#\"><br \/>\n\t\t\t\t\t\t\t\t\tAcheter<br \/>\n\t\t\t\t\t<\/a><\/p>\n<h2>Produits vedettes<\/h2>\n<h4>Offre limit\u00e9e dans le temps<\/h4>\n<h2>\u00c9dition sp\u00e9ciale<\/h2>\n<p>Lorem ipsum dolor sit amet, consectetur adipiscing elit. Ut elit tellus, luctus nec ullamcorper mattis, pulvinar dapibus leo.<\/p>\n<h4>Achetez ce T-shirt chez 20% Discount, utilisez le code OFF20<\/h4>\n<p>\t\t\t\t\t<a href=\"#\"><br \/>\n\t\t\t\t\t\t\t\t\tAcheter<br \/>\n\t\t\t\t\t<\/a><\/p>\n<figure><img decoding=\"async\" width=\"120\" height=\"120\" data-src=\"https:\/\/sharingan.us\/wp-content\/uploads\/2018\/12\/globe-free-img.png\" alt=\"\" title=\"\" src=\"data:image\/svg+xml;base64,PHN2ZyB3aWR0aD0iMSIgaGVpZ2h0PSIxIiB4bWxucz0iaHR0cDovL3d3dy53My5vcmcvMjAwMC9zdmciPjwvc3ZnPg==\" class=\"lazyload\" style=\"--smush-placeholder-width: 120px; --smush-placeholder-aspect-ratio: 120\/120;\"><\/figure>\n<h5>Exp\u00e9dition dans le monde entier<\/h5>\n<p>It elit tellus, luctus nec ullamcorper mattis, pulvinar dapibus leo.<\/p>\n<figure><img decoding=\"async\" width=\"120\" height=\"120\" data-src=\"https:\/\/sharingan.us\/wp-content\/uploads\/2018\/12\/quality-free-img.png\" alt=\"\" title=\"\" src=\"data:image\/svg+xml;base64,PHN2ZyB3aWR0aD0iMSIgaGVpZ2h0PSIxIiB4bWxucz0iaHR0cDovL3d3dy53My5vcmcvMjAwMC9zdmciPjwvc3ZnPg==\" class=\"lazyload\" style=\"--smush-placeholder-width: 120px; --smush-placeholder-aspect-ratio: 120\/120;\"><\/figure>\n<h5>Meilleure qualit\u00e9<\/h5>\n<p>It elit tellus, luctus nec ullamcorper mattis, pulvinar dapibus leo.<\/p>\n<figure><img decoding=\"async\" width=\"120\" height=\"120\" data-src=\"https:\/\/sharingan.us\/wp-content\/uploads\/2018\/12\/tag-free-img.png\" alt=\"\" title=\"\" src=\"data:image\/svg+xml;base64,PHN2ZyB3aWR0aD0iMSIgaGVpZ2h0PSIxIiB4bWxucz0iaHR0cDovL3d3dy53My5vcmcvMjAwMC9zdmciPjwvc3ZnPg==\" class=\"lazyload\" style=\"--smush-placeholder-width: 120px; --smush-placeholder-aspect-ratio: 120\/120;\"><\/figure>\n<h5>Meilleures offres<\/h5>\n<p>It elit tellus, luctus nec ullamcorper mattis, pulvinar dapibus leo.<\/p>\n<figure><img decoding=\"async\" width=\"120\" height=\"120\" data-src=\"https:\/\/sharingan.us\/wp-content\/uploads\/2018\/12\/lock-free-img.png\" alt=\"\" title=\"\" src=\"data:image\/svg+xml;base64,PHN2ZyB3aWR0aD0iMSIgaGVpZ2h0PSIxIiB4bWxucz0iaHR0cDovL3d3dy53My5vcmcvMjAwMC9zdmciPjwvc3ZnPg==\" class=\"lazyload\" style=\"--smush-placeholder-width: 120px; --smush-placeholder-aspect-ratio: 120\/120;\"><\/figure>\n<h5>Paiements s\u00e9curis\u00e9s<\/h5>\n<p>It elit tellus, luctus nec ullamcorper mattis, pulvinar dapibus leo.<\/p>","protected":false},"excerpt":{"rendered":"<p>Une pluie d'offres pour un \u00e9t\u00e9 chaud ! 25% R\u00e9duction sur tous les produits Find More Shop Now Featured Products Limited Time Offer Special Edition Lorem ipsum dolor sit amet, consectetur adipiscing elit. Ut elit tellus, luctus nec ullamcorper mattis, pulvinar dapibus leo. Buy This T-shirt At 20% Discount, Use Code OFF20 Shop Now Worldwide Shipping It elit tellus, [...]","protected":false},"author":1,"featured_media":0,"parent":0,"menu_order":0,"comment_status":"closed","ping_status":"closed","template":"","meta":{"footnotes":""},"class_list":["post-19832","page","type-page","status-publish","hentry"],"_links":{"self":[{"href":"https:\/\/sharingan.us\/fr\/wp-json\/wp\/v2\/pages\/19832","targetHints":{"allow":["GET"]}}],"collection":[{"href":"https:\/\/sharingan.us\/fr\/wp-json\/wp\/v2\/pages"}],"about":[{"href":"https:\/\/sharingan.us\/fr\/wp-json\/wp\/v2\/types\/page"}],"author":[{"embeddable":true,"href":"https:\/\/sharingan.us\/fr\/wp-json\/wp\/v2\/users\/1"}],"replies":[{"embeddable":true,"href":"https:\/\/sharingan.us\/fr\/wp-json\/wp\/v2\/comments?post=19832"}],"version-history":[{"count":0,"href":"https:\/\/sharingan.us\/fr\/wp-json\/wp\/v2\/pages\/19832\/revisions"}],"wp:attachment":[{"href":"https:\/\/sharingan.us\/fr\/wp-json\/wp\/v2\/media?parent=19832"}],"curies":[{"name":"wp","href":"https:\/\/api.w.org\/{rel}","templated":true}]}}