{"id":1004,"date":"2020-10-09T13:39:05","date_gmt":"2020-10-09T13:39:05","guid":{"rendered":"http:\/\/shoptimizer.local\/?page_id=848"},"modified":"2022-04-07T23:03:17","modified_gmt":"2022-04-08T03:03:17","slug":"a-propos-de","status":"publish","type":"page","link":"https:\/\/sharingan.us\/fr\/a-propos-de\/","title":{"rendered":"A propos de"},"content":{"rendered":"<h1><b><i>A propos de nous <\/i><\/b><\/h1>\n<h3><b><i>Nous sommes n\u00e9s d'un groupe de fans qui souhaitaient fabriquer des lentilles de contact color\u00e9es parfaitement assorties aux personnages d'anime.<\/i><\/b><\/h3>\n<h6>Apr\u00e8s avoir examin\u00e9 les alternatives<\/h6>\n<h2>Notre voyage a commenc\u00e9 en 2015<\/h2>\n<p style=\"text-align: right;\">Nous avons commenc\u00e9 en 2015, et nous sommes constamment \u00e0 la recherche de la meilleure usine de lentilles de contact, en utilisant les pigments les plus respectueux de l'environnement et les plus s\u00fbrs, ainsi que la technologie de teinture en sandwich la plus s\u00fbre disponible. Nous prenons notre travail au s\u00e9rieux !<\/p>\n<p>\t\t\t\t\t\t\t\t\t\t\t\t\t\t\t<img decoding=\"async\" width=\"1000\" height=\"667\" data-src=\"https:\/\/sharingan.us\/wp-content\/uploads\/2021\/11\/20879724.jpg\" alt=\"\" data-srcset=\"https:\/\/sharingan.us\/wp-content\/uploads\/2021\/11\/20879724.jpg 1000w, https:\/\/sharingan.us\/wp-content\/uploads\/2021\/11\/20879724-800x534.jpg 800w, https:\/\/sharingan.us\/wp-content\/uploads\/2021\/11\/20879724-768x512.jpg 768w, https:\/\/sharingan.us\/wp-content\/uploads\/2021\/11\/20879724-990x660.jpg 990w, https:\/\/sharingan.us\/wp-content\/uploads\/2021\/11\/20879724-441x294.jpg 441w, https:\/\/sharingan.us\/wp-content\/uploads\/2021\/11\/20879724-150x100.jpg 150w\" data-sizes=\"auto, (max-width: 360px) 147px, (max-width: 1000px) 100vw, 1000px\" title=\"\" src=\"data:image\/svg+xml;base64,PHN2ZyB3aWR0aD0iMSIgaGVpZ2h0PSIxIiB4bWxucz0iaHR0cDovL3d3dy53My5vcmcvMjAwMC9zdmciPjwvc3ZnPg==\" class=\"lazyload\" style=\"--smush-placeholder-width: 1000px; --smush-placeholder-aspect-ratio: 1000\/667;\"><br \/>\n\t\t\t\t\t\t\t\t\t\t\t\t\t\t\t<img decoding=\"async\" width=\"1000\" height=\"600\" data-src=\"https:\/\/sharingan.us\/wp-content\/uploads\/2021\/11\/dtc.jpg\" alt=\"\" data-srcset=\"https:\/\/sharingan.us\/wp-content\/uploads\/2021\/11\/dtc.jpg 1000w, https:\/\/sharingan.us\/wp-content\/uploads\/2021\/11\/dtc-800x480.jpg 800w, https:\/\/sharingan.us\/wp-content\/uploads\/2021\/11\/dtc-768x461.jpg 768w, https:\/\/sharingan.us\/wp-content\/uploads\/2021\/11\/dtc-990x594.jpg 990w, https:\/\/sharingan.us\/wp-content\/uploads\/2021\/11\/dtc-441x265.jpg 441w, https:\/\/sharingan.us\/wp-content\/uploads\/2021\/11\/dtc-150x90.jpg 150w\" data-sizes=\"auto, (max-width: 360px) 147px, (max-width: 1000px) 100vw, 1000px\" title=\"\" src=\"data:image\/svg+xml;base64,PHN2ZyB3aWR0aD0iMSIgaGVpZ2h0PSIxIiB4bWxucz0iaHR0cDovL3d3dy53My5vcmcvMjAwMC9zdmciPjwvc3ZnPg==\" class=\"lazyload\" style=\"--smush-placeholder-width: 1000px; --smush-placeholder-aspect-ratio: 1000\/600;\">\t\t\t\t\t\t\t\t\t\t\t\t\t\t\t<\/p>\n<h6>Un ajustement parfait pour votre cosplay<\/h6>\n<h2>Directement aux consommateurs<\/h2>\n<p>Nous promouvons et vendons nos produits directement aux consommateurs, sans aucun interm\u00e9diaire. Cela signifie que nous sommes plus ind\u00e9pendants pour fabriquer, promouvoir, vendre et exp\u00e9dier nos propres produits. L'avantage est que, tout en maintenant une qualit\u00e9 \u00e9lev\u00e9e, nous avons des co\u00fbts inf\u00e9rieurs. Ainsi, avec une qualit\u00e9 sup\u00e9rieure, nous avons des prix 40% inf\u00e9rieurs \u00e0 ceux de nos concurrents.<\/p>\n<h6>S\u00fbr, confortable et peu co\u00fbteux<\/h6>\n<h2>Asia Premium Factory<\/h2>\n<p style=\"text-align: right;\">Les meilleurs mat\u00e9riaux polym\u00e8res HEMA, les meilleurs pigments \u00e9cologiques du monde, la technologie de protection de la s\u00e9curit\u00e9 des sandwiches, et chacun de nos produits subit 6 inspections manuelles et 3 inspections m\u00e9caniques avant de quitter l'usine afin de garantir une s\u00e9curit\u00e9 suffisante. Nos normes de s\u00e9curit\u00e9 sont 3 fois plus \u00e9lev\u00e9es que celles de nos concurrents.<\/p>\n<p>\t\t\t\t\t\t\t\t\t\t\t\t\t\t\t<img decoding=\"async\" width=\"958\" height=\"689\" data-src=\"https:\/\/sharingan.us\/wp-content\/uploads\/2022\/04\/1545563G2-5.jpeg\" alt=\"\" data-srcset=\"https:\/\/sharingan.us\/wp-content\/uploads\/2022\/04\/1545563G2-5.jpeg 958w, https:\/\/sharingan.us\/wp-content\/uploads\/2022\/04\/1545563G2-5-800x575.jpeg 800w, https:\/\/sharingan.us\/wp-content\/uploads\/2022\/04\/1545563G2-5-768x552.jpeg 768w, https:\/\/sharingan.us\/wp-content\/uploads\/2022\/04\/1545563G2-5-60x43.jpeg 60w, https:\/\/sharingan.us\/wp-content\/uploads\/2022\/04\/1545563G2-5-110x79.jpeg 110w, https:\/\/sharingan.us\/wp-content\/uploads\/2022\/04\/1545563G2-5-441x317.jpeg 441w, https:\/\/sharingan.us\/wp-content\/uploads\/2022\/04\/1545563G2-5-150x108.jpeg 150w\" data-sizes=\"auto, (max-width: 360px) 147px, (max-width: 958px) 100vw, 958px\" title=\"\" src=\"data:image\/svg+xml;base64,PHN2ZyB3aWR0aD0iMSIgaGVpZ2h0PSIxIiB4bWxucz0iaHR0cDovL3d3dy53My5vcmcvMjAwMC9zdmciPjwvc3ZnPg==\" class=\"lazyload\" style=\"--smush-placeholder-width: 958px; --smush-placeholder-aspect-ratio: 958\/689;\"><br \/>\n\t\t\t\t\t\t\t\t\t\t\t\t\t\t\t<img decoding=\"async\" width=\"600\" height=\"400\" data-src=\"https:\/\/sharingan.us\/wp-content\/uploads\/2022\/04\/why-choose-us-sharingan-eye-lenses.webp\" alt=\"\" data-srcset=\"https:\/\/sharingan.us\/wp-content\/uploads\/2022\/04\/why-choose-us-sharingan-eye-lenses.webp 600w, https:\/\/sharingan.us\/wp-content\/uploads\/2022\/04\/why-choose-us-sharingan-eye-lenses-60x40.webp 60w, https:\/\/sharingan.us\/wp-content\/uploads\/2022\/04\/why-choose-us-sharingan-eye-lenses-110x73.webp 110w, https:\/\/sharingan.us\/wp-content\/uploads\/2022\/04\/why-choose-us-sharingan-eye-lenses-441x294.webp 441w, https:\/\/sharingan.us\/wp-content\/uploads\/2022\/04\/why-choose-us-sharingan-eye-lenses-150x100.webp 150w\" data-sizes=\"auto, (max-width: 360px) 147px, (max-width: 600px) 100vw, 600px\" title=\"\" src=\"data:image\/svg+xml;base64,PHN2ZyB3aWR0aD0iMSIgaGVpZ2h0PSIxIiB4bWxucz0iaHR0cDovL3d3dy53My5vcmcvMjAwMC9zdmciPjwvc3ZnPg==\" class=\"lazyload\" style=\"--smush-placeholder-width: 600px; --smush-placeholder-aspect-ratio: 600\/400;\">\t\t\t\t\t\t\t\t\t\t\t\t\t\t\t<\/p>\n<h6>Le produit d'abord<\/h6>\n<h2>Pourquoi nous choisir ?<\/h2>\n<p>Les lentilles de contact sont li\u00e9es \u00e0 la s\u00e9curit\u00e9 des yeux de nos clients. C'est notre premi\u00e8re pr\u00e9occupation. Cependant, il y a trop de petits fabricants sur le march\u00e9 qui ne peuvent pas r\u00e9pondre aux normes de s\u00e9curit\u00e9 avanc\u00e9es. Ils pr\u00e9tendent poss\u00e9der de nombreuses certifications de s\u00e9curit\u00e9, mais la situation r\u00e9elle est inqui\u00e9tante. Nous ne d\u00e9pensons jamais d'argent en publicit\u00e9 et marketing payants, et chaque centime \u00e9conomis\u00e9 est r\u00e9duit en prix. Nous croyons toujours que la haute qualit\u00e9, le prix appropri\u00e9 et l'excellent service sont les raisons pour lesquelles plus de 100 000 clients nous choisissent.<\/p>\n<h6>Plus de 100 000 clients satisfaits<\/h6>\n<h2>Nous n'en sommes qu'au d\u00e9but<\/h2>\n<p>Au cours des derni\u00e8res ann\u00e9es, nous avons servi plus de 100 000 clients, et de plus en plus de fans de cosplay choisissent d'aller de l'avant avec, mais nous savons que ce n'est que le d\u00e9but, et nous fournirons encore plus d'excellents produits et services \u00e0 l'avenir, nous sommes avec vous !<\/p>\n<p>\t\t\t\t\t\t\t\t\t\t\t\t\t\t\t<img decoding=\"async\" width=\"800\" height=\"480\" data-src=\"https:\/\/sharingan.us\/wp-content\/uploads\/2018\/07\/about_01.jpg\" alt=\"\" data-srcset=\"https:\/\/sharingan.us\/wp-content\/uploads\/2018\/07\/about_01.jpg 800w, https:\/\/sharingan.us\/wp-content\/uploads\/2018\/07\/about_01-150x90.jpg 150w\" data-sizes=\"auto, (max-width: 360px) 147px, (max-width: 800px) 100vw, 800px\" title=\"\" src=\"data:image\/svg+xml;base64,PHN2ZyB3aWR0aD0iMSIgaGVpZ2h0PSIxIiB4bWxucz0iaHR0cDovL3d3dy53My5vcmcvMjAwMC9zdmciPjwvc3ZnPg==\" class=\"lazyload\" style=\"--smush-placeholder-width: 800px; --smush-placeholder-aspect-ratio: 800\/480;\"><\/p>","protected":false},"excerpt":{"rendered":"<p>About us We were born from a group of fans who wanted to make colored contact lenses that perfectly matched the anime characters. After looking at alternatives Our journey began in 2015 We started in 2015, and we are constantly figuring out the best contact lens factory, using the most environmentally friendly and safe pigments [&#8230;]","protected":false},"author":1,"featured_media":0,"parent":0,"menu_order":0,"comment_status":"closed","ping_status":"closed","template":"template-fullwidth-no-heading.php","meta":{"footnotes":""},"class_list":["post-1004","page","type-page","status-publish","hentry"],"_links":{"self":[{"href":"https:\/\/sharingan.us\/fr\/wp-json\/wp\/v2\/pages\/1004","targetHints":{"allow":["GET"]}}],"collection":[{"href":"https:\/\/sharingan.us\/fr\/wp-json\/wp\/v2\/pages"}],"about":[{"href":"https:\/\/sharingan.us\/fr\/wp-json\/wp\/v2\/types\/page"}],"author":[{"embeddable":true,"href":"https:\/\/sharingan.us\/fr\/wp-json\/wp\/v2\/users\/1"}],"replies":[{"embeddable":true,"href":"https:\/\/sharingan.us\/fr\/wp-json\/wp\/v2\/comments?post=1004"}],"version-history":[{"count":0,"href":"https:\/\/sharingan.us\/fr\/wp-json\/wp\/v2\/pages\/1004\/revisions"}],"wp:attachment":[{"href":"https:\/\/sharingan.us\/fr\/wp-json\/wp\/v2\/media?parent=1004"}],"curies":[{"name":"wp","href":"https:\/\/api.w.org\/{rel}","templated":true}]}}