{"id":1003,"date":"2018-07-09T13:13:40","date_gmt":"2018-07-09T13:13:40","guid":{"rendered":"http:\/\/shoptimizer.local\/?page_id=840"},"modified":"2018-07-09T13:13:40","modified_gmt":"2018-07-09T13:13:40","slug":"vente-pour-hommes","status":"publish","type":"page","link":"https:\/\/sharingan.us\/fr\/vente-pour-hommes\/","title":{"rendered":"Hommes - En vente"},"content":{"rendered":"<h1>Vente aux hommes<\/h1>\n<h3>Choisissez de superbes articles \u00e0 des prix \u00e9tonnants dans le cadre de notre vente saisonni\u00e8re.<\/h3>\n<div class=\"woocommerce columns-4\"><\/div>","protected":false},"excerpt":{"rendered":"<p>Men&#8217;s sale Pick up some great items at stunning prices in our seasonal sale.<\/p>","protected":false},"author":1,"featured_media":0,"parent":0,"menu_order":0,"comment_status":"closed","ping_status":"closed","template":"template-fullwidth-no-heading.php","meta":{"footnotes":""},"class_list":["post-1003","page","type-page","status-publish","hentry"],"_links":{"self":[{"href":"https:\/\/sharingan.us\/fr\/wp-json\/wp\/v2\/pages\/1003","targetHints":{"allow":["GET"]}}],"collection":[{"href":"https:\/\/sharingan.us\/fr\/wp-json\/wp\/v2\/pages"}],"about":[{"href":"https:\/\/sharingan.us\/fr\/wp-json\/wp\/v2\/types\/page"}],"author":[{"embeddable":true,"href":"https:\/\/sharingan.us\/fr\/wp-json\/wp\/v2\/users\/1"}],"replies":[{"embeddable":true,"href":"https:\/\/sharingan.us\/fr\/wp-json\/wp\/v2\/comments?post=1003"}],"version-history":[{"count":0,"href":"https:\/\/sharingan.us\/fr\/wp-json\/wp\/v2\/pages\/1003\/revisions"}],"wp:attachment":[{"href":"https:\/\/sharingan.us\/fr\/wp-json\/wp\/v2\/media?parent=1003"}],"curies":[{"name":"wp","href":"https:\/\/api.w.org\/{rel}","templated":true}]}}