{"id":7337,"date":"2021-11-27T08:48:21","date_gmt":"2021-11-27T12:48:21","guid":{"rendered":"https:\/\/sharingan.us\/?post_type=product&#038;p=7337"},"modified":"2024-10-05T15:34:53","modified_gmt":"2024-10-05T07:34:53","slug":"contactos-tsunade","status":"publish","type":"product","link":"https:\/\/sharingan.us\/es\/contactos-tsunade\/","title":{"rendered":"Contactos de Tsunade"},"content":{"rendered":"<h4>Contactos de Tsunade<\/h4>\n<p>Presentamos las lentes de contacto Tsunade: \u00a1la forma perfecta de a\u00f1adir un toque de autenticidad a tu cosplay! Estas lentillas de alta calidad est\u00e1n dise\u00f1adas para imitar el aspecto \u00fanico de los ojos de Tsunade de la popular serie de anime.<\/p>\n<p>Fabricadas con materiales de primera calidad, estas lentillas son c\u00f3modas de llevar y f\u00e1ciles de usar. El dise\u00f1o presenta detalles intrincados con un llamativo estampado morado y negro, que har\u00e1 que tus ojos destaquen y a\u00f1adir\u00e1 un toque de elegancia a tu disfraz.<\/p>\n<p>Tanto si vas a asistir a un evento de cosplay como si simplemente quieres presumir de tu amor por la serie, estas lentillas de Tsunade son la elecci\u00f3n perfecta. Son adecuadas para una gran variedad de ocasiones y eventos de cosplay, y seguro que impresionar\u00e1n a todos los que te rodeen.<\/p>\n<p>\u00bfA qu\u00e9 esperas? Pide tus lentes de Tsunade hoy mismo y lleva tu cosplay al siguiente nivel.<\/p>\n<p>&nbsp;<\/p>\n<p>Tsunade es descendiente del Clan Senju y Uzumaki, y es una de las Sannin de Konohagakure. Tiene fama de ser la kunoichi m\u00e1s fuerte del mundo y su mejor m\u00e9dico-nin. La repetida p\u00e9rdida de sus seres queridos hizo que Tsunade abandonara la vida de shinobi durante muchos a\u00f1os.<\/p>\n<p>Afiliaciones: Aldea Oculta de la Hoja, Fuerzas Aliadas Shinobi<br \/>\nEquipo Equipo Hiruzen<br \/>\nClan: Clan Senju<br \/>\nClasificaci\u00f3n: Sannin, M\u00e9dico-nin<br \/>\nHermanos: Nawaki<\/p>","protected":false},"excerpt":{"rendered":"<p>Lentes de contacto Tsunade Presentamos las lentes de contacto Tsunade: \u00a1la forma perfecta de a\u00f1adir un toque de autenticidad a tu cosplay! Estas lentillas de alta calidad est\u00e1n dise\u00f1adas para imitar el aspecto \u00fanico de los ojos de Tsunade en la popular serie de anime. Fabricadas con materiales de primera calidad, estas lentillas son c\u00f3modas de llevar y f\u00e1ciles de usar. El dise\u00f1o est\u00e1 [...]","protected":false},"featured_media":18479,"comment_status":"open","ping_status":"closed","template":"","meta":[],"product_brand":[],"product_cat":[83],"product_tag":[119],"class_list":{"0":"post-7337","1":"product","2":"type-product","3":"status-publish","4":"has-post-thumbnail","6":"product_cat-cosplay-contacts","7":"product_tag-tsunade-contacts","9":"first","10":"instock","11":"sale","12":"taxable","13":"shipping-taxable","14":"purchasable","15":"product-type-variable","16":"has-default-attributes"},"_links":{"self":[{"href":"https:\/\/sharingan.us\/es\/wp-json\/wp\/v2\/product\/7337","targetHints":{"allow":["GET"]}}],"collection":[{"href":"https:\/\/sharingan.us\/es\/wp-json\/wp\/v2\/product"}],"about":[{"href":"https:\/\/sharingan.us\/es\/wp-json\/wp\/v2\/types\/product"}],"replies":[{"embeddable":true,"href":"https:\/\/sharingan.us\/es\/wp-json\/wp\/v2\/comments?post=7337"}],"wp:featuredmedia":[{"embeddable":true,"href":"https:\/\/sharingan.us\/es\/wp-json\/wp\/v2\/media\/18479"}],"wp:attachment":[{"href":"https:\/\/sharingan.us\/es\/wp-json\/wp\/v2\/media?parent=7337"}],"wp:term":[{"taxonomy":"product_brand","embeddable":true,"href":"https:\/\/sharingan.us\/es\/wp-json\/wp\/v2\/product_brand?post=7337"},{"taxonomy":"product_cat","embeddable":true,"href":"https:\/\/sharingan.us\/es\/wp-json\/wp\/v2\/product_cat?post=7337"},{"taxonomy":"product_tag","embeddable":true,"href":"https:\/\/sharingan.us\/es\/wp-json\/wp\/v2\/product_tag?post=7337"}],"curies":[{"name":"wp","href":"https:\/\/api.w.org\/{rel}","templated":true}]}}