{"id":7255,"date":"2021-11-26T00:15:53","date_gmt":"2021-11-26T04:15:53","guid":{"rendered":"https:\/\/sharingan.us\/?post_type=product&#038;p=7255"},"modified":"2024-10-05T15:34:51","modified_gmt":"2024-10-05T07:34:51","slug":"kisame-cosplay-contactos","status":"publish","type":"product","link":"https:\/\/sharingan.us\/es\/kisame-cosplay-contactos\/","title":{"rendered":"Kisame Cosplay Contactos"},"content":{"rendered":"<h1 class=\"md-end-block md-heading\"><span class=\"md-plain md-expand\">\u00a1Da rienda suelta a tu Kirigakure No Kaijin interior con Kisame Cosplay Contacts! \ud83e\udd88\ud83d\udc41\ufe0f<\/span><\/h1>\n<p class=\"md-end-block md-p\"><span class=\"md-plain\">\u00a1Encarna al ic\u00f3nico miembro de Akatsuki con estas impresionantes lentillas de Kisame! \ud83d\udc40<\/span> <span class=\"md-plain\">\u00a1Atenci\u00f3n a todos los cosplayers de Naruto y fans de los famosos Akatsuki! Prep\u00e1rate para canalizar el poder y la intimidaci\u00f3n de Kisame Hoshigaki con estas incre\u00edbles lentillas de cosplay. Estas lentillas capturan a la perfecci\u00f3n los inconfundibles ojos de Kisame, con una fascinante mezcla de tonos blancos y morados que te permitir\u00e1n representar con autenticidad al temible \"Monstruo de la Niebla Oculta\".<\/span><\/p>\n<p class=\"md-end-block md-p\"><span class=\"md-plain\">Confort y seguridad sin concesiones para un uso prolongado \ud83d\udc8e<\/span> <span class=\"md-plain\">Entendemos que la comodidad y la seguridad son de suma importancia cuando se trata de lentes de contacto para cosplay. Estas lentillas Kisame est\u00e1n fabricadas con materiales de primera calidad y dise\u00f1adas para ofrecer un ajuste perfecto y una claridad excepcional. Est\u00e1n aprobadas por la FDA y cumplen todas las normas de seguridad, lo que garantiza que puedas llevarlas con confianza durante largos periodos de tiempo sin molestias ni alteraciones visuales.<\/span><\/p>\n<p class=\"md-end-block md-p\"><span class=\"md-plain\">Elaborado meticulosamente para reproducir el dise\u00f1o \u00fanico de los ojos de Kisame \ud83c\udfa8<\/span> <span class=\"md-plain\">La atenci\u00f3n al detalle en estas lentillas para cosplay de Kisame es realmente notable. La intrincada mezcla de tonos blancos y morados captura a la perfecci\u00f3n la esencia de los inconfundibles ojos de Kisame, a\u00f1adiendo una capa extra de autenticidad a tu cosplay. Cuando te pongas estas lentillas, sentir\u00e1s el poder y la presencia de Kirigakure no Kaijin fluyendo a trav\u00e9s de ti, lo que te permitir\u00e1 sumergirte por completo en el personaje.<\/span><\/p>\n<p class=\"md-end-block md-p\"><span class=\"md-plain\">\u00a1Los influencers de cosplay recomiendan encarecidamente estas lentillas de cosplay de Kisame! \ud83c\udf1f<\/span><\/p>\n<p class=\"md-end-block md-p\"><span class=\"md-plain\">\"Como cosplayer a la que le encanta representar a personajes villanos, \u00a1estas lentillas para cosplay de Kisame han cambiado las reglas del juego! La mezcla \u00fanica de blanco y morado captura a la perfecci\u00f3n los ic\u00f3nicos ojos de Kisame, y la comodidad es inmejorable. Las recomiendo encarecidamente a cualquiera que busque hacer cosplay de este formidable miembro de Akatsuki!\". - \ud83e\udd88 KisameCosplayMaster<\/span><\/p>\n<p class=\"md-end-block md-p\"><span class=\"md-plain\">\"Me encant\u00f3 encontrar estas lentillas de cosplay de Kisame. El intrincado dise\u00f1o y la combinaci\u00f3n de colores encarnan a la perfecci\u00f3n el aspecto distintivo de Kisame, y la calidad es extraordinaria. Estas lentillas se han convertido en una parte esencial de mis cosplays de Akatsuki!\". - \ud83d\udc41\ufe0f AkatsukiLegend<\/span><\/p>\n<p class=\"md-end-block md-p\"><span class=\"md-plain\">\"Estas lentillas de cosplay de Kisame son imprescindibles para cualquier cosplayer serio de Naruto que busque representar a este ic\u00f3nico villano. La comodidad y el dise\u00f1o son incomparables, \u00a1y me han ayudado a crear algunos momentos de cosplay verdaderamente inolvidables!\" - \ud83c\udf00 KisameCosplayPro<\/span><\/p>\n<p class=\"md-end-block md-p\"><span class=\"md-plain\">\u00a1Abraza el poder y la presencia de Kisame Hoshigaki! \ud83c\udf0d<\/span> <span class=\"md-plain\">Al ponerte estas lentillas de cosplay de Kisame, estar\u00e1s adoptando el poder y la presencia de uno de los miembros m\u00e1s formidables de Akatsuki. Muestra los ojos \u00fanicos de Kisame, crea experiencias de cosplay cautivadoras y deja una impresi\u00f3n duradera en todos los que presencien tu transformaci\u00f3n.<\/span><\/p>\n<p class=\"md-end-block md-p\"><span class=\"md-plain\">Tu viaje al mundo de Kisame Hoshigaki te espera: \u00a1deja que estos contactos de cosplay sean tu llave para desvelar tu verdadero potencial de villano! \ud83e\udd88\ud83d\udc41\ufe0f<\/span><\/p>\n<p class=\"md-end-block md-p md-focus\"><span class=\"md-plain md-expand\">#KisameCosplayContactos #AkatsukiCosplay #NarutoCosplayersUnite #EmbraceYourVillainousSide<\/span><\/p>","protected":false},"excerpt":{"rendered":"<p>\u00a1Da rienda suelta a tu Kirigakure No Kaijin interior con las lentillas Kisame Cosplay! \ud83e\udd88\ud83d\udc41\ufe0f \u00a1Encarna al ic\u00f3nico miembro de Akatsuki con estas impresionantes lentillas de Kisame! \ud83d\udc40 \u00a1Atenci\u00f3n a todos los cosplayers de Naruto y fans de la famosa Akatsuki! Prep\u00e1rate para canalizar el poder y la intimidaci\u00f3n de Kisame Hoshigaki con estas incre\u00edbles lentillas de cosplay. Estas lentillas capturan a la perfecci\u00f3n el inconfundible [...]","protected":false},"featured_media":18600,"comment_status":"open","ping_status":"closed","template":"","meta":[],"product_brand":[],"product_cat":[83],"product_tag":[107],"class_list":{"0":"post-7255","1":"product","2":"type-product","3":"status-publish","4":"has-post-thumbnail","6":"product_cat-cosplay-contacts","7":"product_tag-byakugan","9":"first","10":"instock","11":"sale","12":"taxable","13":"shipping-taxable","14":"purchasable","15":"product-type-variable","16":"has-default-attributes"},"_links":{"self":[{"href":"https:\/\/sharingan.us\/es\/wp-json\/wp\/v2\/product\/7255","targetHints":{"allow":["GET"]}}],"collection":[{"href":"https:\/\/sharingan.us\/es\/wp-json\/wp\/v2\/product"}],"about":[{"href":"https:\/\/sharingan.us\/es\/wp-json\/wp\/v2\/types\/product"}],"replies":[{"embeddable":true,"href":"https:\/\/sharingan.us\/es\/wp-json\/wp\/v2\/comments?post=7255"}],"wp:featuredmedia":[{"embeddable":true,"href":"https:\/\/sharingan.us\/es\/wp-json\/wp\/v2\/media\/18600"}],"wp:attachment":[{"href":"https:\/\/sharingan.us\/es\/wp-json\/wp\/v2\/media?parent=7255"}],"wp:term":[{"taxonomy":"product_brand","embeddable":true,"href":"https:\/\/sharingan.us\/es\/wp-json\/wp\/v2\/product_brand?post=7255"},{"taxonomy":"product_cat","embeddable":true,"href":"https:\/\/sharingan.us\/es\/wp-json\/wp\/v2\/product_cat?post=7255"},{"taxonomy":"product_tag","embeddable":true,"href":"https:\/\/sharingan.us\/es\/wp-json\/wp\/v2\/product_tag?post=7255"}],"curies":[{"name":"wp","href":"https:\/\/api.w.org\/{rel}","templated":true}]}}