{"id":7110,"date":"2021-11-23T12:04:45","date_gmt":"2021-11-23T12:04:45","guid":{"rendered":"https:\/\/sharingan.us\/?post_type=product&#038;p=7110"},"modified":"2024-10-05T15:34:51","modified_gmt":"2024-10-05T07:34:51","slug":"dos-contactos-tomoe-sharingan","status":"publish","type":"product","link":"https:\/\/sharingan.us\/es\/dos-contactos-tomoe-sharingan\/","title":{"rendered":"Dos Tomoe Sharingan Contactos"},"content":{"rendered":"<h4>Dos Tomoe Sharingan Contactos<\/h4>\n<p>Cuando se despierta por primera vez, cada Sharingan normalmente tendr\u00e1 s\u00f3lo un tomoe, aunque en alg\u00fan caso, inmediatamente ganaron dos tomoe en cada uno de sus ojos. A trav\u00e9s del crecimiento emocional de condiciones extremas, el Sharingan continuar\u00e1 desarroll\u00e1ndose, su maduraci\u00f3n completa representada por un tercer tomoe.<\/p>\n<p>Desbloquea la segunda etapa del legendario Sharingan con estas llamativas lentillas de dos tomoe del Sharingan. Ya sea para un cosplay o simplemente para ir a la moda, estas lentillas de colores te dar\u00e1n el aspecto inconfundible e inconfundible de haber despertado la segunda tomoe del Sharingan.<\/p>\n<p>Meticulosamente dise\u00f1ados para recrear la ic\u00f3nica imagen, los Contactos Dos Tomoe Sharingan presentan un iris rojo brillante con dos tomoe negros orbitando con precisi\u00f3n la pupila. El resultado es una apariencia dojutsu incre\u00edblemente realista, igual que el famoso jutsu visual del clan Uchiha.<\/p>\n<p>Las lentillas Two Tomoe Sharingan est\u00e1n fabricadas con materiales de alta calidad y se someten a rigurosas pruebas para garantizar su seguridad y comodidad durante todo el d\u00eda. Con lentes de protecci\u00f3n UV, puedes invocar el poder de la visi\u00f3n y percepci\u00f3n aumentadas del Sharingan.<\/p>\n<p>Tanto si vas a asistir a la pr\u00f3xima gran convenci\u00f3n de anime como Sasuke como si s\u00f3lo quieres llamar la atenci\u00f3n, despierta tu shinobi interior con las lentillas Two Tomoe Sharingan. Con estas lentillas, aprovechar\u00e1s la fuerza, la percepci\u00f3n y las habilidades de la segunda fase del Sharingan.<\/p>","protected":false},"excerpt":{"rendered":"<p>Dos Tomoe Sharingan Contactos Cuando se despierta por primera vez, cada Sharingan por lo general s\u00f3lo tendr\u00e1 un tomoe, aunque en algunos casos, inmediatamente gan\u00f3 dos tomoe en cada uno de sus ojos. A trav\u00e9s del crecimiento emocional de condiciones extremas, el Sharingan continuar\u00e1 desarroll\u00e1ndose, su maduraci\u00f3n completa representada por un tercer tomoe. Desbloquear la segunda etapa del [...]","protected":false},"featured_media":7106,"comment_status":"open","ping_status":"closed","template":"","meta":[],"product_brand":[],"product_cat":[49],"product_tag":[81,80],"class_list":{"0":"post-7110","1":"product","2":"type-product","3":"status-publish","4":"has-post-thumbnail","6":"product_cat-sharingan-contacts","7":"product_tag-kakashi","8":"product_tag-sharingan-contacts","10":"first","11":"instock","12":"sale","13":"featured","14":"taxable","15":"shipping-taxable","16":"purchasable","17":"product-type-variable","18":"has-default-attributes"},"_links":{"self":[{"href":"https:\/\/sharingan.us\/es\/wp-json\/wp\/v2\/product\/7110","targetHints":{"allow":["GET"]}}],"collection":[{"href":"https:\/\/sharingan.us\/es\/wp-json\/wp\/v2\/product"}],"about":[{"href":"https:\/\/sharingan.us\/es\/wp-json\/wp\/v2\/types\/product"}],"replies":[{"embeddable":true,"href":"https:\/\/sharingan.us\/es\/wp-json\/wp\/v2\/comments?post=7110"}],"wp:featuredmedia":[{"embeddable":true,"href":"https:\/\/sharingan.us\/es\/wp-json\/wp\/v2\/media\/7106"}],"wp:attachment":[{"href":"https:\/\/sharingan.us\/es\/wp-json\/wp\/v2\/media?parent=7110"}],"wp:term":[{"taxonomy":"product_brand","embeddable":true,"href":"https:\/\/sharingan.us\/es\/wp-json\/wp\/v2\/product_brand?post=7110"},{"taxonomy":"product_cat","embeddable":true,"href":"https:\/\/sharingan.us\/es\/wp-json\/wp\/v2\/product_cat?post=7110"},{"taxonomy":"product_tag","embeddable":true,"href":"https:\/\/sharingan.us\/es\/wp-json\/wp\/v2\/product_tag?post=7110"}],"curies":[{"name":"wp","href":"https:\/\/api.w.org\/{rel}","templated":true}]}}