{"id":7017,"date":"2021-11-23T10:19:35","date_gmt":"2021-11-23T10:19:35","guid":{"rendered":"https:\/\/sharingan.us\/?post_type=product&#038;p=7017"},"modified":"2025-02-09T15:05:54","modified_gmt":"2025-02-09T07:05:54","slug":"itachi-mangekyou-sharingan-contactos","status":"publish","type":"product","link":"https:\/\/sharingan.us\/es\/itachi-mangekyou-sharingan-contactos\/","title":{"rendered":"Contactos de Itachi Mangekyou Sharingan"},"content":{"rendered":"<h1 class=\"md-end-block md-heading\"><span class=\"md-plain md-expand\">\u00a1Despierta tu destreza Uchiha con los legendarios contactos Mangekyou Sharingan de Itachi! \ud83d\udd34\u2694\ufe0f<\/span><\/h1>\n<p class=\"md-end-block md-p\"><span class=\"md-plain\">Desata el poder de los ojos de Itachi con estas fascinantes lentillas de color Mangekyou Sharingan \ud83d\udc40<\/span> <span class=\"md-plain\">\u00a1Atenci\u00f3n a todos los fans y cosplayers de Naruto! Prep\u00e1rate para encarnar el genio y la tragedia de Itachi Uchiha con estas impresionantes lentes de contacto para cosplay Mangekyou Sharingan. Estas lentillas de colores recrean meticulosamente el intrincado dise\u00f1o del legendario dojutsu de Itachi, permiti\u00e9ndote capturar la esencia de este ic\u00f3nico miembro de Akatsuki con una precisi\u00f3n inigualable. <\/span><\/p>\n<p class=\"md-end-block md-p\"><span class=\"md-plain\">Fabricadas con materiales de primera calidad, estas lentillas priorizan tanto la comodidad como el impacto visual, garantizando que puedas canalizar sin esfuerzo tu Itachi interior durante largos periodos de tiempo. Tanto si vas a asistir a una convenci\u00f3n de anime, como si vas a realizar una sesi\u00f3n de fotos impactante o simplemente quieres a\u00f1adir un toque de m\u00edstica Uchiha a tu look diario, estas lentillas de cosplay Mangekyou Sharingan son la elecci\u00f3n perfecta.<\/span><\/p>\n<p class=\"md-end-block md-p\"><span class=\"md-plain\">Experimenta una comodidad y calidad inigualables con estas lentillas Itachi Mangekyou Sharingan \ud83d\udc8e.<\/span> <span class=\"md-plain\">Como cosplayer dedicado, entiendo la importancia de las lentes de contacto cosplay de alta calidad que no s\u00f3lo se ven incre\u00edbles, pero tambi\u00e9n se sienten c\u00f3modos de usar. Las lentes de contacto Itachi Mangekyou Sharingan Cosplay destacan en ambos aspectos. Estas lentes de contacto de color est\u00e1n fabricadas con materiales de primera calidad que garantizan un ajuste perfecto y una claridad excepcional, permiti\u00e9ndote sumergirte por completo en tu cosplay de Itachi sin molestias ni alteraciones visuales. <\/span><\/p>\n<p class=\"md-end-block md-p\"><span class=\"md-plain\">El intrincado dise\u00f1o del Mangekyou Sharingan est\u00e1 perfectamente reproducido, lo que convierte a estas lentes en una parte esencial de cualquier conjunto de cosplay de Itachi. Con el estuche para lentes incluido y las instrucciones de mantenimiento f\u00e1ciles de seguir, podr\u00e1s mantener tus lentes en perfectas condiciones para futuras misiones shinobi.<\/span><\/p>\n<p class=\"md-end-block md-p\"><span class=\"md-plain\">\u00a1Fans de Naruto y Cosplay Influencers alaban estas lentillas de Itachi Mangekyou Sharingan! \ud83c\udf1f<\/span> <span class=\"md-plain\">Los entusiastas de Itachi, los cosplayers y los influencers est\u00e1n entusiasmados con estas lentillas cosplay Mangekyou Sharingan, \u00a1y es f\u00e1cil ver por qu\u00e9! Echa un vistazo a lo que tienen que decir:<\/span><\/p>\n<p class=\"md-end-block md-p\"><span class=\"md-plain\">\"Estas lentillas Itachi Mangekyou Sharingan son imprescindibles para cualquier cosplayer serio de Itachi. El dise\u00f1o es incre\u00edblemente detallado, y la comodidad es incomparable. Las recomiendo encarecidamente!\" - \ud83d\udd34 ItachiUchihaCosplay, cosplayer profesional de Itachi.<\/span><\/p>\n<p class=\"md-end-block md-p\"><span class=\"md-plain\">\"He probado numerosas lentillas para mis cosplays de Naruto, pero ninguna se puede comparar a estas lentillas Itachi Mangekyou Sharingan. Son incre\u00edblemente c\u00f3modas y su dise\u00f1o captura a la perfecci\u00f3n la intensa mirada de Itachi. Un punto de inflexi\u00f3n para cualquier cosplay de Itachi\". - \u2694\ufe0f ShinobiCosplayMaster, Influencer del cosplay<\/span><\/p>\n<p class=\"md-end-block md-p\"><span class=\"md-plain\">\u00a1\u00danete a la revoluci\u00f3n del cosplay de Itachi y da rienda suelta a tu legado Uchiha! \ud83c\udf0d<\/span> <span class=\"md-plain\">Cosplayers y fans de Itachi de todo el mundo est\u00e1n abrazando el genio y la tragedia de este legendario personaje de Naruto, gracias a estas incre\u00edbles lentes de contacto cosplay Mangekyou Sharingan. Las plataformas de las redes sociales rebosan de impresionantes transformaciones de Itachi, mientras los cosplayers se unen para celebrar su amor por este ic\u00f3nico Uchiha prodigio. El hashtag #ItachiCosplay est\u00e1 arrasando en el mundo del cosplay, mostrando el extraordinario impacto que tienen estas lentillas a la hora de dar vida a Itachi. No te pierdas esta revoluci\u00f3n del cosplay: hazte hoy mismo con las lentillas Itachi Mangekyou Sharingan y da rienda suelta a tu legado Uchiha.<\/span><\/p>\n<p class=\"md-end-block md-p\"><span class=\"md-plain\">Unboxing de la experiencia Uchiha: Qu\u00e9 obtienes con tus contactos de Itachi Mangekyou Sharingan \ud83d\udce6<\/span> <span class=\"md-plain\">Cuando pidas tus lentes de contacto Itachi Mangekyou Sharingan, recibir\u00e1s un paquete completo dise\u00f1ado para mejorar tu experiencia de cosplay. Cada set incluye:<\/span><\/p>\n<ul class=\"ul-list\" data-mark=\"-\">\n<li class=\"md-list-item\">\n<p class=\"md-end-block md-p\"><span class=\"md-plain\">Dos contactos Itachi Mangekyou Sharingan de calidad superior con un dise\u00f1o muy detallado.<\/span><\/p>\n<\/li>\n<li class=\"md-list-item\">\n<p class=\"md-end-block md-p\"><span class=\"md-plain\">Un estuche para lentillas elegante y duradero con el ic\u00f3nico s\u00edmbolo de la nube de Akatsuki.<\/span><\/p>\n<\/li>\n<li class=\"md-list-item\">\n<p class=\"md-end-block md-p\"><span class=\"md-plain\">Instrucciones f\u00e1ciles de seguir para el cuidado y mantenimiento adecuados de las lentes<\/span><\/p>\n<\/li>\n<li class=\"md-list-item\">\n<p class=\"md-end-block md-p\"><span class=\"md-plain\">Un pa\u00f1o de microfibra de Naruto para limpiar las lentes con suavidad<\/span><\/p>\n<\/li>\n<\/ul>\n<p class=\"md-end-block md-p\"><span class=\"md-plain\">Con estos elementos esenciales, estar\u00e1s totalmente equipado para embarcarte en tu viaje de cosplay de Itachi y crear recuerdos inolvidables e impactantes.<\/span><\/p>\n<p class=\"md-end-block md-p\"><span class=\"md-plain\">\u00a1Deja que el poder del cosplay despierte tu esp\u00edritu Uchiha! \ud83d\udd25<\/span> <span class=\"md-plain\">Itachi es m\u00e1s que un personaje: es un s\u00edmbolo del genio, el sacrificio y la compleja naturaleza del mundo shinobi. Al ponerte estas lentes de contacto Itachi Mangekyou Sharingan Cosplay, no solo estar\u00e1s transformando tu aspecto, sino que tambi\u00e9n te adentrar\u00e1s en la esencia misma de este legendario Uchiha.<\/span><\/p>\n<p class=\"md-end-block md-p\"><span class=\"md-plain\">Cuando te pongas estas fascinantes lentes, siente el poder del Mangekyou Sharingan recorriendo todo tu ser. Tu mirada se vuelve intensa, tu presencia imponente. Irradias un aura de misterio y fuerza que inspira a los dem\u00e1s a ahondar en las profundidades de su propio potencial.<\/span><\/p>\n<p class=\"md-end-block md-p\"><span class=\"md-plain\">Tanto si eres un experto cosplayer como un devoto fan de Naruto, estas lentillas son tu puerta de entrada al mundo del clan Uchiha. Abraza a tu Itachi interior, forja lazos irrompibles con otros entusiastas de Naruto y crea recuerdos que despertar\u00e1n tu esp\u00edritu Uchiha durante a\u00f1os.<\/span><\/p>\n<p class=\"md-end-block md-p\"><span class=\"md-plain\">La comunidad de cosplay de Itachi te est\u00e1 esperando y, con estas extraordinarias lentes, est\u00e1s listo para causar un profundo impacto. As\u00ed que ponte tu capa Akatsuki, prepara tus herramientas ninja, \u00a1y deja que el poder del cosplay despierte tu esp\u00edritu Uchiha como nunca antes!<\/span><\/p>\n<p class=\"md-end-block md-p md-focus\"><span class=\"md-plain md-expand\">#ItachiCosplay #NarutoCosplay #SharinganContactos #MangekouSharingan #UchihaPower<\/span><\/p>\n<p><img decoding=\"async\" class=\"alignnone wp-image-7387 size-thumbnail lazyload\" data-src=\"https:\/\/sharingan.us\/wp-content\/uploads\/2021\/11\/Itachi-Mangekyou-300x300.jpg\" alt=\"Mangekyou Sharingan\" width=\"300\" height=\"300\" title=\"\" data-srcset=\"https:\/\/sharingan.us\/wp-content\/uploads\/2021\/11\/Itachi-Mangekyou-300x300.jpg 300w, https:\/\/sharingan.us\/wp-content\/uploads\/2021\/11\/Itachi-Mangekyou-100x100.jpg 100w, https:\/\/sharingan.us\/wp-content\/uploads\/2021\/11\/Itachi-Mangekyou-768x768.jpg 768w, https:\/\/sharingan.us\/wp-content\/uploads\/2021\/11\/Itachi-Mangekyou-12x12.jpg 12w, https:\/\/sharingan.us\/wp-content\/uploads\/2021\/11\/Itachi-Mangekyou-60x60.jpg 60w, https:\/\/sharingan.us\/wp-content\/uploads\/2021\/11\/Itachi-Mangekyou-110x110.jpg 110w, https:\/\/sharingan.us\/wp-content\/uploads\/2021\/11\/Itachi-Mangekyou-510x510.jpg 510w, https:\/\/sharingan.us\/wp-content\/uploads\/2021\/11\/Itachi-Mangekyou.jpg 800w\" data-sizes=\"(max-width: 300px) 100vw, 300px\" src=\"data:image\/svg+xml;base64,PHN2ZyB3aWR0aD0iMSIgaGVpZ2h0PSIxIiB4bWxucz0iaHR0cDovL3d3dy53My5vcmcvMjAwMC9zdmciPjwvc3ZnPg==\" style=\"--smush-placeholder-width: 300px; --smush-placeholder-aspect-ratio: 300\/300;\" \/><\/p>\n<p>Los contactos itachi sharingan (que significa literalmente: Ojo de Rueda de Copia Caleidosc\u00f3pica) son una forma avanzada del Sharingan que s\u00f3lo ha sido activada por un pu\u00f1ado de Uchiha. Son conocidos por ser los \"ojos celestiales que ven la verdad de toda la creaci\u00f3n sin obstrucci\u00f3n\".<\/p>","protected":false},"excerpt":{"rendered":"<p>\u00a1Despierta tu destreza Uchiha con los legendarios lentes de contacto Mangekyou Sharingan de Itachi! \ud83d\udd34\u2694\ufe0f Desata el poder de los ojos de Itachi con estas fascinantes lentillas de color Mangekyou Sharingan \ud83d\udc40 \u00a1Atenci\u00f3n a todos los fans de Naruto y cosplayers! Prep\u00e1rense para encarnar el genio y la tragedia de Itachi Uchiha con estas sobrecogedoras lentes de contacto para cosplay Mangekyou Sharingan. Estas lentillas de colores recrean meticulosamente [...]","protected":false},"featured_media":7043,"comment_status":"open","ping_status":"closed","template":"","meta":[],"product_brand":[],"product_cat":[49],"product_tag":[130,81,80],"class_list":{"0":"post-7017","1":"product","2":"type-product","3":"status-publish","4":"has-post-thumbnail","6":"product_cat-sharingan-contacts","7":"product_tag-itachi-sharingan-contacts","8":"product_tag-kakashi","9":"product_tag-sharingan-contacts","11":"first","12":"instock","13":"sale","14":"featured","15":"taxable","16":"shipping-taxable","17":"purchasable","18":"product-type-variable","19":"has-default-attributes"},"_links":{"self":[{"href":"https:\/\/sharingan.us\/es\/wp-json\/wp\/v2\/product\/7017","targetHints":{"allow":["GET"]}}],"collection":[{"href":"https:\/\/sharingan.us\/es\/wp-json\/wp\/v2\/product"}],"about":[{"href":"https:\/\/sharingan.us\/es\/wp-json\/wp\/v2\/types\/product"}],"replies":[{"embeddable":true,"href":"https:\/\/sharingan.us\/es\/wp-json\/wp\/v2\/comments?post=7017"}],"wp:featuredmedia":[{"embeddable":true,"href":"https:\/\/sharingan.us\/es\/wp-json\/wp\/v2\/media\/7043"}],"wp:attachment":[{"href":"https:\/\/sharingan.us\/es\/wp-json\/wp\/v2\/media?parent=7017"}],"wp:term":[{"taxonomy":"product_brand","embeddable":true,"href":"https:\/\/sharingan.us\/es\/wp-json\/wp\/v2\/product_brand?post=7017"},{"taxonomy":"product_cat","embeddable":true,"href":"https:\/\/sharingan.us\/es\/wp-json\/wp\/v2\/product_cat?post=7017"},{"taxonomy":"product_tag","embeddable":true,"href":"https:\/\/sharingan.us\/es\/wp-json\/wp\/v2\/product_tag?post=7017"}],"curies":[{"name":"wp","href":"https:\/\/api.w.org\/{rel}","templated":true}]}}