{"id":16039,"date":"2022-10-04T20:41:11","date_gmt":"2022-10-04T12:41:11","guid":{"rendered":"https:\/\/sharingan.us\/?post_type=product&#038;p=16039"},"modified":"2024-10-05T15:34:52","modified_gmt":"2024-10-05T07:34:52","slug":"tres-tomoe-sharingan-contactos-nuevo","status":"publish","type":"product","link":"https:\/\/sharingan.us\/es\/tres-tomoe-sharingan-contactos-nuevo\/","title":{"rendered":"Tres contactos Tomoe Sharingan NUEVO"},"content":{"rendered":"<h4>Tres contactos del Tomoe Sharingan<\/h4>\n<p>Cuando se despierta por primera vez, cada Sharingan normalmente tendr\u00e1 s\u00f3lo un tomoe, aunque en alg\u00fan caso, inmediatamente ganaron dos tomoe en cada uno de sus ojos. A trav\u00e9s del crecimiento emocional de condiciones extremas, el Sharingan continuar\u00e1 desarroll\u00e1ndose, su maduraci\u00f3n completa representada por un tercer tomoe.<\/p>\n<p>Despierta el legendario Tres Tomoe Sharingan y desbloquea poderes visuales m\u00e1s all\u00e1 de lo ordinario con estas lentes de contacto de colores sorprendentemente realistas. Las lentillas Tres Tomoe Sharingan recrean a la perfecci\u00f3n el famoso d\u014djutsu del clan Uchiha, con el ic\u00f3nico iris rojo y tres tomoe negros orbitando alrededor de la pupila.<\/p>\n<p>Tanto si vas a una convenci\u00f3n de anime como si simplemente quieres llamar la atenci\u00f3n con un look \u00fanico, estas lentillas te dar\u00e1n la inconfundible apariencia de haber activado el primer nivel de las habilidades oculares del Sharingan. Con su brillante tono carmes\u00ed y su preciso patr\u00f3n tomoe, son id\u00e9nticas a las aut\u00e9nticas.<\/p>\n<p>Fabricadas con materiales de alta calidad y dise\u00f1adas para ofrecer la m\u00e1xima comodidad y seguridad, las lentillas Three Tomoe Sharingan te permiten llevar a cabo el mejor cosplay del clan Uchiha o llevar tu amor por Naruto al siguiente nivel con unos llamativos ojos Sharingan que sin duda atraer\u00e1n miradas de admiraci\u00f3n.<\/p>\n<p>Enfr\u00e9ntate cara a cara con el legendario jutsu ocular y deja que el mundo vea c\u00f3mo despierta tu ninja interior con los Tres Contactos Tomoe Sharingan.<\/p>","protected":false},"excerpt":{"rendered":"<p>Tres Tomoe Sharingan Contactos Cuando se despierta por primera vez, cada Sharingan por lo general s\u00f3lo tendr\u00e1 un tomoe, aunque en alg\u00fan caso, inmediatamente gan\u00f3 dos tomoe en cada uno de sus ojos. A trav\u00e9s del crecimiento emocional de condiciones extremas, el Sharingan continuar\u00e1 desarroll\u00e1ndose, su maduraci\u00f3n completa representada por un tercer tomoe. Despertar el legendario Sharingan de los Tres Tomoe [...]","protected":false},"featured_media":16072,"comment_status":"open","ping_status":"closed","template":"","meta":[],"product_brand":[],"product_cat":[49],"product_tag":[81,80,842],"class_list":{"0":"post-16039","1":"product","2":"type-product","3":"status-publish","4":"has-post-thumbnail","6":"product_cat-sharingan-contacts","7":"product_tag-kakashi","8":"product_tag-sharingan-contacts","9":"product_tag-three-tomoe","11":"first","12":"instock","13":"sale","14":"featured","15":"taxable","16":"shipping-taxable","17":"purchasable","18":"product-type-variable","19":"has-default-attributes"},"_links":{"self":[{"href":"https:\/\/sharingan.us\/es\/wp-json\/wp\/v2\/product\/16039","targetHints":{"allow":["GET"]}}],"collection":[{"href":"https:\/\/sharingan.us\/es\/wp-json\/wp\/v2\/product"}],"about":[{"href":"https:\/\/sharingan.us\/es\/wp-json\/wp\/v2\/types\/product"}],"replies":[{"embeddable":true,"href":"https:\/\/sharingan.us\/es\/wp-json\/wp\/v2\/comments?post=16039"}],"wp:featuredmedia":[{"embeddable":true,"href":"https:\/\/sharingan.us\/es\/wp-json\/wp\/v2\/media\/16072"}],"wp:attachment":[{"href":"https:\/\/sharingan.us\/es\/wp-json\/wp\/v2\/media?parent=16039"}],"wp:term":[{"taxonomy":"product_brand","embeddable":true,"href":"https:\/\/sharingan.us\/es\/wp-json\/wp\/v2\/product_brand?post=16039"},{"taxonomy":"product_cat","embeddable":true,"href":"https:\/\/sharingan.us\/es\/wp-json\/wp\/v2\/product_cat?post=16039"},{"taxonomy":"product_tag","embeddable":true,"href":"https:\/\/sharingan.us\/es\/wp-json\/wp\/v2\/product_tag?post=16039"}],"curies":[{"name":"wp","href":"https:\/\/api.w.org\/{rel}","templated":true}]}}