{"id":15324,"date":"2022-07-07T03:58:23","date_gmt":"2022-07-07T07:58:23","guid":{"rendered":"https:\/\/sharingan.us\/?post_type=product&#038;p=15324"},"modified":"2025-08-05T14:42:57","modified_gmt":"2025-08-05T06:42:57","slug":"lentes-de-contacto-uchiha-naka-ms-sharingan","status":"publish","type":"product","link":"https:\/\/sharingan.us\/es\/lentes-de-contacto-uchiha-naka-ms-sharingan\/","title":{"rendered":"Lentes de contacto Uchiha Naka MS sharingan"},"content":{"rendered":"<h4>Lentes de contacto Uchiha Naka MS sharingan<\/h4>\n<p>Naka era al menos h\u00e1bil con el kenjutsu, teniendo en cuenta que ten\u00eda una espada. Fue capaz de despertar el d\u014djutsu kekkei genkai de su clan: el Sharingan. El d\u014djutsu le otorg\u00f3 la capacidad de utilizar la t\u00e9cnica Izanagi, que al parecer utilizaba obsesivamente con tal destreza que pod\u00eda sobrevivir a combates contra varios otros Uchiha. Tambi\u00e9n era capaz de activar el Mangeky\u014d Sharingan, que adoptaba la forma de un molinete rojo de tres puntas en cuyo centro destacaba su pupila.<\/p>","protected":false},"excerpt":{"rendered":"<p>Uchiha Naka MS sharingan lentes de contacto Naka era al menos h\u00e1bil con el kenjutsu, teniendo en cuenta que ten\u00eda una espada. Fue capaz de despertar el d\u014djutsu kekkei genkai de su clan: el Sharingan. El d\u014djutsu le otorgaba la capacidad de utilizar la t\u00e9cnica Izanagi, que al parecer utilizaba obsesivamente con tal destreza que pod\u00eda sobrevivir a combates contra [...]","protected":false},"featured_media":15524,"comment_status":"open","ping_status":"closed","template":"","meta":[],"product_brand":[],"product_cat":[49],"product_tag":[80,837],"class_list":{"0":"post-15324","1":"product","2":"type-product","3":"status-publish","4":"has-post-thumbnail","6":"product_cat-sharingan-contacts","7":"product_tag-sharingan-contacts","8":"product_tag-uchiha-naka-ms","10":"first","11":"instock","12":"sale","13":"featured","14":"taxable","15":"shipping-taxable","16":"purchasable","17":"product-type-variable","18":"has-default-attributes"},"_links":{"self":[{"href":"https:\/\/sharingan.us\/es\/wp-json\/wp\/v2\/product\/15324","targetHints":{"allow":["GET"]}}],"collection":[{"href":"https:\/\/sharingan.us\/es\/wp-json\/wp\/v2\/product"}],"about":[{"href":"https:\/\/sharingan.us\/es\/wp-json\/wp\/v2\/types\/product"}],"replies":[{"embeddable":true,"href":"https:\/\/sharingan.us\/es\/wp-json\/wp\/v2\/comments?post=15324"}],"wp:featuredmedia":[{"embeddable":true,"href":"https:\/\/sharingan.us\/es\/wp-json\/wp\/v2\/media\/15524"}],"wp:attachment":[{"href":"https:\/\/sharingan.us\/es\/wp-json\/wp\/v2\/media?parent=15324"}],"wp:term":[{"taxonomy":"product_brand","embeddable":true,"href":"https:\/\/sharingan.us\/es\/wp-json\/wp\/v2\/product_brand?post=15324"},{"taxonomy":"product_cat","embeddable":true,"href":"https:\/\/sharingan.us\/es\/wp-json\/wp\/v2\/product_cat?post=15324"},{"taxonomy":"product_tag","embeddable":true,"href":"https:\/\/sharingan.us\/es\/wp-json\/wp\/v2\/product_tag?post=15324"}],"curies":[{"name":"wp","href":"https:\/\/api.w.org\/{rel}","templated":true}]}}