{"id":14964,"date":"2022-04-06T00:19:26","date_gmt":"2022-04-06T04:19:26","guid":{"rendered":"https:\/\/sharingan.us\/?post_type=product&#038;p=14964"},"modified":"2024-10-05T15:34:49","modified_gmt":"2024-10-05T07:34:49","slug":"regalo-sharingan-misterioso-al-azar","status":"publish","type":"product","link":"https:\/\/sharingan.us\/es\/regalo-sharingan-misterioso-al-azar\/","title":{"rendered":"Regalo misterioso aleatorio del Sharingan"},"content":{"rendered":"<p>Abraza el poder del Sharingan con nuestro emocionante Set de Regalo Misterioso Aleatorio. Cada set contiene un surtido sorpresa de art\u00edculos premium con tem\u00e1tica Sharingan, incluyendo lentes de contacto para cosplay, ropa y accesorios. \u00a1Descubre tu destino Uchiha \u00fanico hoy mismo!<\/p>\n<p>\u00a1Atenci\u00f3n a todos los fans de Naruto y entusiastas del cosplay! \u00bfEst\u00e1s listo para aprovechar los legendarios poderes oculares del clan Uchiha? Prep\u00e1rate para embarcarte en un emocionante viaje de autodescubrimiento con nuestro set de regalos Random Mystery Sharingan.<\/p>\n<p>Cada set, cuidadosamente seleccionado, contiene un surtido sorpresa de art\u00edculos de alta calidad con tem\u00e1tica del Sharingan, dise\u00f1ados para ayudarte a dar rienda suelta al Uchiha que llevas dentro. Desde fascinantes lentes de contacto para cosplay que reproducen a la perfecci\u00f3n el ic\u00f3nico patr\u00f3n rojo y negro del Sharingan hasta elegantes prendas y accesorios adornados con el s\u00edmbolo del clan, cada pieza se elabora con una meticulosa atenci\u00f3n al detalle y la autenticidad.<\/p>\n<p>Imagina la emoci\u00f3n de abrir la caja de tu Set de Regalos Misteriosos Aleatorios sin saber qu\u00e9 habilidades espec\u00edficas del Sharingan vas a manifestar. \u00bfDespertar\u00e1s la destreza hipn\u00f3tica del Tsukuyomi de Itachi, el poder explosivo del Amaterasu de Sasuke, o tal vez el poder transformador de la realidad del Kotoamatsukami de Shisui? Las posibilidades son infinitas, \u00a1y la anticipaci\u00f3n es la mitad de la diversi\u00f3n!<\/p>\n<p>Estos art\u00edculos no s\u00f3lo elevar\u00e1n tu cosplay de Naruto a nuevas cotas, sino que tambi\u00e9n son fant\u00e1sticos regalos para otros fans y coleccionistas. Tanto si te est\u00e1s preparando para una convenci\u00f3n, una sesi\u00f3n de fotos o simplemente quieres canalizar a tu personaje Uchiha favorito en tu vida diaria, nuestro set de regalos Random Mystery Sharingan es la forma perfecta de expresar tu amor por la serie.<\/p>\n<p>No te pierdas esta oportunidad de abrazar el legado del clan Uchiha y descubrir tus propios poderes oculares \u00fanicos. Pide hoy mismo tu Random Mystery Gift Set y prep\u00e1rate para dar la campanada en el mundo del fandom de Naruto y m\u00e1s all\u00e1.<\/p>","protected":false},"excerpt":{"rendered":"<p>Abraza el poder del Sharingan con nuestro emocionante Set de Regalo Misterioso Aleatorio. Cada set contiene un surtido sorpresa de art\u00edculos premium con tem\u00e1tica Sharingan, incluyendo lentes de contacto para cosplay, ropa y accesorios. \u00a1Descubre tu destino Uchiha hoy mismo! \u00a1Atenci\u00f3n a todos los fans de Naruto y entusiastas del cosplay! \u00bfEst\u00e1s preparado para aprovechar los legendarios poderes oculares del [...]","protected":false},"featured_media":14967,"comment_status":"open","ping_status":"closed","template":"","meta":[],"product_brand":[],"product_cat":[15],"product_tag":[858],"class_list":{"0":"post-14964","1":"product","2":"type-product","3":"status-publish","4":"has-post-thumbnail","6":"product_cat-uncategorized","7":"product_tag-sharingan-gift","9":"first","10":"instock","11":"taxable","12":"shipping-taxable","13":"purchasable","14":"product-type-simple"},"_links":{"self":[{"href":"https:\/\/sharingan.us\/es\/wp-json\/wp\/v2\/product\/14964","targetHints":{"allow":["GET"]}}],"collection":[{"href":"https:\/\/sharingan.us\/es\/wp-json\/wp\/v2\/product"}],"about":[{"href":"https:\/\/sharingan.us\/es\/wp-json\/wp\/v2\/types\/product"}],"replies":[{"embeddable":true,"href":"https:\/\/sharingan.us\/es\/wp-json\/wp\/v2\/comments?post=14964"}],"wp:featuredmedia":[{"embeddable":true,"href":"https:\/\/sharingan.us\/es\/wp-json\/wp\/v2\/media\/14967"}],"wp:attachment":[{"href":"https:\/\/sharingan.us\/es\/wp-json\/wp\/v2\/media?parent=14964"}],"wp:term":[{"taxonomy":"product_brand","embeddable":true,"href":"https:\/\/sharingan.us\/es\/wp-json\/wp\/v2\/product_brand?post=14964"},{"taxonomy":"product_cat","embeddable":true,"href":"https:\/\/sharingan.us\/es\/wp-json\/wp\/v2\/product_cat?post=14964"},{"taxonomy":"product_tag","embeddable":true,"href":"https:\/\/sharingan.us\/es\/wp-json\/wp\/v2\/product_tag?post=14964"}],"curies":[{"name":"wp","href":"https:\/\/api.w.org\/{rel}","templated":true}]}}