{"id":13258,"date":"2021-12-15T06:21:47","date_gmt":"2021-12-15T10:21:47","guid":{"rendered":"https:\/\/sharingan.us\/?post_type=product&#038;p=13258"},"modified":"2025-12-09T21:22:10","modified_gmt":"2025-12-09T13:22:10","slug":"contactos-mitsuki","status":"publish","type":"product","link":"https:\/\/sharingan.us\/es\/contactos-mitsuki\/","title":{"rendered":"Mitsuki Contactos - Amarillo Marr\u00f3n"},"content":{"rendered":"<h4>Contactos de Mitsuki<\/h4>\n<p>Te presentamos las lentillas Naruto Mitsuki: \u00a1la forma perfecta de a\u00f1adir un toque de autenticidad a tu cosplay de Naruto! Estas lentillas de alta calidad est\u00e1n dise\u00f1adas para imitar el aspecto \u00fanico de los ojos de Mitsuki de la popular serie de anime.<\/p>\n<p>Fabricadas con materiales de primera calidad, estas lentillas son c\u00f3modas de llevar y f\u00e1ciles de usar. El dise\u00f1o est\u00e1 intrincadamente detallado con un llamativo patr\u00f3n amarillo y negro, que har\u00e1 que tus ojos destaquen y a\u00f1adir\u00e1 un toque de misterio a tu disfraz.<\/p>\n<p>Tanto si vas a asistir a un evento de cosplay como si simplemente quieres presumir de tu amor por la serie Naruto, estas lentillas Mitsuki son la elecci\u00f3n perfecta. Son adecuadas para una gran variedad de ocasiones y eventos de cosplay, y seguro que impresionar\u00e1n a todos los que te rodeen.<\/p>\n<p>\u00bfA qu\u00e9 esperas? Pide hoy mismo tus lentes de contacto Mitsuki y lleva tu cosplay al siguiente nivel.<\/p>","protected":false},"excerpt":{"rendered":"<p>Lentillas Mitsuki Presentamos las lentillas Mitsuki de Naruto: \u00a1la forma perfecta de a\u00f1adir un toque de autenticidad a tu cosplay de Naruto! Estas lentillas de alta calidad est\u00e1n dise\u00f1adas para imitar el aspecto \u00fanico de los ojos de Mitsuki, de la popular serie de anime. Fabricadas con materiales de primera calidad, estas lentillas son c\u00f3modas de llevar y f\u00e1ciles de usar. El dise\u00f1o [...]","protected":false},"featured_media":20276,"comment_status":"open","ping_status":"closed","template":"","meta":[],"product_brand":[916],"product_cat":[83],"product_tag":[514],"class_list":{"0":"post-13258","1":"product","2":"type-product","3":"status-publish","4":"has-post-thumbnail","6":"product_brand-colored-contacts-us","7":"product_cat-cosplay-contacts","8":"product_tag-mitsuki","10":"first","11":"instock","12":"sale","13":"taxable","14":"shipping-taxable","15":"purchasable","16":"product-type-variable","17":"has-default-attributes"},"_links":{"self":[{"href":"https:\/\/sharingan.us\/es\/wp-json\/wp\/v2\/product\/13258","targetHints":{"allow":["GET"]}}],"collection":[{"href":"https:\/\/sharingan.us\/es\/wp-json\/wp\/v2\/product"}],"about":[{"href":"https:\/\/sharingan.us\/es\/wp-json\/wp\/v2\/types\/product"}],"replies":[{"embeddable":true,"href":"https:\/\/sharingan.us\/es\/wp-json\/wp\/v2\/comments?post=13258"}],"wp:featuredmedia":[{"embeddable":true,"href":"https:\/\/sharingan.us\/es\/wp-json\/wp\/v2\/media\/20276"}],"wp:attachment":[{"href":"https:\/\/sharingan.us\/es\/wp-json\/wp\/v2\/media?parent=13258"}],"wp:term":[{"taxonomy":"product_brand","embeddable":true,"href":"https:\/\/sharingan.us\/es\/wp-json\/wp\/v2\/product_brand?post=13258"},{"taxonomy":"product_cat","embeddable":true,"href":"https:\/\/sharingan.us\/es\/wp-json\/wp\/v2\/product_cat?post=13258"},{"taxonomy":"product_tag","embeddable":true,"href":"https:\/\/sharingan.us\/es\/wp-json\/wp\/v2\/product_tag?post=13258"}],"curies":[{"name":"wp","href":"https:\/\/api.w.org\/{rel}","templated":true}]}}