{"id":12894,"date":"2021-12-15T02:54:20","date_gmt":"2021-12-15T06:54:20","guid":{"rendered":"https:\/\/sharingan.us\/?post_type=product&#038;p=12894"},"modified":"2024-10-05T15:34:49","modified_gmt":"2024-10-05T07:34:49","slug":"uchiha-obito-cosplay-mascara","status":"publish","type":"product","link":"https:\/\/sharingan.us\/es\/uchiha-obito-cosplay-mascara\/","title":{"rendered":"M\u00e1scara Uchiha Obito Cosplay"},"content":{"rendered":"<h4>M\u00e1scara Uchiha Obito Cosplay<\/h4>\n<p>Acerca de Obito Cosplay Mask\uff1aDe ni\u00f1o, Obito ten\u00eda los ojos negros y el pelo negro, corto y de punta. Vest\u00eda un uniforme azul de manga larga y una chaqueta azul con cuello y ribetes naranjas. La chaqueta estaba sujeta al resto del traje por dos botones en el cuello y ten\u00eda el escudo del clan Uchiha en la espalda. Tambi\u00e9n llevaba un cintur\u00f3n blanco, sandalias shinobi, el protector de frente azul oscuro est\u00e1ndar de Konoha y un par de gafas con lentes naranjas conectadas a protectores de o\u00eddos. La mitad derecha de su rostro qued\u00f3 con muchas cicatrices tras los sucesos de Kusagakure, parecidas a arrugas, mientras que la mitad derecha destruida de su torso y su brazo derecho han sido sustituidos por materia Zetsu blanca, de un color mucho m\u00e1s claro que su cuerpo. Su pelo creci\u00f3 durante su rehabilitaci\u00f3n, y se lo dejaba crecer y cortar repetidamente a lo largo de los a\u00f1os.<\/p>","protected":false},"excerpt":{"rendered":"<p>Talla universal, apta para mayores de 8 a\u00f1os<\/p>","protected":false},"featured_media":12903,"comment_status":"open","ping_status":"closed","template":"","meta":[],"product_brand":[],"product_cat":[511],"product_tag":[],"class_list":{"0":"post-12894","1":"product","2":"type-product","3":"status-publish","4":"has-post-thumbnail","6":"product_cat-halloween-masks","8":"first","9":"instock","10":"sale","11":"taxable","12":"shipping-taxable","13":"purchasable","14":"product-type-simple"},"_links":{"self":[{"href":"https:\/\/sharingan.us\/es\/wp-json\/wp\/v2\/product\/12894","targetHints":{"allow":["GET"]}}],"collection":[{"href":"https:\/\/sharingan.us\/es\/wp-json\/wp\/v2\/product"}],"about":[{"href":"https:\/\/sharingan.us\/es\/wp-json\/wp\/v2\/types\/product"}],"replies":[{"embeddable":true,"href":"https:\/\/sharingan.us\/es\/wp-json\/wp\/v2\/comments?post=12894"}],"wp:featuredmedia":[{"embeddable":true,"href":"https:\/\/sharingan.us\/es\/wp-json\/wp\/v2\/media\/12903"}],"wp:attachment":[{"href":"https:\/\/sharingan.us\/es\/wp-json\/wp\/v2\/media?parent=12894"}],"wp:term":[{"taxonomy":"product_brand","embeddable":true,"href":"https:\/\/sharingan.us\/es\/wp-json\/wp\/v2\/product_brand?post=12894"},{"taxonomy":"product_cat","embeddable":true,"href":"https:\/\/sharingan.us\/es\/wp-json\/wp\/v2\/product_cat?post=12894"},{"taxonomy":"product_tag","embeddable":true,"href":"https:\/\/sharingan.us\/es\/wp-json\/wp\/v2\/product_tag?post=12894"}],"curies":[{"name":"wp","href":"https:\/\/api.w.org\/{rel}","templated":true}]}}