{"id":11841,"date":"2021-12-14T09:11:01","date_gmt":"2021-12-14T13:11:01","guid":{"rendered":"https:\/\/sharingan.us\/?post_type=product&#038;p=11841"},"modified":"2024-10-05T15:34:52","modified_gmt":"2024-10-05T07:34:52","slug":"akatsuki-capa-cosplay-disfraz","status":"publish","type":"product","link":"https:\/\/sharingan.us\/es\/akatsuki-capa-cosplay-disfraz\/","title":{"rendered":"Akatsuki Capa Larga - Akatsuki Cosplay Costume"},"content":{"rendered":"<h2>Akatsuki Capa Larga T\u00fanica Cosplay Costume<\/h2>\n<p>Bienvenido a Sharingan Contacts, donde te ofrecemos la serie de disfraces de Cosplay de Akatsuki m\u00e1s cautivadora y aut\u00e9ntica: la T\u00fanica Larga de Capa de Akatsuki. Esta capa es la elecci\u00f3n perfecta para los fans del Sharingan y entusiastas del anime, lo que le permite experimentar la verdadera esencia de ser un miembro de Akatsuki mientras muestra su personalidad \u00fanica.<\/p>\n<p>Nuestra t\u00fanica larga Akatsuki est\u00e1 confeccionada con tejido de alta calidad para garantizar su comodidad y durabilidad. Reproduce a la perfecci\u00f3n el atuendo de la organizaci\u00f3n Akatsuki, con el ic\u00f3nico estampado de nubes rojas sobre un elegante fondo negro. La larga longitud de la capa a\u00f1ade un aire de misterio e intriga a tu cosplay, convirti\u00e9ndola en una pieza destacada para convenciones, fiestas de disfraces o eventos tem\u00e1ticos.<\/p>\n<p>Dise\u00f1ada con atenci\u00f3n al detalle, la t\u00fanica larga Akatsuki Cloak captura la esencia de la popular serie de anime sin renunciar a la calidad. Ofrece un ajuste c\u00f3modo y est\u00e1 disponible en varias tallas para adaptarse a distintos tipos de cuerpo. El dise\u00f1o fluido de la capa y el tejido ligero facilitan el movimiento, lo que garantiza que puedas encarnar a tu personaje favorito de Akatsuki con confianza y estilo.<\/p>\n<p>Combina la t\u00fanica larga Akatsuki Cloak con nuestras lentillas Sharingan para conseguir la transformaci\u00f3n definitiva en tu disfraz. Estas lentes de contacto, inspiradas en el ic\u00f3nico ojo Sharingan, a\u00f1aden una capa extra de autenticidad a tu disfraz. Con sus vibrantes colores e intrincados patrones, seguro que impresionar\u00e1n a tus compa\u00f1eros fans y mostrar\u00e1n tu dedicaci\u00f3n al mundo Akatsuki.<\/p>\n<p>\u00danete a las filas de la organizaci\u00f3n Akatsuki y da rienda suelta al ninja que llevas dentro con la t\u00fanica larga Akatsuki - Disfraz de Cosplay de Akatsuki. Experimenta la emoci\u00f3n de encarnar a tus personajes favoritos y crea recuerdos inolvidables con este extraordinario conjunto de cosplay. Pide el tuyo hoy mismo y ad\u00e9ntrate en el mundo del Sharingan.<\/p>","protected":false},"excerpt":{"rendered":"<p>Disfraz de Cosplay de Capa Larga de Akatsuki Bienvenido a Sharingan Contacts, donde te ofrecemos la serie de Disfraces de Cosplay de Akatsuki m\u00e1s cautivadora y aut\u00e9ntica: la Capa Larga de Akatsuki. Esta capa es la elecci\u00f3n perfecta para los fans del Sharingan y los entusiastas del anime, ya que te permite experimentar la verdadera esencia de ser un miembro de Akatsuki mientras [...]","protected":false},"featured_media":11833,"comment_status":"open","ping_status":"closed","template":"","meta":[],"product_brand":[],"product_cat":[96,838],"product_tag":[480,470],"class_list":{"0":"post-11841","1":"product","2":"type-product","3":"status-publish","4":"has-post-thumbnail","6":"product_cat-cosplay-costume","7":"product_cat-akatsuki-asu","8":"product_tag-akatsuki","9":"product_tag-akatsuki-cloak","11":"first","12":"instock","13":"sale","14":"taxable","15":"shipping-taxable","16":"purchasable","17":"product-type-variable","18":"has-default-attributes"},"_links":{"self":[{"href":"https:\/\/sharingan.us\/es\/wp-json\/wp\/v2\/product\/11841","targetHints":{"allow":["GET"]}}],"collection":[{"href":"https:\/\/sharingan.us\/es\/wp-json\/wp\/v2\/product"}],"about":[{"href":"https:\/\/sharingan.us\/es\/wp-json\/wp\/v2\/types\/product"}],"replies":[{"embeddable":true,"href":"https:\/\/sharingan.us\/es\/wp-json\/wp\/v2\/comments?post=11841"}],"wp:featuredmedia":[{"embeddable":true,"href":"https:\/\/sharingan.us\/es\/wp-json\/wp\/v2\/media\/11833"}],"wp:attachment":[{"href":"https:\/\/sharingan.us\/es\/wp-json\/wp\/v2\/media?parent=11841"}],"wp:term":[{"taxonomy":"product_brand","embeddable":true,"href":"https:\/\/sharingan.us\/es\/wp-json\/wp\/v2\/product_brand?post=11841"},{"taxonomy":"product_cat","embeddable":true,"href":"https:\/\/sharingan.us\/es\/wp-json\/wp\/v2\/product_cat?post=11841"},{"taxonomy":"product_tag","embeddable":true,"href":"https:\/\/sharingan.us\/es\/wp-json\/wp\/v2\/product_tag?post=11841"}],"curies":[{"name":"wp","href":"https:\/\/api.w.org\/{rel}","templated":true}]}}