{"id":7518,"date":"2021-11-29T05:43:19","date_gmt":"2021-11-29T09:43:19","guid":{"rendered":"https:\/\/sharingan.us\/?page_id=7518"},"modified":"2021-11-29T05:52:13","modified_gmt":"2021-11-29T09:52:13","slug":"donde-puedo-comprar-contactos-sharingan","status":"publish","type":"page","link":"https:\/\/sharingan.us\/es\/donde-puedo-comprar-contactos-sharingan\/","title":{"rendered":"\u00bfd\u00f3nde puedo comprar contactos sharingan?"},"content":{"rendered":"<p>Muchos de nuestros fans preguntan d\u00f3nde puedo comprar contactos sharingan. Hay muchas tiendas que las venden en Internet, pero no muchas est\u00e1n cualificadas. Si compras lentes de contacto sharingan debes prestar atenci\u00f3n a los siguientes puntos.<\/p>\n<p>1. El producto debe proceder de una f\u00e1brica segura y cualificada, una empresa con certificaci\u00f3n de seguridad CE, FDA, ISO, lo cual es muy importante para la seguridad de sus ojos.<br \/>2. Gracias a la tecnolog\u00eda de te\u00f1ido en s\u00e1ndwich, el pigmento no entrar\u00e1 en contacto directo con la c\u00f3rnea, lo cual es muy importante.<br \/>3. Impresi\u00f3n de patrones a todo color y de alta definici\u00f3n.<br \/>4. el contenido de agua est\u00e1 entre 38%-40%, lo que afectar\u00e1 a la comodidad de uso durante mucho tiempo.<br \/>5. alta permeabilidad al ox\u00edgeno<br \/>6. alta pureza de los materiales de fabricaci\u00f3n, utilizamos los mejores materiales del mundo.<\/p>","protected":false},"excerpt":{"rendered":"<p>Many of our fans are asking where I can buy sharingan contacts. There are many stores selling them on the internet, but not many are qualified. If you buy sharingan contact lenses you must pay attention to the following points. 1. The product must come from a safe and qualified factory, a company with CE, [&#8230;]","protected":false},"author":1,"featured_media":0,"parent":0,"menu_order":0,"comment_status":"closed","ping_status":"closed","template":"","meta":{"footnotes":""},"class_list":["post-7518","page","type-page","status-publish","hentry"],"_links":{"self":[{"href":"https:\/\/sharingan.us\/es\/wp-json\/wp\/v2\/pages\/7518","targetHints":{"allow":["GET"]}}],"collection":[{"href":"https:\/\/sharingan.us\/es\/wp-json\/wp\/v2\/pages"}],"about":[{"href":"https:\/\/sharingan.us\/es\/wp-json\/wp\/v2\/types\/page"}],"author":[{"embeddable":true,"href":"https:\/\/sharingan.us\/es\/wp-json\/wp\/v2\/users\/1"}],"replies":[{"embeddable":true,"href":"https:\/\/sharingan.us\/es\/wp-json\/wp\/v2\/comments?post=7518"}],"version-history":[{"count":0,"href":"https:\/\/sharingan.us\/es\/wp-json\/wp\/v2\/pages\/7518\/revisions"}],"wp:attachment":[{"href":"https:\/\/sharingan.us\/es\/wp-json\/wp\/v2\/media?parent=7518"}],"curies":[{"name":"wp","href":"https:\/\/api.w.org\/{rel}","templated":true}]}}