{"id":7468,"date":"2021-11-28T05:48:27","date_gmt":"2021-11-28T09:48:27","guid":{"rendered":"https:\/\/sharingan.us\/?page_id=7468"},"modified":"2022-10-02T22:20:05","modified_gmt":"2022-10-02T14:20:05","slug":"envio","status":"publish","type":"page","link":"https:\/\/sharingan.us\/es\/envio\/","title":{"rendered":"env\u00edo"},"content":{"rendered":"<h4 data-sanitized-data-mce-fragment=\"1\">Actualizaciones del servicio debido al brote de COVID-19<\/h4>\n<p data-sanitized-data-mce-fragment=\"1\"><em data-sanitized-data-mce-fragment=\"1\">Actualizaci\u00f3n 1 de octubre de 2022<\/em><\/p>\n<p data-sanitized-data-mce-fragment=\"1\">Se destacan las actualizaciones.<br data-sanitized-data-mce-fragment=\"1\" \/>En\u00a0<em data-sanitized-data-mce-fragment=\"1\"><strong data-sanitized-data-mce-fragment=\"1\">Contactos del Sharingan<\/strong><\/em>Siempre estamos evaluando c\u00f3mo optimizar nuestras operaciones para satisfacer las expectativas de nuestros clientes.<br data-sanitized-data-mce-fragment=\"1\" \/>COVID-19 ha perturbado las cadenas de suministro en todo el mundo, y la capacidad de carga a\u00e9rea es extremadamente limitada. nos esforzaremos al m\u00e1ximo para ofrecer la mejor experiencia al cliente en todo momento.\u00a0<em data-sanitized-data-mce-fragment=\"1\">Algunos paquetes pueden requerir m\u00e1s tiempo para ser entregados debido a la limitada disponibilidad de transporte como resultado de los impactos de COVID-19 en curso.<\/em>.<\/p>\n<p data-sanitized-data-mce-fragment=\"1\">Tenga en cuenta que la informaci\u00f3n est\u00e1 sujeta a cambios sin previo aviso debido a la naturaleza din\u00e1mica de la situaci\u00f3n de COVID-19.<\/p>\n<h4 data-sanitized-data-mce-fragment=\"1\">Gastos de env\u00edo<\/h4>\n<p data-sanitized-data-mce-fragment=\"1\">Si el pedido es inferior a\u00a0<em data-sanitized-data-mce-fragment=\"1\"><strong data-sanitized-data-mce-fragment=\"1\">$15<\/strong><\/em>gastos de env\u00edo de\u00a0<em data-sanitized-data-mce-fragment=\"1\"><strong data-sanitized-data-mce-fragment=\"1\">$5.99<\/strong><\/em>\u00a0se cobrar\u00e1. M\u00e1s de <em data-sanitized-data-mce-fragment=\"1\"><strong data-sanitized-data-mce-fragment=\"1\">$15<\/strong><\/em>,\u00a0<em data-sanitized-data-mce-fragment=\"1\"><strong data-sanitized-data-mce-fragment=\"1\">env\u00edo gratuito<\/strong><\/em>\u00a0se disfrutar\u00e1.<\/p>\n<h4 data-sanitized-data-mce-fragment=\"1\">Calendario de env\u00edos<\/h4>\n<p data-sanitized-data-mce-fragment=\"1\">Una vez entregado el paquete, recibir\u00e1 un correo electr\u00f3nico de alerta en su buz\u00f3n. El n\u00famero de seguimiento que figura en el interior permite seguir el estado del paquete en el momento oportuno. En la mayor\u00eda de los pa\u00edses o en su localidad, normalmente tardar\u00e1\u00a0<strong>7<\/strong><strong data-sanitized-data-mce-fragment=\"1\">\u00a0a 20<\/strong>\u00a0d\u00edas naturales para que llegue el paquete.<\/p>\n<table border=\"1\" data-sanitized-data-mce-fragment=\"1\">\n<tbody data-sanitized-data-mce-fragment=\"1\">\n<tr data-sanitized-data-mce-fragment=\"1\">\n<th data-sanitized-data-mce-fragment=\"1\">Pa\u00edses<\/th>\n<th data-sanitized-data-mce-fragment=\"1\">Plazo de entrega (d\u00edas naturales)<\/th>\n<\/tr>\n<tr data-sanitized-data-mce-fragment=\"1\">\n<td data-sanitized-data-mce-fragment=\"1\">\u00a0 Francia, Alemania, Reino Unido, Pa\u00edses Bajos<\/td>\n<td data-sanitized-data-mce-fragment=\"1\">\u00a0 7-14 d\u00edas<\/td>\n<\/tr>\n<tr data-sanitized-data-mce-fragment=\"1\">\n<td data-sanitized-data-mce-fragment=\"1\">\u00a0 Estados Unidos, Canad\u00e1, Noruega, Espa\u00f1a, Suecia, B\u00e9lgica, Suiza y Dinamarca.<\/td>\n<td data-sanitized-data-mce-fragment=\"1\">\u00a0 7-12 d\u00edas<\/td>\n<\/tr>\n<tr data-sanitized-data-mce-fragment=\"1\">\n<td data-sanitized-data-mce-fragment=\"1\">\u00a0Finlandia,Grecia,Italia,Hungr\u00eda<\/td>\n<td data-sanitized-data-mce-fragment=\"1\">\u00a0 9-20 d\u00edas<\/td>\n<\/tr>\n<tr data-sanitized-data-mce-fragment=\"1\">\n<td data-sanitized-data-mce-fragment=\"1\">\u00a0 DHL Express (En situaci\u00f3n normal) Mayor\u00eda de los pa\u00edsesDentro de 10 d\u00edas.<br data-sanitized-data-mce-fragment=\"1\" \/>Si desea utilizar DHL Express, p\u00f3ngase en contacto con nuestro servicio de atenci\u00f3n al cliente.<\/td>\n<td><\/td>\n<\/tr>\n<\/tbody>\n<\/table>","protected":false},"excerpt":{"rendered":"<p>Actualizaciones del servicio debido al brote de COVID-19 Actualizaci\u00f3n del 1 de octubre de 2022 Las actualizaciones est\u00e1n resaltadas.En Sharingan Contacts, siempre estamos evaluando c\u00f3mo optimizar nuestras operaciones para satisfacer las expectativas de nuestros clientes.COVID-19 ha interrumpido las cadenas de suministro a nivel mundial, y la capacidad de carga a\u00e9rea es extremadamente limitada.Haremos todo lo posible para ofrecer la mejor experiencia al cliente cada [...].","protected":false},"author":1,"featured_media":0,"parent":0,"menu_order":0,"comment_status":"closed","ping_status":"closed","template":"","meta":{"footnotes":""},"class_list":["post-7468","page","type-page","status-publish","hentry"],"_links":{"self":[{"href":"https:\/\/sharingan.us\/es\/wp-json\/wp\/v2\/pages\/7468","targetHints":{"allow":["GET"]}}],"collection":[{"href":"https:\/\/sharingan.us\/es\/wp-json\/wp\/v2\/pages"}],"about":[{"href":"https:\/\/sharingan.us\/es\/wp-json\/wp\/v2\/types\/page"}],"author":[{"embeddable":true,"href":"https:\/\/sharingan.us\/es\/wp-json\/wp\/v2\/users\/1"}],"replies":[{"embeddable":true,"href":"https:\/\/sharingan.us\/es\/wp-json\/wp\/v2\/comments?post=7468"}],"version-history":[{"count":0,"href":"https:\/\/sharingan.us\/es\/wp-json\/wp\/v2\/pages\/7468\/revisions"}],"wp:attachment":[{"href":"https:\/\/sharingan.us\/es\/wp-json\/wp\/v2\/media?parent=7468"}],"curies":[{"name":"wp","href":"https:\/\/api.w.org\/{rel}","templated":true}]}}