{"id":7453,"date":"2021-11-28T05:38:59","date_gmt":"2021-11-28T09:38:59","guid":{"rendered":"https:\/\/sharingan.us\/?page_id=7453"},"modified":"2024-01-28T15:51:37","modified_gmt":"2024-01-28T07:51:37","slug":"politica-de-devoluciones","status":"publish","type":"page","link":"https:\/\/sharingan.us\/es\/politica-de-devoluciones\/","title":{"rendered":"Pol\u00edtica de devoluciones y reembolsos"},"content":{"rendered":"<p>Tenemos un\u00a0<strong>30 d\u00edas<\/strong>\u00a0lo que significa que dispone de 30 d\u00edas despu\u00e9s de recibir el art\u00edculo para solicitar su devoluci\u00f3n.<\/p>\n<p>Para poder realizar una devoluci\u00f3n, el art\u00edculo debe estar en las mismas condiciones en que lo recibiste, sin usar, con las etiquetas y en su embalaje original. Tambi\u00e9n necesitar\u00e1s el recibo o la prueba de compra.<\/p>\n<p>Para iniciar una devoluci\u00f3n, puede ponerse en contacto con nosotros en\u00a0<em><strong><a href=\"mailto:service@sharingan.us\">service@sharingan.us<\/a><\/strong><\/em>. Procesaremos su solicitud en 48hrs. Si su devoluci\u00f3n es aceptada, le enviaremos una etiqueta de devoluci\u00f3n y la direcci\u00f3n de devoluci\u00f3n m\u00e1s cercana, as\u00ed como instrucciones sobre c\u00f3mo y d\u00f3nde enviar su paquete. No se aceptar\u00e1n los art\u00edculos que se nos env\u00eden sin haber solicitado previamente la devoluci\u00f3n.<\/p>\n<p>Siempre puede ponerse en contacto con nosotros para cualquier consulta sobre devoluciones en\u00a0<em><strong><a href=\"mailto:service@sharingan.us\">servicio@<\/a><a href=\"mailto:service@sharingan.us\">sharingan.es<\/a><\/strong><\/em><\/p>\n<p><strong>Da\u00f1os y perjuicios<\/strong><br \/>\nPor favor, inspeccione su pedido al recibirlo y p\u00f3ngase en contacto con nosotros inmediatamente si el art\u00edculo est\u00e1 defectuoso, da\u00f1ado o si recibe un art\u00edculo equivocado, para que podamos evaluar el problema y solucionarlo.<\/p>\n<p><strong>Excepciones \/ art\u00edculos no retornables<\/strong><br \/>\nCiertos tipos de art\u00edculos no pueden devolverse, como productos perecederos (como alimentos, flores o plantas), productos a medida (como pedidos especiales o art\u00edculos personalizados) y art\u00edculos de cuidado personal (como productos de belleza). Tampoco aceptamos devoluciones de materiales peligrosos, l\u00edquidos inflamables o gases. P\u00f3ngase en contacto con nosotros si tiene alguna pregunta o duda sobre un art\u00edculo concreto.<\/p>\n<p>Lamentablemente, no podemos aceptar devoluciones de art\u00edculos en oferta o tarjetas regalo.<\/p>\n<p><strong>Intercambios<\/strong><br \/>\nLa forma m\u00e1s r\u00e1pida de asegurarse lo que quiere es devolver el art\u00edculo que tiene y, una vez aceptada la devoluci\u00f3n, hacer una compra por separado del nuevo art\u00edculo.<\/p>\n<p><strong>Reembolsos<\/strong><br \/>\nLe notificaremos una vez hayamos recibido e inspeccionado su devoluci\u00f3n, y le haremos saber si el reembolso ha sido aprobado o no. Si se aprueba, recibir\u00e1 la direcci\u00f3n de devoluci\u00f3n y el reembolso autom\u00e1tico en su m\u00e9todo de pago original una vez que hayamos recibido el art\u00edculo devuelto. Por favor, recuerde que puede tomar alg\u00fan tiempo para que su banco o compa\u00f1\u00eda de tarjeta de cr\u00e9dito para procesar y publicar el reembolso tambi\u00e9n (siempre necesitan 48 horas).<\/p>","protected":false},"excerpt":{"rendered":"<p>Tenemos una pol\u00edtica de devoluci\u00f3n de 30 d\u00edas, lo que significa que tiene 30 d\u00edas despu\u00e9s de recibir su art\u00edculo para solicitar una devoluci\u00f3n. Para poder solicitar una devoluci\u00f3n, el art\u00edculo debe estar en las mismas condiciones en las que lo recibiste, sin usar, con las etiquetas y en su embalaje original. Tambi\u00e9n necesitar\u00e1s el recibo o la prueba de compra. [...]","protected":false},"author":1,"featured_media":0,"parent":0,"menu_order":0,"comment_status":"closed","ping_status":"closed","template":"","meta":{"footnotes":""},"class_list":["post-7453","page","type-page","status-publish","hentry"],"_links":{"self":[{"href":"https:\/\/sharingan.us\/es\/wp-json\/wp\/v2\/pages\/7453","targetHints":{"allow":["GET"]}}],"collection":[{"href":"https:\/\/sharingan.us\/es\/wp-json\/wp\/v2\/pages"}],"about":[{"href":"https:\/\/sharingan.us\/es\/wp-json\/wp\/v2\/types\/page"}],"author":[{"embeddable":true,"href":"https:\/\/sharingan.us\/es\/wp-json\/wp\/v2\/users\/1"}],"replies":[{"embeddable":true,"href":"https:\/\/sharingan.us\/es\/wp-json\/wp\/v2\/comments?post=7453"}],"version-history":[{"count":0,"href":"https:\/\/sharingan.us\/es\/wp-json\/wp\/v2\/pages\/7453\/revisions"}],"wp:attachment":[{"href":"https:\/\/sharingan.us\/es\/wp-json\/wp\/v2\/media?parent=7453"}],"curies":[{"name":"wp","href":"https:\/\/api.w.org\/{rel}","templated":true}]}}