{"id":7419,"date":"2021-11-28T05:09:28","date_gmt":"2021-11-28T09:09:28","guid":{"rendered":"https:\/\/sharingan.us\/?page_id=7419"},"modified":"2024-04-07T21:29:57","modified_gmt":"2024-04-07T13:29:57","slug":"verificacion-de-recetas","status":"publish","type":"page","link":"https:\/\/sharingan.us\/es\/verificacion-de-recetas\/","title":{"rendered":"Verificaci\u00f3n de recetas"},"content":{"rendered":"<h4>Proceso de verificaci\u00f3n de recetas<\/h4>\n<p><strong>Para clientes de Estados Unidos<\/strong><br \/>\nComo vendedor de lentes de contacto,\u00a0<strong>Contactos del Sharingan<\/strong>\u00a0antepone la salud y la seguridad de los consumidores y tiene la responsabilidad de verificar la prescripci\u00f3n antes de vender las lentillas a los clientes en Estados Unidos de acuerdo con la Ley de Equidad para los Consumidores de Lentes de Contacto (FCLCA).<\/p>\n<p><strong>\u00bfC\u00f3mo funciona el proceso de verificaci\u00f3n?<\/strong><br \/>\nEl proceso de verificaci\u00f3n funciona de la siguiente manera: usted nos facilita los datos de la receta y nosotros se los enviamos al m\u00e9dico prescriptor en una solicitud de verificaci\u00f3n. El recetador dispone de ocho horas h\u00e1biles para responder. Si el prescriptor no responde en el plazo establecido, la prescripci\u00f3n se verifica autom\u00e1ticamente y podemos proporcionar lentes de contacto al consumidor.<\/p>\n<p>Los clientes pueden presentar la copia v\u00e1lida (foto\/archivo escaneado) de la receta en las tres opciones siguientes:<br \/>\n1. Al registrar una cuenta en <strong>Contactos del Sharingan<\/strong> sitio web <em><strong><a href=\"https:\/\/sharingan.us\/es\/\">https:\/\/sharingan.us<\/a><\/strong><\/em><br \/>\n2. Cuando realice el pago en nuestro carrito de la compra<br \/>\n3. Env\u00ede la foto\/copia escaneada a nuestro correo electr\u00f3nico de asistencia:<em><strong><a href=\"mailto:service@sharingan.us\"> service@sharingan.us<\/a><\/strong><\/em>\u00a0con su nombre y el n\u00famero de pedido.<\/p>\n<p>Facil\u00edtenos el nombre de su prescriptor y m\u00e9todos de contacto, como correo electr\u00f3nico o n\u00famero de tel\u00e9fono, y utilizaremos la comunicaci\u00f3n directa con su prescriptor para verificar su receta. Como ya se ha mencionado, las recetas se verifican autom\u00e1ticamente si el recetador no responde a nuestra solicitud de verificaci\u00f3n en un plazo de \"ocho horas laborables\". Una hora laborable se define como una hora comprendida entre las 9.00 y las 17.00 horas, de lunes a viernes, excepto festivos federales, en la zona horaria del prescriptor. Si determinamos que un prescriptor concreto tiene un horario comercial habitual los s\u00e1bados, tambi\u00e9n podemos contar esas horas de los s\u00e1bados como horas laborables seg\u00fan la norma.<\/p>\n<p><strong>\u00bfC\u00f3mo se calcula el plazo de verificaci\u00f3n de \"ocho horas laborables\"?<\/strong><br \/>\nAl calcular las \"ocho horas laborables\", el periodo de verificaci\u00f3n comienza la primera hora laborable despu\u00e9s de que el prescriptor reciba una solicitud de verificaci\u00f3n completa y finaliza ocho horas laborables despu\u00e9s. Por ejemplo, si el prescriptor recibe una solicitud el lunes a las 10 de la ma\u00f1ana, debe responder antes del martes a las 10 de la ma\u00f1ana. Si no hay respuesta, podemos proporcionar las lentillas a las 10.01 horas del martes. Si la solicitud de verificaci\u00f3n se recibe a las 22.00 horas del lunes, la respuesta deber\u00eda llegar antes de las 17.00 horas del martes. Si no hay respuesta, podemos proporcionar las lentillas a las 17.01 horas del martes.<\/p>\n<p><strong>\u00bfY si no tengo prescripci\u00f3n de lentillas?<\/strong><br \/>\nVisibly puede ayudarle a encontrar un m\u00e9dico cerca de usted para programar una prueba y, por favor, env\u00edenos la copia una vez que reciba la receta.<\/p>","protected":false},"excerpt":{"rendered":"<p>Proceso de verificaci\u00f3n de la prescripci\u00f3n para los clientes en los Estados Unidos de Am\u00e9rica Como vendedor de lentes de contacto, Sharingan Contacts pone la salud y la seguridad de los consumidores en primer lugar y tiene la responsabilidad de verificar la prescripci\u00f3n antes de vender las lentes a los clientes en los Estados Unidos de Am\u00e9rica de acuerdo con la Fairness to Contact Lens Consumers Act (FCLCA). \u00bfC\u00f3mo [...]","protected":false},"author":1,"featured_media":0,"parent":0,"menu_order":0,"comment_status":"closed","ping_status":"closed","template":"","meta":{"footnotes":""},"class_list":["post-7419","page","type-page","status-publish","hentry"],"_links":{"self":[{"href":"https:\/\/sharingan.us\/es\/wp-json\/wp\/v2\/pages\/7419","targetHints":{"allow":["GET"]}}],"collection":[{"href":"https:\/\/sharingan.us\/es\/wp-json\/wp\/v2\/pages"}],"about":[{"href":"https:\/\/sharingan.us\/es\/wp-json\/wp\/v2\/types\/page"}],"author":[{"embeddable":true,"href":"https:\/\/sharingan.us\/es\/wp-json\/wp\/v2\/users\/1"}],"replies":[{"embeddable":true,"href":"https:\/\/sharingan.us\/es\/wp-json\/wp\/v2\/comments?post=7419"}],"version-history":[{"count":0,"href":"https:\/\/sharingan.us\/es\/wp-json\/wp\/v2\/pages\/7419\/revisions"}],"wp:attachment":[{"href":"https:\/\/sharingan.us\/es\/wp-json\/wp\/v2\/media?parent=7419"}],"curies":[{"name":"wp","href":"https:\/\/api.w.org\/{rel}","templated":true}]}}