{"id":3,"date":"2021-11-18T01:42:51","date_gmt":"2021-11-18T01:42:51","guid":{"rendered":"http:\/\/sharingan.us\/?page_id=3"},"modified":"2021-11-28T05:46:58","modified_gmt":"2021-11-28T09:46:58","slug":"politica-de-privacidad","status":"publish","type":"page","link":"https:\/\/sharingan.us\/es\/politica-de-privacidad\/","title":{"rendered":"Pol\u00edtica de privacidad"},"content":{"rendered":"<p>Esta pol\u00edtica de privacidad describe c\u00f3mo\u00a0<em><strong>sharingan.es<\/strong><\/em>\u00a0(el \"Sitio\" o \"nosotros\") recoge, utiliza y divulga su Informaci\u00f3n Personal cuando usted visita o realiza una compra en el Sitio.<\/p>\n<h4 class=\"wp-block-heading\">Recopilaci\u00f3n de datos personales<\/h4>\n<p>Cuando visita el Sitio, recopilamos cierta informaci\u00f3n sobre su dispositivo, su interacci\u00f3n con el Sitio y la informaci\u00f3n necesaria para procesar sus compras. Tambi\u00e9n podemos recopilar informaci\u00f3n adicional si se pone en contacto con nosotros para solicitar asistencia al cliente. En esta Pol\u00edtica de Privacidad, nos referimos a cualquier informaci\u00f3n que pueda identificar de forma exclusiva a un individuo (incluida la informaci\u00f3n que se detalla a continuaci\u00f3n) como \"Informaci\u00f3n Personal\". Consulte la lista siguiente para obtener m\u00e1s informaci\u00f3n sobre qu\u00e9 Datos Personales recopilamos y por qu\u00e9.<\/p>\n<h4>Informaci\u00f3n sobre el dispositivo<\/h4>\n<ul>\n<li><strong>Ejemplos de informaci\u00f3n personal recopilada:<\/strong>\u00a0versi\u00f3n del navegador web, direcci\u00f3n IP, zona horaria, informaci\u00f3n sobre cookies, qu\u00e9 sitios o productos ve, t\u00e9rminos de b\u00fasqueda y c\u00f3mo interact\u00faa con el Sitio.<\/li>\n<li><strong>Finalidad de la recogida:<\/strong>\u00a0cargar el sitio con precisi\u00f3n para usted y realizar an\u00e1lisis sobre el uso del sitio para optimizar nuestro sitio.<\/li>\n<li><strong>Fuente de recogida:<\/strong>\u00a0Recopiladas autom\u00e1ticamente cuando accede a nuestro Sitio mediante cookies, archivos de registro, balizas web, etiquetas o p\u00edxeles de Facebook.<\/li>\n<\/ul>\n<h4>Informaci\u00f3n para pedidos<\/h4>\n<ul>\n<li><strong>Ejemplos de informaci\u00f3n personal recopilada:<\/strong>\u00a0nombre, direcci\u00f3n de facturaci\u00f3n, direcci\u00f3n de env\u00edo, informaci\u00f3n de pago (incluidos los n\u00fameros de las tarjetas de cr\u00e9dito), direcci\u00f3n de correo electr\u00f3nico y n\u00famero de tel\u00e9fono.<\/li>\n<li><strong>Finalidad de la recogida:<\/strong>\u00a0proporcionarle productos o servicios para cumplir nuestro contrato, procesar su informaci\u00f3n de pago, organizar el env\u00edo y proporcionarle facturas y\/o confirmaciones de pedidos, comunicarnos con usted, examinar nuestros pedidos para detectar posibles riesgos o fraudes y, cuando est\u00e9 en consonancia con las preferencias que haya compartido con nosotros, proporcionarle informaci\u00f3n o publicidad relacionada con nuestros productos o servicios.<\/li>\n<li><strong>Fuente de recogida:<\/strong>\u00a0recogidos de usted.<\/li>\n<\/ul>\n<h4>Informaci\u00f3n de atenci\u00f3n al cliente<\/h4>\n<ul>\n<li><strong>Ejemplos de informaci\u00f3n personal recopilada:<\/strong>\u00a0<i>correo electr\u00f3nico, nombre, contenido del correo.<\/i><\/li>\n<li><strong>Finalidad de la recogida:<\/strong>\u00a0para prestar asistencia al cliente.<\/li>\n<li><strong>Fuente de recogida:<\/strong>\u00a0recogidos de usted.<\/li>\n<\/ul>\n<p>&nbsp;<\/p>\n<h4>Menores<\/h4>\n<p>El Sitio no est\u00e1 destinado a personas menores de\u00a0<i>12<\/i>. No recopilamos intencionadamente Datos Personales de ni\u00f1os. Si usted es el padre o tutor y cree que su hijo nos ha proporcionado Informaci\u00f3n Personal, p\u00f3ngase en contacto con nosotros en la direcci\u00f3n que figura a continuaci\u00f3n para solicitar su eliminaci\u00f3n.<\/p>\n<h4>Compartir informaci\u00f3n personal<\/h4>\n<p>Compartimos sus Datos Personales con proveedores de servicios para que nos ayuden a prestar nuestros servicios y cumplir nuestros contratos con usted, tal como se ha descrito anteriormente. Por ejemplo:<\/p>\n<ul>\n<li>Utilizamos Shopify para impulsar nuestra tienda online. Puede obtener m\u00e1s informaci\u00f3n sobre c\u00f3mo Shopify utiliza su informaci\u00f3n personal aqu\u00ed:\u00a0<a href=\"https:\/\/www.shopify.com\/legal\/privacy\" data-sanitized-target=\"_blank\" rel=\"nofollow noopener\" target=\"_blank\">https:\/\/www.shopify.com\/legal\/privacy<\/a>.<\/li>\n<li>Podemos compartir sus Datos Personales para cumplir las leyes y reglamentos aplicables, para responder a una citaci\u00f3n, orden de registro u otra solicitud legal de informaci\u00f3n que recibamos, o para proteger de otro modo nuestros derechos.<\/li>\n<\/ul>\n<h4>Publicidad comportamental<\/h4>\n<p>Como se ha descrito anteriormente, utilizamos sus Datos Personales para ofrecerle publicidad o comunicaciones de marketing espec\u00edficas que creemos que pueden ser de su inter\u00e9s. Por ejemplo:<\/p>\n<ul>\n<li>Utilizamos Google Analytics para ayudarnos a comprender c\u00f3mo utilizan el Sitio nuestros clientes. Puede obtener m\u00e1s informaci\u00f3n sobre c\u00f3mo Google utiliza su informaci\u00f3n personal aqu\u00ed:\u00a0<a href=\"https:\/\/policies.google.com\/privacy?hl=en\" data-sanitized-target=\"_blank\" rel=\"nofollow noopener\" target=\"_blank\">https:\/\/policies.google.com\/privacy?hl=en<\/a>Tambi\u00e9n puede darse de baja de Google Analytics aqu\u00ed:\u00a0<a href=\"https:\/\/tools.google.com\/dlpage\/gaoptout\" data-sanitized-target=\"_blank\" rel=\"nofollow noopener\" target=\"_blank\">https:\/\/tools.google.com\/dlpage\/gaoptout<\/a>.<\/li>\n<li>Compartimos informaci\u00f3n sobre su uso del Sitio, sus compras y su interacci\u00f3n con nuestros anuncios en otros sitios web con nuestros socios publicitarios. Recopilamos y compartimos parte de esta informaci\u00f3n directamente con nuestros socios publicitarios, y en algunos casos mediante el uso de cookies u otras tecnolog\u00edas similares (que usted puede consentir, dependiendo de su ubicaci\u00f3n).<\/li>\n<\/ul>\n<p>Para m\u00e1s informaci\u00f3n sobre c\u00f3mo funciona la publicidad dirigida, puede visitar la p\u00e1gina educativa de la Network Advertising Initiative (\"NAI\") en\u00a0<a href=\"http:\/\/www.networkadvertising.org\/understanding-online-advertising\/how-does-it-work\" data-sanitized-target=\"_blank\" rel=\"nofollow noopener\" target=\"_blank\">http:\/\/www.networkadvertising.org\/understanding-online-advertising\/how-does-it-work<\/a>.<\/p>\n<p>Puede darse de baja de la publicidad dirigida:<\/p>\n<ul>\n<li><i>FACEBOOK -\u00a0<\/i><a href=\"https:\/\/www.facebook.com\/settings\/?tab=ads\" data-sanitized-target=\"_blank\" rel=\"nofollow noopener\" target=\"_blank\">https:\/\/www.facebook.com\/settings\/?tab=ads<\/a><\/li>\n<li><i>GOOGLE -\u00a0<\/i><a href=\"https:\/\/www.google.com\/settings\/ads\/anonymous\" data-sanitized-target=\"_blank\" rel=\"nofollow noopener\" target=\"_blank\">https:\/\/www.google.com\/settings\/ads\/anonymous<\/a><\/li>\n<li><i>BING -\u00a0<\/i><a href=\"https:\/\/advertise.bingads.microsoft.com\/en-us\/resources\/policies\/personalized-ads\" data-sanitized-target=\"_blank\" rel=\"nofollow noopener\" target=\"_blank\">https:\/\/advertise.bingads.microsoft.com\/en-us\/resources\/policies\/personalized-ads<\/a><i>]<\/i><\/li>\n<\/ul>\n<p>Adem\u00e1s, puede darse de baja de algunos de estos servicios visitando el portal de exclusi\u00f3n de la Digital Advertising Alliance en:\u00a0<a href=\"http:\/\/optout.aboutads.info\/\" data-sanitized-target=\"_blank\" rel=\"nofollow noopener\" target=\"_blank\">http:\/\/optout.aboutads.info\/<\/a>.<\/p>\n<h4>Utilizaci\u00f3n de datos personales<\/h4>\n<p>Utilizamos sus datos personales para prestarle nuestros servicios, entre los que se incluyen: ofrecerle productos para la venta, procesar los pagos, enviar y satisfacer su pedido, y mantenerle al d\u00eda sobre nuevos productos, servicios y ofertas.<\/p>\n<h4>Base jur\u00eddica<\/h4>\n<p>De conformidad con el Reglamento General de Protecci\u00f3n de Datos (\"RGPD\"), si usted es residente del Espacio Econ\u00f3mico Europeo (\"EEE\"), procesamos su informaci\u00f3n personal bajo las siguientes bases legales:<\/p>\n<ul>\n<li>Su consentimiento;<\/li>\n<li>La ejecuci\u00f3n del contrato entre usted y el Sitio;<\/li>\n<li>Cumplimiento de nuestras obligaciones legales;<\/li>\n<li>Para proteger sus intereses vitales;<\/li>\n<li>Para realizar una tarea de inter\u00e9s p\u00fablico;<\/li>\n<li>Por nuestros intereses leg\u00edtimos, que no prevalecen sobre sus derechos y libertades fundamentales.<\/li>\n<\/ul>\n<h4>Retenci\u00f3n<\/h4>\n<p>Cuando realice un pedido a trav\u00e9s del Sitio, conservaremos sus Datos Personales para nuestros registros a menos y hasta que nos solicite que borremos esta informaci\u00f3n. Si desea m\u00e1s informaci\u00f3n sobre su derecho de cancelaci\u00f3n, consulte la secci\u00f3n \"Sus derechos\" m\u00e1s abajo.<\/p>\n<h4>Toma de decisiones autom\u00e1tica<\/h4>\n<p>Si usted reside en el EEE, tiene derecho a oponerse al tratamiento basado \u00fanicamente en la toma de decisiones automatizada (que incluye la elaboraci\u00f3n de perfiles), cuando dicha toma de decisiones tenga efectos jur\u00eddicos sobre usted o le afecte significativamente de cualquier otro modo.<\/p>\n<p>Nosotros\u00a0<i>DO\u00a0<\/i>tomar decisiones totalmente automatizadas que tengan un efecto legal o significativo utilizando los datos de los clientes.<\/p>\n<p>Nuestro procesador Shopify utiliza la toma de decisiones automatizada limitada para prevenir el fraude que no tiene un efecto legal o de otro modo significativo sobre usted.<\/p>\n<p>Entre los servicios que incluyen elementos de toma de decisiones automatizada se incluyen:<\/p>\n<ul>\n<li>Lista de denegaci\u00f3n temporal de direcciones IP asociadas a transacciones fallidas repetidas. Esta lista de denegaci\u00f3n persiste durante un peque\u00f1o n\u00famero de horas.<\/li>\n<li>Lista de denegaci\u00f3n temporal de tarjetas de cr\u00e9dito asociadas a direcciones IP denegadas. Esta lista se mantiene durante un n\u00famero reducido de d\u00edas.<\/li>\n<\/ul>\n<h4><i><\/i>Venta de informaci\u00f3n personal<\/h4>\n<p>Nuestro Sitio vende Informaci\u00f3n Personal, tal como se define en la Ley de Privacidad del Consumidor de California de 2018 (\"CCPA\").<\/p>\n<h4>\u00a0<\/h4>\n<h4>GDPR<\/h4>\n<p>Si usted reside en el EEE, tiene derecho a acceder a la Informaci\u00f3n Personal que tenemos sobre usted, a portarla a un nuevo servicio y a solicitar que su Informaci\u00f3n Personal sea corregida, actualizada o borrada. Si desea ejercer estos derechos, p\u00f3ngase en contacto con nosotros a trav\u00e9s de la informaci\u00f3n de contacto que figura a continuaci\u00f3n.<\/p>\n<p>Su Informaci\u00f3n Personal ser\u00e1 procesada inicialmente en Irlanda y luego ser\u00e1 transferida fuera de Europa para su almacenamiento y posterior procesamiento, incluyendo Canad\u00e1 y Estados Unidos. Para obtener m\u00e1s informaci\u00f3n sobre c\u00f3mo las transferencias de datos cumplen con el GDPR, consulte el Whitepaper GDPR de Shopify:\u00a0<a href=\"https:\/\/help.shopify.com\/en\/manual\/your-account\/privacy\/GDPR\" data-sanitized-target=\"_blank\" rel=\"nofollow noopener\" target=\"_blank\">https:\/\/help.shopify.com\/en\/manual\/your-account\/privacy\/GDPR<\/a>.<\/p>\n<h4>CCPA<\/h4>\n<p>Si reside en California, tiene derecho a acceder a la Informaci\u00f3n Personal que tenemos sobre usted (tambi\u00e9n conocido como \"Derecho a Saber\"), a portarla a un nuevo servicio y a solicitar que su Informaci\u00f3n Personal sea corregida, actualizada o borrada. Si desea ejercer estos derechos, p\u00f3ngase en contacto con nosotros a trav\u00e9s de la informaci\u00f3n de contacto que figura a continuaci\u00f3n.<\/p>\n<p>Si desea designar a un agente autorizado para que presente estas solicitudes en su nombre, p\u00f3ngase en contacto con nosotros en la direcci\u00f3n que figura a continuaci\u00f3n.<\/p>\n<h4>Cookies<\/h4>\n<p>Una cookie es una peque\u00f1a cantidad de informaci\u00f3n que se descarga en su ordenador o dispositivo cuando visita nuestro Sitio. Utilizamos diferentes tipos de cookies: funcionales, de rendimiento, publicitarias y de redes sociales o de contenido. Las cookies mejoran su experiencia de navegaci\u00f3n al permitir que el sitio web recuerde sus acciones y preferencias (como el inicio de sesi\u00f3n y la selecci\u00f3n de regi\u00f3n). Esto significa que no tendr\u00e1 que volver a introducir esta informaci\u00f3n cada vez que regrese al sitio o navegue de una p\u00e1gina a otra. Las cookies tambi\u00e9n proporcionan informaci\u00f3n sobre el uso que hacen los usuarios del sitio web, por ejemplo, si es la primera vez que lo visitan o si lo hacen con frecuencia.<\/p>\n<p>Utilizamos las siguientes cookies para optimizar su experiencia en nuestro Sitio y prestar nuestros servicios.<\/p>\n<h4>\u00a0<\/h4>\n<h4>Cookies necesarias para el funcionamiento de la tienda<\/h4>\n<table>\n<thead>\n<tr>\n<th><strong>Nombre<\/strong><\/th>\n<th><strong>Funci\u00f3n<\/strong><\/th>\n<\/tr>\n<\/thead>\n<tbody>\n<tr>\n<td><i>No.<\/i><\/td>\n<td>Utilizado en relaci\u00f3n con el acceso a admin.<\/td>\n<\/tr>\n<tr>\n<td><i>_secure_session_id<\/i><\/td>\n<td>Se utiliza en relaci\u00f3n con la navegaci\u00f3n por un escaparate.<\/td>\n<\/tr>\n<tr>\n<td><i>carro<\/i><\/td>\n<td>Se utiliza en relaci\u00f3n con la cesta de la compra.<\/td>\n<\/tr>\n<tr>\n<td><i>carrito_sig<\/i><\/td>\n<td>Se utiliza en relaci\u00f3n con el pago.<\/td>\n<\/tr>\n<tr>\n<td><i>cart_ts<\/i><\/td>\n<td>Se utiliza en relaci\u00f3n con el pago.<\/td>\n<\/tr>\n<tr>\n<td><i>checkout_token<\/i><\/td>\n<td>Se utiliza en relaci\u00f3n con el pago.<\/td>\n<\/tr>\n<tr>\n<td><i>secreto<\/i><\/td>\n<td>Se utiliza en relaci\u00f3n con el pago.<\/td>\n<\/tr>\n<tr>\n<td><i>secure_customer_sig<\/i><\/td>\n<td>Se utiliza en relaci\u00f3n con el inicio de sesi\u00f3n del cliente.<\/td>\n<\/tr>\n<tr>\n<td><i>storefront_digest<\/i><\/td>\n<td>Se utiliza en relaci\u00f3n con el inicio de sesi\u00f3n del cliente.<\/td>\n<\/tr>\n<tr>\n<td><i>Tienda<\/i><\/td>\n<td>Se utiliza para facilitar la actualizaci\u00f3n de la informaci\u00f3n de la cuenta del cliente.<\/td>\n<\/tr>\n<\/tbody>\n<\/table>\n<p>&nbsp;<\/p>\n<p><i><\/i>El tiempo que una cookie permanece en su ordenador o dispositivo m\u00f3vil depende de si se trata de una cookie \"persistente\" o \"de sesi\u00f3n\". Las cookies de sesi\u00f3n duran hasta que usted deja de navegar y las cookies persistentes duran hasta que caducan o se borran. La mayor\u00eda de las cookies que utilizamos son persistentes y expiran entre 30 minutos y dos a\u00f1os despu\u00e9s de la fecha en que se descargan en su dispositivo.<\/p>\n<p>Puede controlar y gestionar las cookies de varias maneras. Tenga en cuenta que eliminar o bloquear las cookies puede afectar negativamente a su experiencia de usuario y es posible que algunas partes de nuestro sitio web dejen de ser totalmente accesibles.<\/p>\n<p>La mayor\u00eda de los navegadores aceptan autom\u00e1ticamente las cookies, pero usted puede elegir si las acepta o no a trav\u00e9s de los controles de su navegador, que a menudo se encuentran en el men\u00fa \"Herramientas\" o \"Preferencias\" de su navegador. Encontrar\u00e1 m\u00e1s informaci\u00f3n sobre c\u00f3mo modificar la configuraci\u00f3n de su navegador o c\u00f3mo bloquear, gestionar o filtrar las cookies en el archivo de ayuda de su navegador o a trav\u00e9s de sitios como\u00a0<a href=\"https:\/\/www.allaboutcookies.org\" data-sanitized-target=\"_blank\" rel=\"nofollow noopener\" target=\"_blank\">www.allaboutcookies.org<\/a>.<\/p>\n<p>Adem\u00e1s, tenga en cuenta que bloquear las cookies puede no impedir completamente que compartamos informaci\u00f3n con terceros, como nuestros socios publicitarios. Para ejercer sus derechos o excluirse de determinados usos de su informaci\u00f3n por estas partes, siga las instrucciones de la secci\u00f3n \"Publicidad basada en el comportamiento\" anterior.<\/p>\n<h4>No rastrear<\/h4>\n<p>Tenga en cuenta que, debido a que no existe un entendimiento uniforme en la industria sobre c\u00f3mo responder a las se\u00f1ales \"Do Not Track\", no alteramos nuestras pr\u00e1cticas de recopilaci\u00f3n y uso de datos cuando detectamos una se\u00f1al de este tipo de su navegador.<\/p>\n<h4>Cambios<\/h4>\n<p>Podemos actualizar esta Pol\u00edtica de Privacidad de vez en cuando para reflejar, por ejemplo, cambios en nuestras pr\u00e1cticas o por otras razones operativas, legales o reglamentarias.<\/p>\n<h4>P\u00f3ngase en contacto con<\/h4>\n<p>Si desea obtener m\u00e1s informaci\u00f3n sobre nuestras pr\u00e1cticas de confidencialidad, si tiene alguna pregunta o si desea presentar una queja, p\u00f3ngase en contacto con nosotros por correo electr\u00f3nico en la siguiente direcci\u00f3n\u00a0<em><strong><a href=\"mailto:service@sharingan.us\">service@sharingan.us<\/a><\/strong><\/em><\/p>\n<h2><i>\u00daltima actualizaci\u00f3n: [2021.08.22]<\/i><\/h2>\n<p>Si no est\u00e1 satisfecho con nuestra respuesta a su reclamaci\u00f3n, tiene derecho a presentarla ante la autoridad de protecci\u00f3n de datos competente.\u00a0<\/p>","protected":false},"excerpt":{"rendered":"<p>La presente Pol\u00edtica de Privacidad describe el modo en que sharingan.us (el \"Sitio\" o \"nosotros\") recopila, utiliza y divulga su Informaci\u00f3n Personal cuando usted visita o realiza una compra en el Sitio. Recopilaci\u00f3n de informaci\u00f3n personal Cuando visita el Sitio, recopilamos cierta informaci\u00f3n sobre su dispositivo, su interacci\u00f3n con el Sitio y la informaci\u00f3n necesaria para procesar sus compras. Tambi\u00e9n podemos [...]","protected":false},"author":1,"featured_media":0,"parent":0,"menu_order":0,"comment_status":"closed","ping_status":"open","template":"","meta":{"footnotes":""},"class_list":["post-3","page","type-page","status-publish","hentry"],"_links":{"self":[{"href":"https:\/\/sharingan.us\/es\/wp-json\/wp\/v2\/pages\/3","targetHints":{"allow":["GET"]}}],"collection":[{"href":"https:\/\/sharingan.us\/es\/wp-json\/wp\/v2\/pages"}],"about":[{"href":"https:\/\/sharingan.us\/es\/wp-json\/wp\/v2\/types\/page"}],"author":[{"embeddable":true,"href":"https:\/\/sharingan.us\/es\/wp-json\/wp\/v2\/users\/1"}],"replies":[{"embeddable":true,"href":"https:\/\/sharingan.us\/es\/wp-json\/wp\/v2\/comments?post=3"}],"version-history":[{"count":0,"href":"https:\/\/sharingan.us\/es\/wp-json\/wp\/v2\/pages\/3\/revisions"}],"wp:attachment":[{"href":"https:\/\/sharingan.us\/es\/wp-json\/wp\/v2\/media?parent=3"}],"curies":[{"name":"wp","href":"https:\/\/api.w.org\/{rel}","templated":true}]}}