{"id":1004,"date":"2020-10-09T13:39:05","date_gmt":"2020-10-09T13:39:05","guid":{"rendered":"http:\/\/shoptimizer.local\/?page_id=848"},"modified":"2022-04-07T23:03:17","modified_gmt":"2022-04-08T03:03:17","slug":"acerca-de","status":"publish","type":"page","link":"https:\/\/sharingan.us\/es\/acerca-de\/","title":{"rendered":"Acerca de"},"content":{"rendered":"<h1><b><i>Qui\u00e9nes somos <\/i><\/b><\/h1>\n<h3><b><i>Nacimos de un grupo de fans que quer\u00edan fabricar lentillas de colores que encajaran a la perfecci\u00f3n con los personajes de anime.<\/i><\/b><\/h3>\n<h6>Despu\u00e9s de buscar alternativas<\/h6>\n<h2>Nuestro viaje comenz\u00f3 en 2015<\/h2>\n<p style=\"text-align: right;\">Empezamos en 2015, y estamos constantemente averiguando la mejor f\u00e1brica de lentes de contacto, utilizando los pigmentos m\u00e1s ecol\u00f3gicos y seguros y y la tecnolog\u00eda de te\u00f1ido en s\u00e1ndwich m\u00e1s segura disponible. \u00a1Nos tomamos muy en serio nuestro trabajo!<\/p>\n<p>\t\t\t\t\t\t\t\t\t\t\t\t\t\t\t<img decoding=\"async\" width=\"1000\" height=\"667\" data-src=\"https:\/\/sharingan.us\/wp-content\/uploads\/2021\/11\/20879724.jpg\" alt=\"\" data-srcset=\"https:\/\/sharingan.us\/wp-content\/uploads\/2021\/11\/20879724.jpg 1000w, https:\/\/sharingan.us\/wp-content\/uploads\/2021\/11\/20879724-800x534.jpg 800w, https:\/\/sharingan.us\/wp-content\/uploads\/2021\/11\/20879724-768x512.jpg 768w, https:\/\/sharingan.us\/wp-content\/uploads\/2021\/11\/20879724-990x660.jpg 990w, https:\/\/sharingan.us\/wp-content\/uploads\/2021\/11\/20879724-441x294.jpg 441w, https:\/\/sharingan.us\/wp-content\/uploads\/2021\/11\/20879724-150x100.jpg 150w\" data-sizes=\"auto, (max-width: 360px) 147px, (max-width: 1000px) 100vw, 1000px\" title=\"\" src=\"data:image\/svg+xml;base64,PHN2ZyB3aWR0aD0iMSIgaGVpZ2h0PSIxIiB4bWxucz0iaHR0cDovL3d3dy53My5vcmcvMjAwMC9zdmciPjwvc3ZnPg==\" class=\"lazyload\" style=\"--smush-placeholder-width: 1000px; --smush-placeholder-aspect-ratio: 1000\/667;\"><br \/>\n\t\t\t\t\t\t\t\t\t\t\t\t\t\t\t<img decoding=\"async\" width=\"1000\" height=\"600\" data-src=\"https:\/\/sharingan.us\/wp-content\/uploads\/2021\/11\/dtc.jpg\" alt=\"\" data-srcset=\"https:\/\/sharingan.us\/wp-content\/uploads\/2021\/11\/dtc.jpg 1000w, https:\/\/sharingan.us\/wp-content\/uploads\/2021\/11\/dtc-800x480.jpg 800w, https:\/\/sharingan.us\/wp-content\/uploads\/2021\/11\/dtc-768x461.jpg 768w, https:\/\/sharingan.us\/wp-content\/uploads\/2021\/11\/dtc-990x594.jpg 990w, https:\/\/sharingan.us\/wp-content\/uploads\/2021\/11\/dtc-441x265.jpg 441w, https:\/\/sharingan.us\/wp-content\/uploads\/2021\/11\/dtc-150x90.jpg 150w\" data-sizes=\"auto, (max-width: 360px) 147px, (max-width: 1000px) 100vw, 1000px\" title=\"\" src=\"data:image\/svg+xml;base64,PHN2ZyB3aWR0aD0iMSIgaGVpZ2h0PSIxIiB4bWxucz0iaHR0cDovL3d3dy53My5vcmcvMjAwMC9zdmciPjwvc3ZnPg==\" class=\"lazyload\" style=\"--smush-placeholder-width: 1000px; --smush-placeholder-aspect-ratio: 1000\/600;\">\t\t\t\t\t\t\t\t\t\t\t\t\t\t\t<\/p>\n<h6>Un ajuste perfecto para tu cosplay<\/h6>\n<h2>Directo al consumidor<\/h2>\n<p>Promocionamos y vendemos nuestros productos directamente a los consumidores, sin intermediarios. Esto significa que somos m\u00e1s independientes para fabricar, promocionar, vender y enviar nuestros propios productos. La ventaja es que, manteniendo una alta calidad, tenemos costes m\u00e1s bajos. As\u00ed que mayor calidad, tenemos 40% precio m\u00e1s bajo que nuestros competidores.<\/p>\n<h6>Seguro, c\u00f3modo y barato<\/h6>\n<h2>F\u00e1brica Asia Premium<\/h2>\n<p style=\"text-align: right;\">Los mejores materiales polim\u00e9ricos HEMA, los mejores pigmentos ecol\u00f3gicos del mundo, la tecnolog\u00eda de protecci\u00f3n de seguridad en s\u00e1ndwich, y cada uno de nuestros productos se somete a 6 inspecciones manuales y 3 inspecciones a m\u00e1quina antes de salir de la f\u00e1brica para garantizar la seguridad suficiente. Nuestros est\u00e1ndares de seguridad son 3 veces superiores a los de la competencia.<\/p>\n<p>\t\t\t\t\t\t\t\t\t\t\t\t\t\t\t<img decoding=\"async\" width=\"958\" height=\"689\" data-src=\"https:\/\/sharingan.us\/wp-content\/uploads\/2022\/04\/1545563G2-5.jpeg\" alt=\"\" data-srcset=\"https:\/\/sharingan.us\/wp-content\/uploads\/2022\/04\/1545563G2-5.jpeg 958w, https:\/\/sharingan.us\/wp-content\/uploads\/2022\/04\/1545563G2-5-800x575.jpeg 800w, https:\/\/sharingan.us\/wp-content\/uploads\/2022\/04\/1545563G2-5-768x552.jpeg 768w, https:\/\/sharingan.us\/wp-content\/uploads\/2022\/04\/1545563G2-5-60x43.jpeg 60w, https:\/\/sharingan.us\/wp-content\/uploads\/2022\/04\/1545563G2-5-110x79.jpeg 110w, https:\/\/sharingan.us\/wp-content\/uploads\/2022\/04\/1545563G2-5-441x317.jpeg 441w, https:\/\/sharingan.us\/wp-content\/uploads\/2022\/04\/1545563G2-5-150x108.jpeg 150w\" data-sizes=\"auto, (max-width: 360px) 147px, (max-width: 958px) 100vw, 958px\" title=\"\" src=\"data:image\/svg+xml;base64,PHN2ZyB3aWR0aD0iMSIgaGVpZ2h0PSIxIiB4bWxucz0iaHR0cDovL3d3dy53My5vcmcvMjAwMC9zdmciPjwvc3ZnPg==\" class=\"lazyload\" style=\"--smush-placeholder-width: 958px; --smush-placeholder-aspect-ratio: 958\/689;\"><br \/>\n\t\t\t\t\t\t\t\t\t\t\t\t\t\t\t<img decoding=\"async\" width=\"600\" height=\"400\" data-src=\"https:\/\/sharingan.us\/wp-content\/uploads\/2022\/04\/why-choose-us-sharingan-eye-lenses.webp\" alt=\"\" data-srcset=\"https:\/\/sharingan.us\/wp-content\/uploads\/2022\/04\/why-choose-us-sharingan-eye-lenses.webp 600w, https:\/\/sharingan.us\/wp-content\/uploads\/2022\/04\/why-choose-us-sharingan-eye-lenses-60x40.webp 60w, https:\/\/sharingan.us\/wp-content\/uploads\/2022\/04\/why-choose-us-sharingan-eye-lenses-110x73.webp 110w, https:\/\/sharingan.us\/wp-content\/uploads\/2022\/04\/why-choose-us-sharingan-eye-lenses-441x294.webp 441w, https:\/\/sharingan.us\/wp-content\/uploads\/2022\/04\/why-choose-us-sharingan-eye-lenses-150x100.webp 150w\" data-sizes=\"auto, (max-width: 360px) 147px, (max-width: 600px) 100vw, 600px\" title=\"\" src=\"data:image\/svg+xml;base64,PHN2ZyB3aWR0aD0iMSIgaGVpZ2h0PSIxIiB4bWxucz0iaHR0cDovL3d3dy53My5vcmcvMjAwMC9zdmciPjwvc3ZnPg==\" class=\"lazyload\" style=\"--smush-placeholder-width: 600px; --smush-placeholder-aspect-ratio: 600\/400;\">\t\t\t\t\t\t\t\t\t\t\t\t\t\t\t<\/p>\n<h6>El producto es lo primero<\/h6>\n<h2>Por qu\u00e9 elegirnos<\/h2>\n<p>Las lentes de contacto est\u00e1n relacionadas con la seguridad de los ojos de nuestros clientes. Es nuestra primera consideraci\u00f3n. Sin embargo, hay demasiados fabricantes peque\u00f1os en el mercado que no pueden cumplir las normas de seguridad avanzadas. Afirman que disponen de numerosas certificaciones de seguridad, pero la situaci\u00f3n real es preocupante. Nunca gastamos dinero en publicidad y marketing de pago, y cada c\u00e9ntimo ahorrado se reduce en el precio. Siempre creemos que la alta calidad, el precio adecuado y el excelente servicio son las razones por las que m\u00e1s de 100.000 clientes nos eligen.<\/p>\n<h6>M\u00e1s de 100.000 clientes satisfechos<\/h6>\n<h2>Acabamos de empezar<\/h2>\n<p>En los \u00faltimos a\u00f1os, hemos atendido a m\u00e1s de 100.000 clientes, y cada vez son m\u00e1s los aficionados al cosplay que deciden seguir adelante con nosotros, pero sabemos que esto es s\u00f3lo el principio, y que en el futuro ofreceremos productos y servicios a\u00fan m\u00e1s excelentes, \u00a1estamos con usted!<\/p>\n<p>\t\t\t\t\t\t\t\t\t\t\t\t\t\t\t<img decoding=\"async\" width=\"800\" height=\"480\" data-src=\"https:\/\/sharingan.us\/wp-content\/uploads\/2018\/07\/about_01.jpg\" alt=\"\" data-srcset=\"https:\/\/sharingan.us\/wp-content\/uploads\/2018\/07\/about_01.jpg 800w, https:\/\/sharingan.us\/wp-content\/uploads\/2018\/07\/about_01-150x90.jpg 150w\" data-sizes=\"auto, (max-width: 360px) 147px, (max-width: 800px) 100vw, 800px\" title=\"\" src=\"data:image\/svg+xml;base64,PHN2ZyB3aWR0aD0iMSIgaGVpZ2h0PSIxIiB4bWxucz0iaHR0cDovL3d3dy53My5vcmcvMjAwMC9zdmciPjwvc3ZnPg==\" class=\"lazyload\" style=\"--smush-placeholder-width: 800px; --smush-placeholder-aspect-ratio: 800\/480;\"><\/p>","protected":false},"excerpt":{"rendered":"<p>About us We were born from a group of fans who wanted to make colored contact lenses that perfectly matched the anime characters. After looking at alternatives Our journey began in 2015 We started in 2015, and we are constantly figuring out the best contact lens factory, using the most environmentally friendly and safe pigments [&#8230;]","protected":false},"author":1,"featured_media":0,"parent":0,"menu_order":0,"comment_status":"closed","ping_status":"closed","template":"template-fullwidth-no-heading.php","meta":{"footnotes":""},"class_list":["post-1004","page","type-page","status-publish","hentry"],"_links":{"self":[{"href":"https:\/\/sharingan.us\/es\/wp-json\/wp\/v2\/pages\/1004","targetHints":{"allow":["GET"]}}],"collection":[{"href":"https:\/\/sharingan.us\/es\/wp-json\/wp\/v2\/pages"}],"about":[{"href":"https:\/\/sharingan.us\/es\/wp-json\/wp\/v2\/types\/page"}],"author":[{"embeddable":true,"href":"https:\/\/sharingan.us\/es\/wp-json\/wp\/v2\/users\/1"}],"replies":[{"embeddable":true,"href":"https:\/\/sharingan.us\/es\/wp-json\/wp\/v2\/comments?post=1004"}],"version-history":[{"count":0,"href":"https:\/\/sharingan.us\/es\/wp-json\/wp\/v2\/pages\/1004\/revisions"}],"wp:attachment":[{"href":"https:\/\/sharingan.us\/es\/wp-json\/wp\/v2\/media?parent=1004"}],"curies":[{"name":"wp","href":"https:\/\/api.w.org\/{rel}","templated":true}]}}