{"id":7374,"date":"2021-11-27T10:22:22","date_gmt":"2021-11-27T14:22:22","guid":{"rendered":"https:\/\/sharingan.us\/?post_type=product&#038;p=7374"},"modified":"2024-10-05T15:34:50","modified_gmt":"2024-10-05T07:34:50","slug":"ciels-faustische-vertrage-lila","status":"publish","type":"product","link":"https:\/\/sharingan.us\/de\/ciels-faustische-vertrage-lila\/","title":{"rendered":"Ciels Faustische Vertr\u00e4ge - Lila"},"content":{"rendered":"<h3>Ciels Faustische Vertr\u00e4ge - Lila<\/h3>\n<p><img decoding=\"async\" class=\"alignnone size-thumbnail wp-image-7377 lazyload\" data-src=\"https:\/\/sharingan.us\/wp-content\/uploads\/2021\/11\/Ciels-Faustian-contract-3-300x300.jpg\" alt=\"\" width=\"300\" height=\"300\" title=\"\" data-srcset=\"https:\/\/sharingan.us\/wp-content\/uploads\/2021\/11\/Ciels-Faustian-contract-3-300x300.jpg 300w, https:\/\/sharingan.us\/wp-content\/uploads\/2021\/11\/Ciels-Faustian-contract-3-100x100.jpg 100w, https:\/\/sharingan.us\/wp-content\/uploads\/2021\/11\/Ciels-Faustian-contract-3-768x768.jpg 768w, https:\/\/sharingan.us\/wp-content\/uploads\/2021\/11\/Ciels-Faustian-contract-3-12x12.jpg 12w, https:\/\/sharingan.us\/wp-content\/uploads\/2021\/11\/Ciels-Faustian-contract-3-60x60.jpg 60w, https:\/\/sharingan.us\/wp-content\/uploads\/2021\/11\/Ciels-Faustian-contract-3-110x110.jpg 110w, https:\/\/sharingan.us\/wp-content\/uploads\/2021\/11\/Ciels-Faustian-contract-3-510x510.jpg 510w, https:\/\/sharingan.us\/wp-content\/uploads\/2021\/11\/Ciels-Faustian-contract-3.jpg 800w\" data-sizes=\"(max-width: 300px) 100vw, 300px\" src=\"data:image\/svg+xml;base64,PHN2ZyB3aWR0aD0iMSIgaGVpZ2h0PSIxIiB4bWxucz0iaHR0cDovL3d3dy53My5vcmcvMjAwMC9zdmciPjwvc3ZnPg==\" style=\"--smush-placeholder-width: 300px; --smush-placeholder-aspect-ratio: 300\/300;\" \/><\/p>\n<p>Ein faustischer Vertrag oder ein Pakt mit dem Teufel ist eine Verbindung und ein Gesch\u00e4ft zwischen einem Menschen und einem D\u00e4mon, bei dem letzterer bestimmte Dienste anbietet und die W\u00fcnsche des Menschen erf\u00fcllt und nach Erf\u00fcllung des Vertrags mit der Seele des Menschen belohnt wird.<\/p>","protected":false},"excerpt":{"rendered":"<p>Ciels faustische Vertr\u00e4ge - Lila Ein faustischer Vertrag oder ein Pakt mit dem Teufel ist eine Verbindung und ein Gesch\u00e4ft zwischen einem Menschen und einem D\u00e4mon, bei dem der D\u00e4mon bestimmte Dienste anbietet und die W\u00fcnsche des Menschen erf\u00fcllt und nach Abschluss des Vertrages mit der Seele des Menschen belohnt wird.<\/p>","protected":false},"featured_media":7378,"comment_status":"open","ping_status":"closed","template":"","meta":[],"product_brand":[],"product_cat":[51],"product_tag":[125],"class_list":{"0":"post-7374","1":"product","2":"type-product","3":"status-publish","4":"has-post-thumbnail","6":"product_cat-halloween-contacts","7":"product_tag-ciels-faustian-contracts","9":"first","10":"instock","11":"sale","12":"taxable","13":"shipping-taxable","14":"purchasable","15":"product-type-variable","16":"has-default-attributes"},"_links":{"self":[{"href":"https:\/\/sharingan.us\/de\/wp-json\/wp\/v2\/product\/7374","targetHints":{"allow":["GET"]}}],"collection":[{"href":"https:\/\/sharingan.us\/de\/wp-json\/wp\/v2\/product"}],"about":[{"href":"https:\/\/sharingan.us\/de\/wp-json\/wp\/v2\/types\/product"}],"replies":[{"embeddable":true,"href":"https:\/\/sharingan.us\/de\/wp-json\/wp\/v2\/comments?post=7374"}],"wp:featuredmedia":[{"embeddable":true,"href":"https:\/\/sharingan.us\/de\/wp-json\/wp\/v2\/media\/7378"}],"wp:attachment":[{"href":"https:\/\/sharingan.us\/de\/wp-json\/wp\/v2\/media?parent=7374"}],"wp:term":[{"taxonomy":"product_brand","embeddable":true,"href":"https:\/\/sharingan.us\/de\/wp-json\/wp\/v2\/product_brand?post=7374"},{"taxonomy":"product_cat","embeddable":true,"href":"https:\/\/sharingan.us\/de\/wp-json\/wp\/v2\/product_cat?post=7374"},{"taxonomy":"product_tag","embeddable":true,"href":"https:\/\/sharingan.us\/de\/wp-json\/wp\/v2\/product_tag?post=7374"}],"curies":[{"name":"wp","href":"https:\/\/api.w.org\/{rel}","templated":true}]}}