{"id":7257,"date":"2021-11-26T00:27:35","date_gmt":"2021-11-26T04:27:35","guid":{"rendered":"https:\/\/sharingan.us\/?post_type=product&#038;p=7257"},"modified":"2024-10-05T15:34:53","modified_gmt":"2024-10-05T07:34:53","slug":"grun-mit-schwarzem-rand-kakuzu-cosplay-kontaktlinsen","status":"publish","type":"product","link":"https:\/\/sharingan.us\/de\/grun-mit-schwarzem-rand-kakuzu-cosplay-kontaktlinsen\/","title":{"rendered":"Gr\u00fcn mit schwarzem Rand - Kakuzu Cosplay Kontaktlinsen"},"content":{"rendered":"<h1 class=\"md-end-block md-heading\"><span class=\"md-plain md-expand\">Entfessle deinen inneren Akatsuki-Schatzmeister mit den gr\u00fcnen und schwarzen Kakuzu-Cosplay-Kontaktlinsen! \ud83d\udcb0\ud83d\udc41\ufe0f\u26ab<\/span><\/h1>\n<p class=\"md-end-block md-p\"><span class=\"md-plain\">Verk\u00f6rpere das ikonische Akatsuki-Mitglied mit diesen auff\u00e4lligen Kakuzu-Kontaktlinsen! \ud83d\udc40<\/span> <span class=\"md-plain\">Achtung an alle Naruto Cosplayer und Fans der ber\u00fcchtigten Akatsuki! Mach dich bereit, die Macht und Skrupellosigkeit von Kakuzu mit diesen unglaublichen gr\u00fcnen und schwarzen Kontaktlinsen f\u00fcr Cosplayer zu kanalisieren. Diese Linsen fangen Kakuzus markante Augen perfekt ein, mit einer leuchtend gr\u00fcnen Iris und einem kr\u00e4ftigen schwarzen Rand, der es dir erm\u00f6glicht, den unsterblichen Shinobi und Meister der Earth Grudge Fear Technik authentisch darzustellen!<\/span><\/p>\n<p class=\"md-end-block md-p\"><span class=\"md-plain\">Kompromissloser Komfort und Sicherheit f\u00fcr lange Tragezeiten \ud83d\udc8e<\/span> <span class=\"md-plain\">Wir wissen, dass Komfort und Sicherheit von gr\u00f6\u00dfter Bedeutung sind, wenn es um Cosplay-Kontaktlinsen geht. Diese Kakuzu gr\u00fcn und schwarz Rand Cosplay Kontaktlinsen sind mit Premium-Materialien gefertigt und entworfen, um einen perfekten Sitz und au\u00dfergew\u00f6hnliche Klarheit zu bieten. Sie sind FDA-zugelassen und erf\u00fcllen alle Sicherheitsstandards, so dass Sie sie mit Vertrauen f\u00fcr l\u00e4ngere Zeit ohne Beschwerden oder Sehst\u00f6rungen tragen k\u00f6nnen.<\/span><\/p>\n<p class=\"md-end-block md-p\"><span class=\"md-plain\">Sorgf\u00e4ltig gefertigt, um Kakuzus stechend gr\u00fcne Augen mit einem k\u00fchnen schwarzen Rand nachzubilden \ud83c\udfa8.<\/span> <span class=\"md-plain\">Die Liebe zum Detail bei diesen Kakuzu gr\u00fcn und schwarz Rand Cosplay Kontaktlinsen ist wirklich bemerkenswert. Die auff\u00e4llige Kombination aus der leuchtend gr\u00fcnen Iris und dem k\u00fchnen schwarzen Rand f\u00e4ngt die Essenz von Kakuzus stechenden Augen perfekt ein und verleiht deinem Cosplay eine zus\u00e4tzliche Ebene der Authentizit\u00e4t. Wenn du diese Kontaktlinsen aufsetzt, wirst du sp\u00fcren, wie die Macht und die Gerissenheit des Schatzmeisters der Akatsuki durch dich hindurchflie\u00dft, und du kannst dich voll und ganz in die Figur hineinversetzen.<\/span><\/p>\n<p class=\"md-end-block md-p\"><span class=\"md-plain\">Cosplay Influencer schw\u00e4rmen von diesen Kakuzu Green and Black Edge Cosplay Kontaktlinsen! \ud83c\udf1f<\/span><\/p>\n<p class=\"md-end-block md-p\"><span class=\"md-plain\">\"Als Cosplayer, der es liebt, komplexe B\u00f6sewichte darzustellen, sind diese gr\u00fcnen und schwarz umrandeten Cosplay-Kontaktlinsen von Kakuzu eine absolute Bereicherung! Die Kombination aus der leuchtend gr\u00fcnen Iris und dem kr\u00e4ftigen schwarzen Rand f\u00e4ngt Kakuzus ikonische Augen perfekt ein, und der Tragekomfort ist unschlagbar. Ich empfehle sie jedem, der dieses beeindruckende Akatsuki-Mitglied cosplayen m\u00f6chte!\" - \ud83d\udcb0 KakuzuCosplayMaster<\/span><\/p>\n<p class=\"md-end-block md-p\"><span class=\"md-plain\">\"Ich war von der Qualit\u00e4t und Authentizit\u00e4t dieser gr\u00fcnen und schwarzen Kakuzu-Cosplay-Kontaktlinsen \u00fcberw\u00e4ltigt. Sie verk\u00f6rpern perfekt den durchdringenden Blick von Kakuzu, und die Passform ist unglaublich bequem. Diese Linsen sind ein wesentlicher Bestandteil meiner Akatsuki-Cosplays geworden!\" - \ud83d\udc41\ufe0f AkatsukiLegend<\/span><\/p>\n<p class=\"md-end-block md-p\"><span class=\"md-plain\">\"Diese gr\u00fcn-schwarzen Kakuzu-Cosplay-Kontaktlinsen sind ein Muss f\u00fcr jeden ernsthaften Naruto-Cosplayer, der diesen kultigen B\u00f6sewicht darstellen m\u00f6chte. Die atemberaubende Kombination aus Gr\u00fcn und Schwarz hat mir geholfen, einige wirklich unvergessliche Cosplay-Momente zu schaffen!\" - \ud83c\udf00 KakuzuCosplayPro<\/span><\/p>\n<p class=\"md-end-block md-p\"><span class=\"md-plain\">Mach dir die Kraft und die R\u00fccksichtslosigkeit von Kakuzu zu eigen! \ud83c\udf0d<\/span> <span class=\"md-plain\">Mit diesen Kakuzu Cosplay Kontaktlinsen mit gr\u00fcnem und schwarzem Rand verk\u00f6rperst du die Macht und Skrupellosigkeit eines der furchterregendsten Mitglieder der Akatsuki. Setze Kakuzus stechend gr\u00fcne Augen mit einem k\u00fchnen schwarzen Rand in Szene, kreiere fesselnde Cosplay-Erlebnisse und hinterlasse einen bleibenden Eindruck bei allen, die Zeuge deiner Verwandlung werden.<\/span><\/p>\n<p class=\"md-end-block md-p\"><span class=\"md-plain\">Deine Reise in die Welt von Kakuzu wartet - lass diese gr\u00fcn-schwarzen Cosplay-Kontaktlinsen dein Tor zur Entfesselung deines wahren B\u00f6sewicht-Potenzials sein! \ud83d\udcb0\ud83d\udc41\ufe0f\u26ab<\/span><\/p>\n<p class=\"md-end-block md-p md-focus\"><span class=\"md-plain md-expand\">#KakuzuGreenBlackEdgeCosplayContacts #AkatsukiCosplay #NarutoCosplayersUnite #EmbraceYourVillainousSide<\/span><\/p>","protected":false},"excerpt":{"rendered":"<p>Entfessle deinen inneren Akatsuki-Schatzmeister mit den Kakuzu Green and Black Edge Cosplay Kontaktlinsen! \ud83d\udcb0\ud83d\udc41\ufe0f\u26ab Verk\u00f6rpere das ikonische Akatsuki-Mitglied mit diesen auff\u00e4lligen Kakuzu-Kontaktlinsen! \ud83d\udc40 Achtung an alle Naruto Cosplayer und Fans der ber\u00fcchtigten Akatsuki! Mach dich bereit, die Macht und Skrupellosigkeit von Kakuzu zu kanalisieren mit diesen unglaublichen gr\u00fcnen und schwarzen [...]","protected":false},"featured_media":18310,"comment_status":"open","ping_status":"closed","template":"","meta":[],"product_brand":[],"product_cat":[83],"product_tag":[109],"class_list":{"0":"post-7257","1":"product","2":"type-product","3":"status-publish","4":"has-post-thumbnail","6":"product_cat-cosplay-contacts","7":"product_tag-kakuzu","9":"first","10":"instock","11":"sale","12":"taxable","13":"shipping-taxable","14":"purchasable","15":"product-type-variable","16":"has-default-attributes"},"_links":{"self":[{"href":"https:\/\/sharingan.us\/de\/wp-json\/wp\/v2\/product\/7257","targetHints":{"allow":["GET"]}}],"collection":[{"href":"https:\/\/sharingan.us\/de\/wp-json\/wp\/v2\/product"}],"about":[{"href":"https:\/\/sharingan.us\/de\/wp-json\/wp\/v2\/types\/product"}],"replies":[{"embeddable":true,"href":"https:\/\/sharingan.us\/de\/wp-json\/wp\/v2\/comments?post=7257"}],"wp:featuredmedia":[{"embeddable":true,"href":"https:\/\/sharingan.us\/de\/wp-json\/wp\/v2\/media\/18310"}],"wp:attachment":[{"href":"https:\/\/sharingan.us\/de\/wp-json\/wp\/v2\/media?parent=7257"}],"wp:term":[{"taxonomy":"product_brand","embeddable":true,"href":"https:\/\/sharingan.us\/de\/wp-json\/wp\/v2\/product_brand?post=7257"},{"taxonomy":"product_cat","embeddable":true,"href":"https:\/\/sharingan.us\/de\/wp-json\/wp\/v2\/product_cat?post=7257"},{"taxonomy":"product_tag","embeddable":true,"href":"https:\/\/sharingan.us\/de\/wp-json\/wp\/v2\/product_tag?post=7257"}],"curies":[{"name":"wp","href":"https:\/\/api.w.org\/{rel}","templated":true}]}}