{"id":7161,"date":"2021-11-24T12:12:55","date_gmt":"2021-11-24T16:12:55","guid":{"rendered":"https:\/\/sharingan.us\/?post_type=product&#038;p=7161"},"modified":"2024-10-05T15:34:51","modified_gmt":"2024-10-05T07:34:51","slug":"weise-und-rote-rinnegan-sharingan-kontakte","status":"publish","type":"product","link":"https:\/\/sharingan.us\/de\/weise-und-rote-rinnegan-sharingan-kontakte\/","title":{"rendered":"Wei\u00dfe und rote Rinnegan-Sharingan-Kontakte"},"content":{"rendered":"<h1 class=\"md-end-block md-heading\"><span class=\"md-plain md-expand\">Entfessle die ultimative D\u014djutsu-Fusion mit wei\u00dfen und roten Rinnegan-Sharingan-Kontakten! \ud83d\udd34\u26aa<\/span><\/h1>\n<p class=\"md-end-block md-p\"><span class=\"md-plain\">Kombiniere die Kraft des Rinnegan und des Sharingan mit diesen auff\u00e4lligen zweifarbigen Linsen! \ud83d\udc40<\/span> <span class=\"md-plain\">Alle Naruto-Cosplayer und Fans der m\u00e4chtigsten Augenf\u00e4higkeiten der Serie aufgepasst! Mach dich bereit, die unvergleichliche Macht der legend\u00e4ren Charaktere mit diesen unglaublichen wei\u00dfen und roten Rinnegan Sharingan Kontaktlinsen zu verk\u00f6rpern. Diese Linsen kombinieren perfekt die ikonischen Designs des Rinnegan und Sharingan in einem faszinierenden zweifarbigen Muster, so dass Sie die ultimative d\u014djutsu Meisterschaft in Ihrem Cosplay zu pr\u00e4sentieren!<\/span><\/p>\n<p class=\"md-end-block md-p\"><span class=\"md-plain\">Unerreichter Komfort und Sicherheit f\u00fcr langes Tragen \ud83d\udc8e<\/span> <span class=\"md-plain\">Wir wissen, dass Komfort und Sicherheit oberste Priorit\u00e4t haben, wenn es um Cosplay-Kontaktlinsen geht. Diese wei\u00dfen und roten Rinnegan Sharingan Kontaktlinsen sind aus hochwertigen Materialien gefertigt und bieten eine perfekte Passform und au\u00dfergew\u00f6hnliche Klarheit. Sie sind FDA-zugelassen und erf\u00fcllen alle Sicherheitsstandards, so dass du sie getrost \u00fcber einen l\u00e4ngeren Zeitraum tragen kannst, ohne dass es zu Unbehagen oder Sehst\u00f6rungen kommt.<\/span><\/p>\n<p class=\"md-end-block md-p\"><span class=\"md-plain\">Sorgf\u00e4ltig hergestellt, um die ikonische Rinnegan-Sharingan-Fusion zu reproduzieren \ud83c\udfa8<\/span> <span class=\"md-plain\">Die Liebe zum Detail bei diesen wei\u00dfen und roten Rinnegan-Sharingan-Kontaktlinsen ist wirklich erstaunlich. Das komplizierte Design verschmilzt nahtlos die konzentrischen Kreise des Rinnegan mit dem unverwechselbaren Tomoe des Sharingan und schafft eine atemberaubende visuelle Darstellung der ultimativen Augenkraft. Der auff\u00e4llige Kontrast zwischen den wei\u00dfen und roten Farben verleiht dem Design eine zus\u00e4tzliche Ebene der Tiefe und Mystik. Wenn du diese Kontaktlinsen aufsetzt, wirst du sp\u00fcren, wie die immense Kraft und Weisheit der legend\u00e4ren Charaktere durch dich hindurchflie\u00dft und du ihre unvergleichlichen F\u00e4higkeiten authentisch darstellen kannst.<\/span><\/p>\n<p class=\"md-end-block md-p\"><span class=\"md-plain\">Cosplay-Influencer schw\u00e4rmen von diesen wei\u00dfen und roten Rinnegan-Sharingan-Kontaktlinsen! \ud83c\udf1f<\/span><\/p>\n<p class=\"md-end-block md-p\"><span class=\"md-plain\">\"Als Cosplayer, der es liebt, Charaktere mit den m\u00e4chtigsten Augenf\u00e4higkeiten darzustellen, sind diese wei\u00dfen und roten Rinnegan-Sharingan-Kontaktlinsen eine absolute Bereicherung! Das zweifarbige Design f\u00e4ngt perfekt die Verschmelzung der beiden legend\u00e4ren d\u014djutsu ein, und der Tragekomfort ist unschlagbar. Ich empfehle sie jedem, der sein Naruto-Cosplay auf das n\u00e4chste Level bringen will!\" - \ud83d\udd34 RinneganSharinganMaster<\/span><\/p>\n<p class=\"md-end-block md-p\"><span class=\"md-plain\">\"Ich war \u00fcberw\u00e4ltigt von den komplizierten Details und der atemberaubenden Ausf\u00fchrung dieser wei\u00dfen und roten Rinnegan-Sharingan-Kontaktlinsen. Sie verk\u00f6rpern perfekt die ultimative Sehkraft, und die Qualit\u00e4t ist hervorragend. Diese Linsen sind zu einem unverzichtbaren Bestandteil meiner Cosplays f\u00fcr Charaktere mit au\u00dfergew\u00f6hnlichen Sehf\u00e4higkeiten geworden!\" - \u26aa DualD\u014djutsuPro<\/span><\/p>\n<p class=\"md-end-block md-p\"><span class=\"md-plain\">\"Diese wei\u00dfen und roten Rinnegan-Sharingan-Kontaktlinsen sind ein Muss f\u00fcr jeden ernsthaften Naruto-Cosplayer, der Charaktere mit den m\u00e4chtigsten Augenf\u00e4higkeiten darstellen m\u00f6chte. Der Komfort und das Design sind unvergleichlich, und sie haben mir geholfen, einige wirklich unvergessliche Cosplay-Momente zu schaffen!\" - \ud83c\udf00 UltimateD\u014djutsuLegend<\/span><\/p>\n<p class=\"md-end-block md-p\"><span class=\"md-plain\">Ergreife die ultimative D\u014djutsu-Meisterschaft! \ud83c\udf0d<\/span> <span class=\"md-plain\">Mit diesen wei\u00df-roten Rinnegan Sharingan-Kontaktlinsen setzt du die Spitze der Augenkraft im Naruto-Universum in Szene. Zeige die unvergleichliche St\u00e4rke und Weisheit der legend\u00e4ren Charaktere, kreiere fesselnde Cosplay-Erlebnisse und hinterlasse einen bleibenden Eindruck bei allen, die Zeuge deiner Verwandlung werden.<\/span><\/p>\n<p class=\"md-end-block md-p\"><span class=\"md-plain\">Deine Reise zur ultimativen d\u014djutsu-Meisterschaft steht bevor - lass diese wei\u00dfen und roten Rinnegan-Sharingan-Kontakte dein Schl\u00fcssel zur Entfaltung deines wahren Potenzials sein! \ud83d\udd34\u26aa<\/span><\/p>\n<p class=\"md-end-block md-p md-focus\"><span class=\"md-plain md-expand\">#WhiteRedRinneganSharinganFusion #UltimateD\u014djutsuCosplay #NarutoCosplayersUnite #EmbraceYourUltimatePower<\/span><\/p>","protected":false},"excerpt":{"rendered":"<p>Entfesseln Sie die ultimative D\u014djutsu Fusion mit wei\u00dfen und roten Rinnegan Sharingan Kontaktlinsen! \ud83d\udd34\u26aa Kombiniere die Kraft des Rinnegan und Sharingan mit diesen auff\u00e4lligen zweifarbigen Linsen! \ud83d\udc40 Achtung an alle Naruto-Cosplayer und Fans der m\u00e4chtigsten okul\u00e4ren F\u00e4higkeiten der Serie! Mach dich bereit, die unvergleichliche Macht der legend\u00e4ren Charaktere mit diesen unglaublichen [...]","protected":false},"featured_media":7154,"comment_status":"open","ping_status":"closed","template":"","meta":[],"product_brand":[],"product_cat":[83],"product_tag":[86,87],"class_list":{"0":"post-7161","1":"product","2":"type-product","3":"status-publish","4":"has-post-thumbnail","6":"product_cat-cosplay-contacts","7":"product_tag-rinnegan","8":"product_tag-rinnegan-sharingan-contacts","10":"first","11":"instock","12":"sale","13":"featured","14":"taxable","15":"shipping-taxable","16":"purchasable","17":"product-type-variable","18":"has-default-attributes"},"_links":{"self":[{"href":"https:\/\/sharingan.us\/de\/wp-json\/wp\/v2\/product\/7161","targetHints":{"allow":["GET"]}}],"collection":[{"href":"https:\/\/sharingan.us\/de\/wp-json\/wp\/v2\/product"}],"about":[{"href":"https:\/\/sharingan.us\/de\/wp-json\/wp\/v2\/types\/product"}],"replies":[{"embeddable":true,"href":"https:\/\/sharingan.us\/de\/wp-json\/wp\/v2\/comments?post=7161"}],"wp:featuredmedia":[{"embeddable":true,"href":"https:\/\/sharingan.us\/de\/wp-json\/wp\/v2\/media\/7154"}],"wp:attachment":[{"href":"https:\/\/sharingan.us\/de\/wp-json\/wp\/v2\/media?parent=7161"}],"wp:term":[{"taxonomy":"product_brand","embeddable":true,"href":"https:\/\/sharingan.us\/de\/wp-json\/wp\/v2\/product_brand?post=7161"},{"taxonomy":"product_cat","embeddable":true,"href":"https:\/\/sharingan.us\/de\/wp-json\/wp\/v2\/product_cat?post=7161"},{"taxonomy":"product_tag","embeddable":true,"href":"https:\/\/sharingan.us\/de\/wp-json\/wp\/v2\/product_tag?post=7161"}],"curies":[{"name":"wp","href":"https:\/\/api.w.org\/{rel}","templated":true}]}}