{"id":7110,"date":"2021-11-23T12:04:45","date_gmt":"2021-11-23T12:04:45","guid":{"rendered":"https:\/\/sharingan.us\/?post_type=product&#038;p=7110"},"modified":"2024-10-05T15:34:51","modified_gmt":"2024-10-05T07:34:51","slug":"zwei-tomoe-sharingan-kontakte","status":"publish","type":"product","link":"https:\/\/sharingan.us\/de\/zwei-tomoe-sharingan-kontakte\/","title":{"rendered":"Zwei Tomoe-Sharingan-Kontakte"},"content":{"rendered":"<h4>Zwei Tomoe-Sharingan-Kontakte<\/h4>\n<p>Wenn ein Sharingan zum ersten Mal erweckt wird, hat es in der Regel nur ein Tomoe, obwohl es in manchen F\u00e4llen sofort zwei Tomoe in jedem seiner Augen erh\u00e4lt. Durch emotionale Wachstum der extremen Bedingungen, wird das Sharingan weiter zu entwickeln, seine volle Reife durch eine dritte tomoe dargestellt.<\/p>\n<p>Erwecke die zweite Stufe des legend\u00e4ren Sharingan mit diesen auff\u00e4lligen Two Tomoe Sharingan Kontaktlinsen. Ob f\u00fcr Cosplay oder einfach nur als gewagtes Modestatement, diese farbigen Kontaktlinsen geben dir den eindeutigen und unverwechselbaren Look, dass du das zweite Tomoe des Sharingan erweckt hast.<\/p>\n<p>Die Two Tomoe Sharingan-Kontakte wurden sorgf\u00e4ltig entworfen, um das ikonische Bild nachzubilden. Sie zeigen eine leuchtend rote Iris mit zwei schwarzen Tomoe, die die Pupille pr\u00e4zise umkreisen. Das Ergebnis ist ein unglaublich realistisches Dojutsu-Aussehen, genau wie das ber\u00fchmte visuelle Jutsu des Uchiha-Clans.<\/p>\n<p>Die Two Tomoe Sharingan Kontaktlinsen werden aus hochwertigen Materialien hergestellt und strengen Tests unterzogen, um Sicherheit und Tragekomfort f\u00fcr den ganzen Tag zu gew\u00e4hrleisten. Mit den Linsen mit UV-Schutz kannst du die Kraft des Sharingan nutzen, um deine Sicht und Wahrnehmung zu verbessern.<\/p>\n<p>Egal, ob du als Sasuke an der n\u00e4chsten gro\u00dfen Anime-Convention teilnimmst oder einfach nur die Blicke auf dich ziehen willst, wecke deinen inneren Shinobi mit den Two Tomoe Sharingan Contacts. Mit diesen Linsen kannst du die St\u00e4rke, Wahrnehmung und F\u00e4higkeiten der zweiten Stufe des Sharingan nutzen.<\/p>","protected":false},"excerpt":{"rendered":"<p>Zwei Tomoe Sharingan-Kontakte Wenn ein Sharingan zum ersten Mal erweckt wird, hat es in der Regel nur ein Tomoe, obwohl es in manchen F\u00e4llen sofort zwei Tomoe in jedem seiner Augen erh\u00e4lt. Durch emotionales Wachstum unter extremen Bedingungen wird sich das Sharingan weiter entwickeln und seine volle Reife durch ein drittes Tomoe darstellen. Schalten Sie die zweite Stufe des [...]","protected":false},"featured_media":7106,"comment_status":"open","ping_status":"closed","template":"","meta":[],"product_brand":[],"product_cat":[49],"product_tag":[81,80],"class_list":{"0":"post-7110","1":"product","2":"type-product","3":"status-publish","4":"has-post-thumbnail","6":"product_cat-sharingan-contacts","7":"product_tag-kakashi","8":"product_tag-sharingan-contacts","10":"first","11":"instock","12":"sale","13":"featured","14":"taxable","15":"shipping-taxable","16":"purchasable","17":"product-type-variable","18":"has-default-attributes"},"_links":{"self":[{"href":"https:\/\/sharingan.us\/de\/wp-json\/wp\/v2\/product\/7110","targetHints":{"allow":["GET"]}}],"collection":[{"href":"https:\/\/sharingan.us\/de\/wp-json\/wp\/v2\/product"}],"about":[{"href":"https:\/\/sharingan.us\/de\/wp-json\/wp\/v2\/types\/product"}],"replies":[{"embeddable":true,"href":"https:\/\/sharingan.us\/de\/wp-json\/wp\/v2\/comments?post=7110"}],"wp:featuredmedia":[{"embeddable":true,"href":"https:\/\/sharingan.us\/de\/wp-json\/wp\/v2\/media\/7106"}],"wp:attachment":[{"href":"https:\/\/sharingan.us\/de\/wp-json\/wp\/v2\/media?parent=7110"}],"wp:term":[{"taxonomy":"product_brand","embeddable":true,"href":"https:\/\/sharingan.us\/de\/wp-json\/wp\/v2\/product_brand?post=7110"},{"taxonomy":"product_cat","embeddable":true,"href":"https:\/\/sharingan.us\/de\/wp-json\/wp\/v2\/product_cat?post=7110"},{"taxonomy":"product_tag","embeddable":true,"href":"https:\/\/sharingan.us\/de\/wp-json\/wp\/v2\/product_tag?post=7110"}],"curies":[{"name":"wp","href":"https:\/\/api.w.org\/{rel}","templated":true}]}}