{"id":631,"date":"2018-05-15T13:50:56","date_gmt":"2018-05-15T13:50:56","guid":{"rendered":"https:\/\/themedemo.commercegurus.com\/shoptimizer\/?post_type=product&amp;p=631"},"modified":"2018-05-15T13:50:56","modified_gmt":"2018-05-15T13:50:56","slug":"gemustertes-wickelkleid","status":"publish","type":"product","link":"https:\/\/sharingan.us\/de\/gemustertes-wickelkleid\/","title":{"rendered":"Gemustertes Wickelkleid"},"content":{"rendered":"","protected":false},"excerpt":{"rendered":"<p>Dieses handgefertigte Kleidungsst\u00fcck ist ideal f\u00fcr formelle oder legere Anl\u00e4sse und ist ein ideales Grundnahrungsmittel f\u00fcr jeden Kleiderschrank.<\/p>","protected":false},"featured_media":7003,"comment_status":"open","ping_status":"closed","template":"","meta":[],"product_brand":[],"product_cat":[15],"product_tag":[30],"class_list":{"0":"post-631","1":"product","2":"type-product","3":"status-publish","4":"has-post-thumbnail","6":"product_cat-uncategorized","7":"product_tag-pattern","9":"first","10":"instock","11":"sale","12":"taxable","13":"shipping-taxable","14":"purchasable","15":"product-type-simple"},"_links":{"self":[{"href":"https:\/\/sharingan.us\/de\/wp-json\/wp\/v2\/product\/631","targetHints":{"allow":["GET"]}}],"collection":[{"href":"https:\/\/sharingan.us\/de\/wp-json\/wp\/v2\/product"}],"about":[{"href":"https:\/\/sharingan.us\/de\/wp-json\/wp\/v2\/types\/product"}],"replies":[{"embeddable":true,"href":"https:\/\/sharingan.us\/de\/wp-json\/wp\/v2\/comments?post=631"}],"wp:featuredmedia":[{"embeddable":true,"href":"https:\/\/sharingan.us\/de\/wp-json\/"}],"wp:attachment":[{"href":"https:\/\/sharingan.us\/de\/wp-json\/wp\/v2\/media?parent=631"}],"wp:term":[{"taxonomy":"product_brand","embeddable":true,"href":"https:\/\/sharingan.us\/de\/wp-json\/wp\/v2\/product_brand?post=631"},{"taxonomy":"product_cat","embeddable":true,"href":"https:\/\/sharingan.us\/de\/wp-json\/wp\/v2\/product_cat?post=631"},{"taxonomy":"product_tag","embeddable":true,"href":"https:\/\/sharingan.us\/de\/wp-json\/wp\/v2\/product_tag?post=631"}],"curies":[{"name":"wp","href":"https:\/\/api.w.org\/{rel}","templated":true}]}}