{"id":603,"date":"2018-05-16T11:19:18","date_gmt":"2018-05-16T11:19:18","guid":{"rendered":"https:\/\/themedemo.commercegurus.com\/shoptimizer\/?post_type=product&amp;p=603"},"modified":"2018-05-16T11:19:18","modified_gmt":"2018-05-16T11:19:18","slug":"jeansjacke","status":"publish","type":"product","link":"https:\/\/sharingan.us\/de\/jeansjacke\/","title":{"rendered":"Denim-Jacke"},"content":{"rendered":"","protected":false},"excerpt":{"rendered":"<p>Dieses handgefertigte Kleidungsst\u00fcck ist ideal f\u00fcr formelle oder legere Anl\u00e4sse und ist ein ideales Grundnahrungsmittel f\u00fcr jeden Kleiderschrank.<\/p>","protected":false},"featured_media":7003,"comment_status":"open","ping_status":"closed","template":"","meta":[],"product_brand":[],"product_cat":[15],"product_tag":[22,37],"class_list":{"0":"post-603","1":"product","2":"type-product","3":"status-publish","4":"has-post-thumbnail","6":"product_cat-uncategorized","7":"product_tag-denim","8":"product_tag-summer","10":"first","11":"instock","12":"sale","13":"taxable","14":"shipping-taxable","15":"purchasable","16":"product-type-simple"},"_links":{"self":[{"href":"https:\/\/sharingan.us\/de\/wp-json\/wp\/v2\/product\/603","targetHints":{"allow":["GET"]}}],"collection":[{"href":"https:\/\/sharingan.us\/de\/wp-json\/wp\/v2\/product"}],"about":[{"href":"https:\/\/sharingan.us\/de\/wp-json\/wp\/v2\/types\/product"}],"replies":[{"embeddable":true,"href":"https:\/\/sharingan.us\/de\/wp-json\/wp\/v2\/comments?post=603"}],"wp:featuredmedia":[{"embeddable":true,"href":"https:\/\/sharingan.us\/de\/wp-json\/"}],"wp:attachment":[{"href":"https:\/\/sharingan.us\/de\/wp-json\/wp\/v2\/media?parent=603"}],"wp:term":[{"taxonomy":"product_brand","embeddable":true,"href":"https:\/\/sharingan.us\/de\/wp-json\/wp\/v2\/product_brand?post=603"},{"taxonomy":"product_cat","embeddable":true,"href":"https:\/\/sharingan.us\/de\/wp-json\/wp\/v2\/product_cat?post=603"},{"taxonomy":"product_tag","embeddable":true,"href":"https:\/\/sharingan.us\/de\/wp-json\/wp\/v2\/product_tag?post=603"}],"curies":[{"name":"wp","href":"https:\/\/api.w.org\/{rel}","templated":true}]}}