{"id":15324,"date":"2022-07-07T03:58:23","date_gmt":"2022-07-07T07:58:23","guid":{"rendered":"https:\/\/sharingan.us\/?post_type=product&#038;p=15324"},"modified":"2025-08-05T14:42:57","modified_gmt":"2025-08-05T06:42:57","slug":"uchiha-naka-ms-sharingan-kontaktlinsen","status":"publish","type":"product","link":"https:\/\/sharingan.us\/de\/uchiha-naka-ms-sharingan-kontaktlinsen\/","title":{"rendered":"Uchiha Naka MS Sharingan Kontaktlinsen"},"content":{"rendered":"<h4>Uchiha Naka MS Sharingan Kontaktlinsen<\/h4>\n<p>Naka war zumindest im Kenjutsu ge\u00fcbt, da er ein Schwert besa\u00df. Er war in der Lage, das d\u014djutsu kekkei genkai seines Clans zu erwecken: das Sharingan. Das d\u014djutsu verlieh ihm die F\u00e4higkeit, die Technik Izanagi zu benutzen, die er anscheinend obsessiv mit solchen F\u00e4higkeiten einsetzte, dass er den Kampf gegen mehrere andere Uchiha \u00fcberleben konnte. Er war auch in der Lage, das Mangeky\u014d-Sharingan zu aktivieren, das die Form eines roten, dreizackigen R\u00e4dchens hatte, in dessen Mitte seine Sch\u00fclerin hervorstach.<\/p>","protected":false},"excerpt":{"rendered":"<p>Uchiha Naka MS Sharingan Kontaktlinsen Naka war zumindest in Kenjutsu ge\u00fcbt, wenn man bedenkt, dass er ein Schwert hatte. Er war in der Lage, das d\u014djutsu kekkei genkai seines Clans zu erwecken: das Sharingan. Das d\u014djutsu verlieh ihm die F\u00e4higkeit, die Technik Izanagi zu verwenden, die er anscheinend obsessiv mit solchen F\u00e4higkeiten einsetzte, dass er den Kampf gegen [...]","protected":false},"featured_media":15524,"comment_status":"open","ping_status":"closed","template":"","meta":[],"product_brand":[],"product_cat":[49],"product_tag":[80,837],"class_list":{"0":"post-15324","1":"product","2":"type-product","3":"status-publish","4":"has-post-thumbnail","6":"product_cat-sharingan-contacts","7":"product_tag-sharingan-contacts","8":"product_tag-uchiha-naka-ms","10":"first","11":"instock","12":"sale","13":"featured","14":"taxable","15":"shipping-taxable","16":"purchasable","17":"product-type-variable","18":"has-default-attributes"},"_links":{"self":[{"href":"https:\/\/sharingan.us\/de\/wp-json\/wp\/v2\/product\/15324","targetHints":{"allow":["GET"]}}],"collection":[{"href":"https:\/\/sharingan.us\/de\/wp-json\/wp\/v2\/product"}],"about":[{"href":"https:\/\/sharingan.us\/de\/wp-json\/wp\/v2\/types\/product"}],"replies":[{"embeddable":true,"href":"https:\/\/sharingan.us\/de\/wp-json\/wp\/v2\/comments?post=15324"}],"wp:featuredmedia":[{"embeddable":true,"href":"https:\/\/sharingan.us\/de\/wp-json\/wp\/v2\/media\/15524"}],"wp:attachment":[{"href":"https:\/\/sharingan.us\/de\/wp-json\/wp\/v2\/media?parent=15324"}],"wp:term":[{"taxonomy":"product_brand","embeddable":true,"href":"https:\/\/sharingan.us\/de\/wp-json\/wp\/v2\/product_brand?post=15324"},{"taxonomy":"product_cat","embeddable":true,"href":"https:\/\/sharingan.us\/de\/wp-json\/wp\/v2\/product_cat?post=15324"},{"taxonomy":"product_tag","embeddable":true,"href":"https:\/\/sharingan.us\/de\/wp-json\/wp\/v2\/product_tag?post=15324"}],"curies":[{"name":"wp","href":"https:\/\/api.w.org\/{rel}","templated":true}]}}