{"id":12967,"date":"2021-12-15T04:17:40","date_gmt":"2021-12-15T08:17:40","guid":{"rendered":"https:\/\/sharingan.us\/?post_type=product&#038;p=12967"},"modified":"2024-10-05T15:34:52","modified_gmt":"2024-10-05T07:34:52","slug":"halloween-venezianische-masken","status":"publish","type":"product","link":"https:\/\/sharingan.us\/de\/halloween-venezianische-masken\/","title":{"rendered":"Venezianische Halloween-Masken"},"content":{"rendered":"<h4>Venezianische Halloween-Masken<\/h4>\n<pre>Halloween venezianische Masken mit 3 Farben.\r\n<em><strong>Gr\u00f6\u00dfe: Breite 39cm, H\u00f6he 33cm, Gesichtsbreite 16cm<\/strong><\/em><\/pre>","protected":false},"excerpt":{"rendered":"<p>Halloween venezianische Masken Halloween venezianische Masken mit 3 Farben. Gr\u00f6\u00dfe: Breite 39cm, H\u00f6he 33cm, Gesichtsbreite 16cm<\/p>","protected":false},"featured_media":13003,"comment_status":"open","ping_status":"closed","template":"","meta":[],"product_brand":[],"product_cat":[511],"product_tag":[512],"class_list":{"0":"post-12967","1":"product","2":"type-product","3":"status-publish","4":"has-post-thumbnail","6":"product_cat-halloween-masks","7":"product_tag-venetian-masks","9":"first","10":"instock","11":"sale","12":"taxable","13":"shipping-taxable","14":"purchasable","15":"product-type-variable","16":"has-default-attributes"},"_links":{"self":[{"href":"https:\/\/sharingan.us\/de\/wp-json\/wp\/v2\/product\/12967","targetHints":{"allow":["GET"]}}],"collection":[{"href":"https:\/\/sharingan.us\/de\/wp-json\/wp\/v2\/product"}],"about":[{"href":"https:\/\/sharingan.us\/de\/wp-json\/wp\/v2\/types\/product"}],"replies":[{"embeddable":true,"href":"https:\/\/sharingan.us\/de\/wp-json\/wp\/v2\/comments?post=12967"}],"wp:featuredmedia":[{"embeddable":true,"href":"https:\/\/sharingan.us\/de\/wp-json\/wp\/v2\/media\/13003"}],"wp:attachment":[{"href":"https:\/\/sharingan.us\/de\/wp-json\/wp\/v2\/media?parent=12967"}],"wp:term":[{"taxonomy":"product_brand","embeddable":true,"href":"https:\/\/sharingan.us\/de\/wp-json\/wp\/v2\/product_brand?post=12967"},{"taxonomy":"product_cat","embeddable":true,"href":"https:\/\/sharingan.us\/de\/wp-json\/wp\/v2\/product_cat?post=12967"},{"taxonomy":"product_tag","embeddable":true,"href":"https:\/\/sharingan.us\/de\/wp-json\/wp\/v2\/product_tag?post=12967"}],"curies":[{"name":"wp","href":"https:\/\/api.w.org\/{rel}","templated":true}]}}