{"id":12894,"date":"2021-12-15T02:54:20","date_gmt":"2021-12-15T06:54:20","guid":{"rendered":"https:\/\/sharingan.us\/?post_type=product&#038;p=12894"},"modified":"2024-10-05T15:34:49","modified_gmt":"2024-10-05T07:34:49","slug":"uchiha-obito-cosplay-maske","status":"publish","type":"product","link":"https:\/\/sharingan.us\/de\/uchiha-obito-cosplay-maske\/","title":{"rendered":"Uchiha Obito Cosplay Maske"},"content":{"rendered":"<h4>Uchiha Obito Cosplay Maske<\/h4>\n<p>\u00dcber Obito Cosplay Maske\uff1aAls Kind hatte Obito schwarze Augen und kurzes, stacheliges, schwarzes Haar. Er trug eine blaue Uniform mit langen \u00c4rmeln und eine blaue Jacke mit einem orangefarbenen Kragen und Verzierungen. Die Jacke wurde durch zwei Kn\u00f6pfe am Kragen mit dem Rest der Kleidung verbunden und trug auf der R\u00fcckseite das Wappen des Uchiha-Clans. Au\u00dferdem trug er einen wei\u00dfen G\u00fcrtel, Shinobi-Sandalen, den \u00fcblichen dunkelblauen Stirnschutz von Konoha und eine Brille mit orangefarbenen Gl\u00e4sern, die mit Ohrensch\u00fctzern verbunden waren. Die rechte H\u00e4lfte seines Gesichts ist nach den Ereignissen in Kusagakure stark vernarbt und sieht aus wie Falten, w\u00e4hrend die zerst\u00f6rte rechte H\u00e4lfte seines Oberk\u00f6rpers und sein rechter Arm durch wei\u00dfe Zetsu-Materie ersetzt wurden, die eine viel hellere Farbe als sein K\u00f6rper hat. Seine Haare sind w\u00e4hrend seiner Rehabilitation l\u00e4nger geworden, und er hat sie im Laufe der Jahre immer wieder wachsen lassen und geschnitten.<\/p>","protected":false},"excerpt":{"rendered":"<p>Universalgr\u00f6\u00dfe, geeignet f\u00fcr 8+ tragen<\/p>","protected":false},"featured_media":12903,"comment_status":"open","ping_status":"closed","template":"","meta":[],"product_brand":[],"product_cat":[511],"product_tag":[],"class_list":{"0":"post-12894","1":"product","2":"type-product","3":"status-publish","4":"has-post-thumbnail","6":"product_cat-halloween-masks","8":"first","9":"instock","10":"sale","11":"taxable","12":"shipping-taxable","13":"purchasable","14":"product-type-simple"},"_links":{"self":[{"href":"https:\/\/sharingan.us\/de\/wp-json\/wp\/v2\/product\/12894","targetHints":{"allow":["GET"]}}],"collection":[{"href":"https:\/\/sharingan.us\/de\/wp-json\/wp\/v2\/product"}],"about":[{"href":"https:\/\/sharingan.us\/de\/wp-json\/wp\/v2\/types\/product"}],"replies":[{"embeddable":true,"href":"https:\/\/sharingan.us\/de\/wp-json\/wp\/v2\/comments?post=12894"}],"wp:featuredmedia":[{"embeddable":true,"href":"https:\/\/sharingan.us\/de\/wp-json\/wp\/v2\/media\/12903"}],"wp:attachment":[{"href":"https:\/\/sharingan.us\/de\/wp-json\/wp\/v2\/media?parent=12894"}],"wp:term":[{"taxonomy":"product_brand","embeddable":true,"href":"https:\/\/sharingan.us\/de\/wp-json\/wp\/v2\/product_brand?post=12894"},{"taxonomy":"product_cat","embeddable":true,"href":"https:\/\/sharingan.us\/de\/wp-json\/wp\/v2\/product_cat?post=12894"},{"taxonomy":"product_tag","embeddable":true,"href":"https:\/\/sharingan.us\/de\/wp-json\/wp\/v2\/product_tag?post=12894"}],"curies":[{"name":"wp","href":"https:\/\/api.w.org\/{rel}","templated":true}]}}