{"id":7468,"date":"2021-11-28T05:48:27","date_gmt":"2021-11-28T09:48:27","guid":{"rendered":"https:\/\/sharingan.us\/?page_id=7468"},"modified":"2022-10-02T22:20:05","modified_gmt":"2022-10-02T14:20:05","slug":"versand","status":"publish","type":"page","link":"https:\/\/sharingan.us\/de\/versand\/","title":{"rendered":"Versand"},"content":{"rendered":"<h4 data-sanitized-data-mce-fragment=\"1\">Service-Aktualisierungen aufgrund des COVID-19-Ausbruchs<\/h4>\n<p data-sanitized-data-mce-fragment=\"1\"><em data-sanitized-data-mce-fragment=\"1\">Update 1. Oktober 2022<\/em><\/p>\n<p data-sanitized-data-mce-fragment=\"1\">Aktualisierungen werden hervorgehoben.<br data-sanitized-data-mce-fragment=\"1\" \/>Unter\u00a0<em data-sanitized-data-mce-fragment=\"1\"><strong data-sanitized-data-mce-fragment=\"1\">Sharingan-Kontakte<\/strong><\/em>Um die Erwartungen unserer Kunden zu erf\u00fcllen, pr\u00fcfen wir st\u00e4ndig, wie wir unsere Abl\u00e4ufe optimieren k\u00f6nnen.<br data-sanitized-data-mce-fragment=\"1\" \/>COVID-19 hat die Lieferketten weltweit unterbrochen, und die Luftfrachtkapazit\u00e4ten sind extrem begrenzt. Wir werden unser Bestes tun, um unseren Kunden jedes Mal die bestm\u00f6gliche Erfahrung zu bieten.\u00a0<em data-sanitized-data-mce-fragment=\"1\">Einige Pakete k\u00f6nnen aufgrund der eingeschr\u00e4nkten Verf\u00fcgbarkeit von Transportmitteln infolge der anhaltenden COVID-19-Auswirkungen mehr Zeit f\u00fcr die Zustellung ben\u00f6tigen.<\/em>.<\/p>\n<p data-sanitized-data-mce-fragment=\"1\">Bitte beachten Sie, dass die Informationen aufgrund der Dynamik der COVID-19-Situation ohne vorherige Ank\u00fcndigung ge\u00e4ndert werden k\u00f6nnen.<\/p>\n<h4 data-sanitized-data-mce-fragment=\"1\">Versandgeb\u00fchr<\/h4>\n<p data-sanitized-data-mce-fragment=\"1\">Wenn der Auftrag weniger als\u00a0<em data-sanitized-data-mce-fragment=\"1\"><strong data-sanitized-data-mce-fragment=\"1\">$15<\/strong><\/em>eine Versandgeb\u00fchr von\u00a0<em data-sanitized-data-mce-fragment=\"1\"><strong data-sanitized-data-mce-fragment=\"1\">$5.99<\/strong><\/em>\u00a0wird berechnet. \u00dcber <em data-sanitized-data-mce-fragment=\"1\"><strong data-sanitized-data-mce-fragment=\"1\">$15<\/strong><\/em>,\u00a0<em data-sanitized-data-mce-fragment=\"1\"><strong data-sanitized-data-mce-fragment=\"1\">kostenloser Versand<\/strong><\/em>\u00a0genossen werden.<\/p>\n<h4 data-sanitized-data-mce-fragment=\"1\">Zeitplan f\u00fcr den Versand<\/h4>\n<p data-sanitized-data-mce-fragment=\"1\">Sobald das Paket zugestellt ist, erhalten Sie eine Benachrichtigung per E-Mail in Ihrer Mailbox. Die darin enthaltene Sendungsverfolgungsnummer gibt Aufschluss \u00fcber den zeitlichen Status des Pakets. In den meisten L\u00e4ndern oder an Ihrem Standort dauert es normalerweise\u00a0<strong>7<\/strong><strong data-sanitized-data-mce-fragment=\"1\">\u00a0bis 20<\/strong>\u00a0nat\u00fcrliche Tage f\u00fcr die Ankunft des Pakets.<\/p>\n<table border=\"1\" data-sanitized-data-mce-fragment=\"1\">\n<tbody data-sanitized-data-mce-fragment=\"1\">\n<tr data-sanitized-data-mce-fragment=\"1\">\n<th data-sanitized-data-mce-fragment=\"1\">L\u00e4nder<\/th>\n<th data-sanitized-data-mce-fragment=\"1\">Lieferzeit (nat\u00fcrliche Tage)<\/th>\n<\/tr>\n<tr data-sanitized-data-mce-fragment=\"1\">\n<td data-sanitized-data-mce-fragment=\"1\">\u00a0 Frankreich, Deutschland, Vereinigtes K\u00f6nigreich, Niederlande<\/td>\n<td data-sanitized-data-mce-fragment=\"1\">\u00a0 7-14 Tage<\/td>\n<\/tr>\n<tr data-sanitized-data-mce-fragment=\"1\">\n<td data-sanitized-data-mce-fragment=\"1\">\u00a0 Vereinigte Staaten, Kanada, Norwegen, Spanien, Schweden, Belgien, Schweiz, D\u00e4nemark<\/td>\n<td data-sanitized-data-mce-fragment=\"1\">\u00a0 7-12 Tage<\/td>\n<\/tr>\n<tr data-sanitized-data-mce-fragment=\"1\">\n<td data-sanitized-data-mce-fragment=\"1\">\u00a0Finnland, Griechenland, Italien, Ungarn<\/td>\n<td data-sanitized-data-mce-fragment=\"1\">\u00a0 9-20 Tage<\/td>\n<\/tr>\n<tr data-sanitized-data-mce-fragment=\"1\">\n<td data-sanitized-data-mce-fragment=\"1\">\u00a0 DHL Express (im Normalfall) Die meisten L\u00e4nder innerhalb von 10 Tagen.<br data-sanitized-data-mce-fragment=\"1\" \/>Bitte kontaktieren Sie unseren Kundenservice, wenn Sie DHL Express nutzen m\u00f6chten!<\/td>\n<td><\/td>\n<\/tr>\n<\/tbody>\n<\/table>","protected":false},"excerpt":{"rendered":"<p>Service-Updates aufgrund des COVID-19 Ausbruchs Update 1. Oktober 2022 Die Updates sind hervorgehoben.Sharingan Contacts pr\u00fcft st\u00e4ndig, wie wir unsere Abl\u00e4ufe optimieren k\u00f6nnen, um die Erwartungen unserer Kunden zu erf\u00fcllen.COVID-19 hat die Lieferketten weltweit unterbrochen, und die Luftfrachtkapazit\u00e4ten sind extrem begrenzt. wir werden unser Bestes geben, um unseren Kunden in jeder Situation das beste [...]","protected":false},"author":1,"featured_media":0,"parent":0,"menu_order":0,"comment_status":"closed","ping_status":"closed","template":"","meta":{"footnotes":""},"class_list":["post-7468","page","type-page","status-publish","hentry"],"_links":{"self":[{"href":"https:\/\/sharingan.us\/de\/wp-json\/wp\/v2\/pages\/7468","targetHints":{"allow":["GET"]}}],"collection":[{"href":"https:\/\/sharingan.us\/de\/wp-json\/wp\/v2\/pages"}],"about":[{"href":"https:\/\/sharingan.us\/de\/wp-json\/wp\/v2\/types\/page"}],"author":[{"embeddable":true,"href":"https:\/\/sharingan.us\/de\/wp-json\/wp\/v2\/users\/1"}],"replies":[{"embeddable":true,"href":"https:\/\/sharingan.us\/de\/wp-json\/wp\/v2\/comments?post=7468"}],"version-history":[{"count":0,"href":"https:\/\/sharingan.us\/de\/wp-json\/wp\/v2\/pages\/7468\/revisions"}],"wp:attachment":[{"href":"https:\/\/sharingan.us\/de\/wp-json\/wp\/v2\/media?parent=7468"}],"curies":[{"name":"wp","href":"https:\/\/api.w.org\/{rel}","templated":true}]}}