{"id":7419,"date":"2021-11-28T05:09:28","date_gmt":"2021-11-28T09:09:28","guid":{"rendered":"https:\/\/sharingan.us\/?page_id=7419"},"modified":"2024-04-07T21:29:57","modified_gmt":"2024-04-07T13:29:57","slug":"rezeptprufung","status":"publish","type":"page","link":"https:\/\/sharingan.us\/de\/rezeptprufung\/","title":{"rendered":"\u00dcberpr\u00fcfung von Rezepten"},"content":{"rendered":"<h4>Verfahren zur \u00dcberpr\u00fcfung von Rezepten<\/h4>\n<p><strong>F\u00fcr Kunden in den Vereinigten Staaten von Amerika<\/strong><br \/>\nAls Verk\u00e4ufer von Kontaktlinsen,\u00a0<strong>Sharingan-Kontakte<\/strong>\u00a0stellt die Gesundheit und Sicherheit der Verbraucher an erste Stelle und ist gem\u00e4\u00df dem Fairness to Contact Lens Consumers Act (FCLCA) daf\u00fcr verantwortlich, die Verschreibung zu \u00fcberpr\u00fcfen, bevor die Linsen an die Kunden in den Vereinigten Staaten von Amerika verkauft werden.<\/p>\n<p><strong>Wie funktioniert der \u00dcberpr\u00fcfungsprozess?<\/strong><br \/>\nDer Verifizierungsprozess l\u00e4uft folgenderma\u00dfen ab: Sie \u00fcbermitteln uns die Verschreibungsdaten, und wir leiten sie in Form einer Verifizierungsanfrage an den Verschreiber weiter. Ihr Verordner hat acht Gesch\u00e4ftsstunden Zeit, um zu antworten. Reagiert der Verordner nicht innerhalb dieser Frist, wird das Rezept automatisch verifiziert, und wir k\u00f6nnen dem Kunden Kontaktlinsen liefern.<\/p>\n<p>Die Kunden haben die M\u00f6glichkeit, die g\u00fcltige Kopie (Foto\/Scan-Datei) des Rezepts in den drei folgenden Optionen einzureichen:<br \/>\n1. Wenn Sie ein Konto anmelden in <strong>Sharingan-Kontakte<\/strong> Website <em><strong><a href=\"https:\/\/sharingan.us\/de\/\">https:\/\/sharingan.us<\/a><\/strong><\/em><br \/>\n2. Wenn Sie in unserem Einkaufswagen auschecken<br \/>\n3. Senden Sie das Foto\/Scan an unsere Support-E-Mail:<em><strong><a href=\"mailto:service@sharingan.us\"> service@sharingan.us<\/a><\/strong><\/em>\u00a0mit Ihrem Namen und Ihrer Bestell-ID.<\/p>\n<p>Bitte teilen Sie uns den Namen Ihres Arztes und die Kontaktm\u00f6glichkeiten wie E-Mail oder Telefonnummer mit, damit wir Ihr Rezept direkt mit Ihrem Arzt abgleichen k\u00f6nnen. Wie bereits erw\u00e4hnt, werden Rezepte automatisch \u00fcberpr\u00fcft, wenn der Verschreiber nicht innerhalb von \"acht Gesch\u00e4ftsstunden\" auf unsere \u00dcberpr\u00fcfungsanfrage antwortet. Eine Gesch\u00e4ftsstunde ist definiert als eine Stunde zwischen 9.00 und 17.00 Uhr, Montag bis Freitag, au\u00dfer an Feiertagen, in der Zeitzone des Verschreibers. Wenn wir feststellen, dass ein bestimmter Verschreiber regelm\u00e4\u00dfig samstags arbeitet, k\u00f6nnen wir auch diese Samstagsstunden als Gesch\u00e4ftszeiten im Sinne der Regel z\u00e4hlen.<\/p>\n<p><strong>Wie wird die \u00dcberpr\u00fcfungsfrist von \"acht Gesch\u00e4ftsstunden\" berechnet?<\/strong><br \/>\nBei der Berechnung der \"acht Gesch\u00e4ftsstunden\" beginnt der \u00dcberpr\u00fcfungszeitraum in der ersten Gesch\u00e4ftsstunde, nachdem der Verschreiber eine vollst\u00e4ndige \u00dcberpr\u00fcfungsanfrage erhalten hat, und endet acht Gesch\u00e4ftsstunden sp\u00e4ter. Wenn der Verordner beispielsweise am Montag um 10 Uhr eine Anfrage erh\u00e4lt, muss er bis Dienstag um 10 Uhr antworten. Erfolgt keine Antwort, k\u00f6nnen wir die Kontaktlinsen um 10:01 Uhr am Dienstag bereitstellen. Wenn der Antrag auf \u00dcberpr\u00fcfung am Montag um 10 Uhr eingeht, muss die Antwort bis Dienstag um 17 Uhr vorliegen. Erfolgt keine Antwort, k\u00f6nnen wir die Linsen am Dienstag um 17.01 Uhr liefern.<\/p>\n<p><strong>Was ist, wenn ich kein Rezept f\u00fcr Kontaktlinsen habe?<\/strong><br \/>\nVisibly kann Ihnen dabei helfen, einen Arzt in Ihrer N\u00e4he zu finden, um einen Termin f\u00fcr einen Test zu vereinbaren. Bitte reichen Sie die Kopie an uns ein, sobald Sie das Rezept erhalten haben.<\/p>","protected":false},"excerpt":{"rendered":"<p>Verifizierungsprozess f\u00fcr Kunden in den Vereinigten Staaten von Amerika Als Kontaktlinsenverk\u00e4ufer steht f\u00fcr Sharingan Contacts die Gesundheit und Sicherheit der Kunden an erster Stelle. Sharingan Contacts ist gem\u00e4\u00df dem Fairness to Contact Lens Consumers Act (FCLCA) daf\u00fcr verantwortlich, die Verschreibung zu \u00fcberpr\u00fcfen, bevor die Linsen an die Kunden in den Vereinigten Staaten von Amerika verkauft werden. Wie funktioniert der [...]","protected":false},"author":1,"featured_media":0,"parent":0,"menu_order":0,"comment_status":"closed","ping_status":"closed","template":"","meta":{"footnotes":""},"class_list":["post-7419","page","type-page","status-publish","hentry"],"_links":{"self":[{"href":"https:\/\/sharingan.us\/de\/wp-json\/wp\/v2\/pages\/7419","targetHints":{"allow":["GET"]}}],"collection":[{"href":"https:\/\/sharingan.us\/de\/wp-json\/wp\/v2\/pages"}],"about":[{"href":"https:\/\/sharingan.us\/de\/wp-json\/wp\/v2\/types\/page"}],"author":[{"embeddable":true,"href":"https:\/\/sharingan.us\/de\/wp-json\/wp\/v2\/users\/1"}],"replies":[{"embeddable":true,"href":"https:\/\/sharingan.us\/de\/wp-json\/wp\/v2\/comments?post=7419"}],"version-history":[{"count":0,"href":"https:\/\/sharingan.us\/de\/wp-json\/wp\/v2\/pages\/7419\/revisions"}],"wp:attachment":[{"href":"https:\/\/sharingan.us\/de\/wp-json\/wp\/v2\/media?parent=7419"}],"curies":[{"name":"wp","href":"https:\/\/api.w.org\/{rel}","templated":true}]}}