{"id":3,"date":"2021-11-18T01:42:51","date_gmt":"2021-11-18T01:42:51","guid":{"rendered":"http:\/\/sharingan.us\/?page_id=3"},"modified":"2021-11-28T05:46:58","modified_gmt":"2021-11-28T09:46:58","slug":"datenschutzbestimmungen","status":"publish","type":"page","link":"https:\/\/sharingan.us\/de\/datenschutzbestimmungen\/","title":{"rendered":"Datenschutzbestimmungen"},"content":{"rendered":"<p>Diese Datenschutzrichtlinie beschreibt, wie\u00a0<em><strong>sharingan.us<\/strong><\/em>\u00a0(die \"Website\" oder \"wir\") erhebt, verwendet und gibt Ihre pers\u00f6nlichen Daten weiter, wenn Sie die Website besuchen oder einen Kauf auf der Website t\u00e4tigen.<\/p>\n<h4 class=\"wp-block-heading\">Sammeln von pers\u00f6nlichen Informationen<\/h4>\n<p>Wenn Sie die Website besuchen, erfassen wir bestimmte Informationen \u00fcber Ihr Ger\u00e4t, Ihre Interaktion mit der Website und Informationen, die zur Bearbeitung Ihrer Eink\u00e4ufe erforderlich sind. Wir k\u00f6nnen auch zus\u00e4tzliche Informationen sammeln, wenn Sie uns f\u00fcr den Kundensupport kontaktieren. In dieser Datenschutzrichtlinie bezeichnen wir alle Informationen, mit denen eine Person eindeutig identifiziert werden kann (einschlie\u00dflich der unten aufgef\u00fchrten Informationen) als \"pers\u00f6nliche Daten\". In der folgenden Liste finden Sie weitere Informationen dar\u00fcber, welche pers\u00f6nlichen Daten wir erfassen und warum.<\/p>\n<h4>Informationen zum Ger\u00e4t<\/h4>\n<ul>\n<li><strong>Beispiele f\u00fcr gesammelte pers\u00f6nliche Informationen:<\/strong>\u00a0Version des Webbrowsers, IP-Adresse, Zeitzone, Cookie-Informationen, welche Websites oder Produkte Sie sich ansehen, Suchbegriffe und wie Sie mit der Website interagieren.<\/li>\n<li><strong>Zweck der Sammlung:<\/strong>\u00a0um die Website genau f\u00fcr Sie zu laden und um Analysen \u00fcber die Nutzung der Website durchzuf\u00fchren, um unsere Website zu optimieren.<\/li>\n<li><strong>Quelle der Sammlung:<\/strong>\u00a0Wird automatisch erfasst, wenn Sie auf unsere Website zugreifen, und zwar mithilfe von Cookies, Protokolldateien, Web-Beacons, Tags oder Facebook-Pixeln.<\/li>\n<\/ul>\n<h4>Informationen bestellen<\/h4>\n<ul>\n<li><strong>Beispiele f\u00fcr gesammelte pers\u00f6nliche Informationen:<\/strong>\u00a0Name, Rechnungsadresse, Lieferadresse, Zahlungsinformationen (einschlie\u00dflich Kreditkartennummern), E-Mail-Adresse und Telefonnummer.<\/li>\n<li><strong>Zweck der Sammlung:<\/strong>\u00a0um Ihnen Produkte oder Dienstleistungen zu liefern, um unseren Vertrag zu erf\u00fcllen, um Ihre Zahlungsinformationen zu verarbeiten, den Versand zu organisieren und Ihnen Rechnungen und\/oder Auftragsbest\u00e4tigungen zukommen zu lassen, um mit Ihnen zu kommunizieren, um unsere Auftr\u00e4ge auf potenzielle Risiken oder Betrug zu pr\u00fcfen und um Ihnen, wenn dies mit den von Ihnen mitgeteilten Pr\u00e4ferenzen \u00fcbereinstimmt, Informationen oder Werbung zu unseren Produkten oder Dienstleistungen zukommen zu lassen.<\/li>\n<li><strong>Quelle der Sammlung:<\/strong>\u00a0von Ihnen gesammelt.<\/li>\n<\/ul>\n<h4>Informationen zur Kundenbetreuung<\/h4>\n<ul>\n<li><strong>Beispiele f\u00fcr gesammelte pers\u00f6nliche Informationen:<\/strong>\u00a0<i>E-Mail, Name, Mail-Inhalt.<\/i><\/li>\n<li><strong>Zweck der Sammlung:<\/strong>\u00a0um den Kunden zu unterst\u00fctzen.<\/li>\n<li><strong>Quelle der Sammlung:<\/strong>\u00a0von Ihnen gesammelt.<\/li>\n<\/ul>\n<p>&nbsp;<\/p>\n<h4>Minderj\u00e4hrige<\/h4>\n<p>Die Website ist nicht f\u00fcr Personen unter dem Alter von\u00a0<i>12<\/i>. Wir sammeln nicht absichtlich pers\u00f6nliche Daten von Kindern. Wenn Sie als Elternteil oder Erziehungsberechtigter glauben, dass Ihr Kind uns personenbezogene Daten zur Verf\u00fcgung gestellt hat, wenden Sie sich bitte an die unten stehende Adresse, um die L\u00f6schung zu beantragen.<\/p>\n<h4>Weitergabe pers\u00f6nlicher Informationen<\/h4>\n<p>Wir geben Ihre pers\u00f6nlichen Daten an Dienstleister weiter, die uns dabei helfen, unsere Dienstleistungen zu erbringen und unsere Vertr\u00e4ge mit Ihnen zu erf\u00fcllen, wie oben beschrieben. Zum Beispiel:<\/p>\n<ul>\n<li>Wir verwenden Shopify, um unseren Online-Shop zu betreiben. Sie k\u00f6nnen hier mehr dar\u00fcber lesen, wie Shopify Ihre pers\u00f6nlichen Daten verwendet:\u00a0<a href=\"https:\/\/www.shopify.com\/legal\/privacy\" data-sanitized-target=\"_blank\" rel=\"nofollow noopener\" target=\"_blank\">https:\/\/www.shopify.com\/legal\/privacy<\/a>.<\/li>\n<li>Wir k\u00f6nnen Ihre pers\u00f6nlichen Daten weitergeben, um geltende Gesetze und Vorschriften einzuhalten, um auf eine Vorladung, einen Durchsuchungsbefehl oder eine andere rechtm\u00e4\u00dfige Anfrage nach Informationen zu reagieren, die wir erhalten, oder um unsere Rechte anderweitig zu sch\u00fctzen.<\/li>\n<\/ul>\n<h4>Verhaltensbasierte Werbung<\/h4>\n<p>Wie oben beschrieben, verwenden wir Ihre pers\u00f6nlichen Daten, um Ihnen gezielte Werbung oder Marketingmitteilungen zukommen zu lassen, von denen wir glauben, dass sie f\u00fcr Sie von Interesse sein k\u00f6nnten. Zum Beispiel:<\/p>\n<ul>\n<li>Wir verwenden Google Analytics, um zu verstehen, wie unsere Kunden die Website nutzen. Sie k\u00f6nnen hier mehr dar\u00fcber lesen, wie Google Ihre pers\u00f6nlichen Daten verwendet:\u00a0<a href=\"https:\/\/policies.google.com\/privacy?hl=en\" data-sanitized-target=\"_blank\" rel=\"nofollow noopener\" target=\"_blank\">https:\/\/policies.google.com\/privacy?hl=en<\/a>Sie k\u00f6nnen Google Analytics auch hier deaktivieren:\u00a0<a href=\"https:\/\/tools.google.com\/dlpage\/gaoptout\" data-sanitized-target=\"_blank\" rel=\"nofollow noopener\" target=\"_blank\">https:\/\/tools.google.com\/dlpage\/gaoptout<\/a>.<\/li>\n<li>Wir geben Informationen \u00fcber Ihre Nutzung der Website, Ihre Eink\u00e4ufe und Ihre Interaktion mit unserer Werbung auf anderen Websites an unsere Werbepartner weiter. Wir sammeln und teilen einige dieser Informationen direkt mit unseren Werbepartnern und in einigen F\u00e4llen durch die Verwendung von Cookies oder anderen \u00e4hnlichen Technologien (denen Sie je nach Ihrem Standort zustimmen k\u00f6nnen).<\/li>\n<\/ul>\n<p>Weitere Informationen dar\u00fcber, wie gezielte Werbung funktioniert, finden Sie auf der Bildungsseite der Network Advertising Initiative (\"NAI\") unter\u00a0<a href=\"http:\/\/www.networkadvertising.org\/understanding-online-advertising\/how-does-it-work\" data-sanitized-target=\"_blank\" rel=\"nofollow noopener\" target=\"_blank\">http:\/\/www.networkadvertising.org\/understanding-online-advertising\/how-does-it-work<\/a>.<\/p>\n<p>Sie k\u00f6nnen gezielte Werbung ablehnen, indem Sie:<\/p>\n<ul>\n<li><i>FACEBOOK -\u00a0<\/i><a href=\"https:\/\/www.facebook.com\/settings\/?tab=ads\" data-sanitized-target=\"_blank\" rel=\"nofollow noopener\" target=\"_blank\">https:\/\/www.facebook.com\/settings\/?tab=ads<\/a><\/li>\n<li><i>GOOGLE -\u00a0<\/i><a href=\"https:\/\/www.google.com\/settings\/ads\/anonymous\" data-sanitized-target=\"_blank\" rel=\"nofollow noopener\" target=\"_blank\">https:\/\/www.google.com\/settings\/ads\/anonymous<\/a><\/li>\n<li><i>BING -\u00a0<\/i><a href=\"https:\/\/advertise.bingads.microsoft.com\/en-us\/resources\/policies\/personalized-ads\" data-sanitized-target=\"_blank\" rel=\"nofollow noopener\" target=\"_blank\">https:\/\/advertise.bingads.microsoft.com\/en-us\/resources\/policies\/personalized-ads<\/a><i>]<\/i><\/li>\n<\/ul>\n<p>Dar\u00fcber hinaus k\u00f6nnen Sie sich von einigen dieser Dienste abmelden, indem Sie das Abmeldeportal der Digital Advertising Alliance besuchen:\u00a0<a href=\"http:\/\/optout.aboutads.info\/\" data-sanitized-target=\"_blank\" rel=\"nofollow noopener\" target=\"_blank\">http:\/\/optout.aboutads.info\/<\/a>.<\/p>\n<h4>Verwendung pers\u00f6nlicher Informationen<\/h4>\n<p>Wir verwenden Ihre pers\u00f6nlichen Daten, um Ihnen unsere Dienstleistungen anbieten zu k\u00f6nnen. Dazu geh\u00f6ren: das Anbieten von Produkten zum Verkauf, die Bearbeitung von Zahlungen, der Versand und die Ausf\u00fchrung Ihrer Bestellung sowie das Informieren \u00fcber neue Produkte, Dienstleistungen und Angebote.<\/p>\n<h4>Rechtm\u00e4\u00dfige Grundlage<\/h4>\n<p>Wenn Sie Ihren Wohnsitz im Europ\u00e4ischen Wirtschaftsraum (EWR) haben, verarbeiten wir Ihre personenbezogenen Daten gem\u00e4\u00df der Allgemeinen Datenschutzverordnung (GDPR\") auf der Grundlage der folgenden Rechtsgrundlagen:<\/p>\n<ul>\n<li>Ihre Zustimmung;<\/li>\n<li>Die Erf\u00fcllung des Vertrags zwischen Ihnen und der Website;<\/li>\n<li>Einhaltung unserer rechtlichen Verpflichtungen;<\/li>\n<li>Zum Schutz Ihrer lebenswichtigen Interessen;<\/li>\n<li>Zur Erf\u00fcllung einer Aufgabe, die im \u00f6ffentlichen Interesse liegt;<\/li>\n<li>F\u00fcr unsere berechtigten Interessen, die Ihre Grundrechte und -freiheiten nicht \u00fcberwiegen.<\/li>\n<\/ul>\n<h4>Vorratsspeicherung<\/h4>\n<p>Wenn Sie eine Bestellung \u00fcber die Website aufgeben, werden wir Ihre pers\u00f6nlichen Daten f\u00fcr unsere Unterlagen aufbewahren, bis Sie uns bitten, diese Daten zu l\u00f6schen. Weitere Informationen zu Ihrem Recht auf L\u00f6schung finden Sie im Abschnitt \"Ihre Rechte\" weiter unten.<\/p>\n<h4>Automatische Entscheidungsfindung<\/h4>\n<p>Wenn Sie Ihren Wohnsitz im EWR haben, haben Sie das Recht, einer ausschlie\u00dflich auf einer automatisierten Entscheidungsfindung (einschlie\u00dflich Profiling) beruhenden Verarbeitung zu widersprechen, wenn diese Entscheidungsfindung rechtliche Auswirkungen auf Sie hat oder Sie auf andere Weise erheblich beeintr\u00e4chtigt.<\/p>\n<p>Wir\u00a0<i>DO\u00a0<\/i>eine vollautomatische Entscheidungsfindung unter Verwendung von Kundendaten vornehmen, die rechtliche oder anderweitig erhebliche Auswirkungen hat.<\/p>\n<p>Unser Auftragsverarbeiter Shopify verwendet eine begrenzte automatisierte Entscheidungsfindung, um Betrug zu verhindern, der keine rechtlichen oder anderweitig erheblichen Auswirkungen auf Sie hat.<\/p>\n<p>Zu den Diensten, die Elemente der automatisierten Entscheidungsfindung enthalten, geh\u00f6ren:<\/p>\n<ul>\n<li>Vor\u00fcbergehende Denyliste von IP-Adressen, die mit wiederholt fehlgeschlagenen Transaktionen in Verbindung stehen. Diese Denyliste bleibt f\u00fcr eine geringe Anzahl von Stunden bestehen.<\/li>\n<li>Vor\u00fcbergehende Denyliste der Kreditkarten, die mit den verweigerten IP-Adressen verbunden sind. Diese Denyliste bleibt f\u00fcr eine geringe Anzahl von Tagen bestehen.<\/li>\n<\/ul>\n<h4><i><\/i>Verkauf von pers\u00f6nlichen Informationen<\/h4>\n<p>Unsere Website verkauft personenbezogene Daten gem\u00e4\u00df der Definition des California Consumer Privacy Act von 2018 (\"CCPA\").<\/p>\n<h4>\u00a0<\/h4>\n<h4>GDPR<\/h4>\n<p>Wenn Sie Ihren Wohnsitz im EWR haben, haben Sie das Recht, auf die pers\u00f6nlichen Daten, die wir \u00fcber Sie gespeichert haben, zuzugreifen, sie auf einen neuen Dienst zu \u00fcbertragen und zu verlangen, dass Ihre pers\u00f6nlichen Daten korrigiert, aktualisiert oder gel\u00f6scht werden. Wenn Sie von diesen Rechten Gebrauch machen m\u00f6chten, setzen Sie sich bitte \u00fcber die unten stehenden Kontaktinformationen mit uns in Verbindung.<\/p>\n<p>Ihre pers\u00f6nlichen Daten werden zun\u00e4chst in Irland verarbeitet und dann zur Speicherung und weiteren Verarbeitung au\u00dferhalb Europas \u00fcbertragen, unter anderem nach Kanada und in die Vereinigten Staaten. Weitere Informationen dar\u00fcber, wie Daten\u00fcbertragungen mit der GDPR \u00fcbereinstimmen, finden Sie im GDPR-Whitepaper von Shopify:\u00a0<a href=\"https:\/\/help.shopify.com\/en\/manual\/your-account\/privacy\/GDPR\" data-sanitized-target=\"_blank\" rel=\"nofollow noopener\" target=\"_blank\">https:\/\/help.shopify.com\/en\/manual\/your-account\/privacy\/GDPR<\/a>.<\/p>\n<h4>CCPA<\/h4>\n<p>Wenn Sie Ihren Wohnsitz in Kalifornien haben, haben Sie das Recht, auf die pers\u00f6nlichen Daten, die wir \u00fcber Sie gespeichert haben, zuzugreifen (auch bekannt als \"Recht auf Auskunft\"), sie auf einen neuen Dienst zu \u00fcbertragen und zu verlangen, dass Ihre pers\u00f6nlichen Daten korrigiert, aktualisiert oder gel\u00f6scht werden. Wenn Sie von diesen Rechten Gebrauch machen m\u00f6chten, wenden Sie sich bitte \u00fcber die unten stehenden Kontaktinformationen an uns.<\/p>\n<p>Wenn Sie einen Bevollm\u00e4chtigten benennen m\u00f6chten, der diese Antr\u00e4ge in Ihrem Namen stellt, wenden Sie sich bitte an die unten angegebene Adresse.<\/p>\n<h4>Cookies<\/h4>\n<p>Ein Cookie ist eine kleine Informationsmenge, die auf Ihren Computer oder Ihr Ger\u00e4t heruntergeladen wird, wenn Sie unsere Website besuchen. Wir verwenden eine Reihe verschiedener Cookies, darunter Funktions-, Leistungs- und Werbe-Cookies sowie Cookies f\u00fcr soziale Medien oder Inhalte. Cookies verbessern Ihr Surferlebnis, indem sie es der Website erm\u00f6glichen, sich an Ihre Aktionen und Pr\u00e4ferenzen zu erinnern (z. B. Anmeldung und Auswahl der Region). Das bedeutet, dass Sie diese Informationen nicht jedes Mal neu eingeben m\u00fcssen, wenn Sie auf die Website zur\u00fcckkehren oder von einer Seite zur anderen wechseln. Cookies geben auch Aufschluss dar\u00fcber, wie die Besucher die Website nutzen, z. B. ob sie sie zum ersten Mal besuchen oder ob sie sie h\u00e4ufig besuchen.<\/p>\n<p>Wir verwenden die folgenden Cookies, um Ihre Erfahrung auf unserer Website zu optimieren und unsere Dienste anzubieten.<\/p>\n<h4>\u00a0<\/h4>\n<h4>Cookies, die f\u00fcr das Funktionieren des Shops notwendig sind<\/h4>\n<table>\n<thead>\n<tr>\n<th><strong>Name<\/strong><\/th>\n<th><strong>Funktion<\/strong><\/th>\n<\/tr>\n<\/thead>\n<tbody>\n<tr>\n<td><i>_ab<\/i><\/td>\n<td>Wird in Verbindung mit dem Zugang zu admin.<\/td>\n<\/tr>\n<tr>\n<td><i>_secure_session_id<\/i><\/td>\n<td>Wird in Verbindung mit der Navigation durch ein Schaufenster verwendet.<\/td>\n<\/tr>\n<tr>\n<td><i>Wagen<\/i><\/td>\n<td>Wird in Verbindung mit dem Einkaufswagen verwendet.<\/td>\n<\/tr>\n<tr>\n<td><i>cart_sig<\/i><\/td>\n<td>Wird in Verbindung mit dem Checkout verwendet.<\/td>\n<\/tr>\n<tr>\n<td><i>kart_ts<\/i><\/td>\n<td>Wird in Verbindung mit dem Checkout verwendet.<\/td>\n<\/tr>\n<tr>\n<td><i>checkout_token<\/i><\/td>\n<td>Wird in Verbindung mit dem Checkout verwendet.<\/td>\n<\/tr>\n<tr>\n<td><i>geheim<\/i><\/td>\n<td>Wird in Verbindung mit dem Checkout verwendet.<\/td>\n<\/tr>\n<tr>\n<td><i>sicher_Kunden_sig<\/i><\/td>\n<td>Wird in Verbindung mit dem Kunden-Login verwendet.<\/td>\n<\/tr>\n<tr>\n<td><i>schaufenster_digest<\/i><\/td>\n<td>Wird in Verbindung mit dem Kunden-Login verwendet.<\/td>\n<\/tr>\n<tr>\n<td><i>_shopify_u<\/i><\/td>\n<td>Wird verwendet, um die Aktualisierung von Kundenkontoinformationen zu erleichtern.<\/td>\n<\/tr>\n<\/tbody>\n<\/table>\n<p>&nbsp;<\/p>\n<p><i><\/i>Wie lange ein Cookie auf Ihrem Computer oder Mobilger\u00e4t verbleibt, h\u00e4ngt davon ab, ob es sich um ein \"dauerhaftes\" oder ein \"Sitzungs\"-Cookie handelt. Sitzungs-Cookies bleiben bestehen, bis Sie aufh\u00f6ren zu surfen, und dauerhafte Cookies bleiben bestehen, bis sie ablaufen oder gel\u00f6scht werden. Die meisten der von uns verwendeten Cookies sind dauerhaft und laufen zwischen 30 Minuten und zwei Jahren nach dem Herunterladen auf Ihr Ger\u00e4t ab.<\/p>\n<p>Sie k\u00f6nnen Cookies auf verschiedene Weise kontrollieren und verwalten. Bitte bedenken Sie, dass das Entfernen oder Blockieren von Cookies Ihr Nutzererlebnis beeintr\u00e4chtigen kann und Teile unserer Website m\u00f6glicherweise nicht mehr vollst\u00e4ndig zug\u00e4nglich sind.<\/p>\n<p>Die meisten Browser akzeptieren Cookies automatisch, aber Sie k\u00f6nnen \u00fcber die Einstellungen Ihres Browsers, die Sie h\u00e4ufig im Men\u00fc \"Extras\" oder \"Einstellungen\" Ihres Browsers finden, entscheiden, ob Sie Cookies akzeptieren oder nicht. Weitere Informationen dar\u00fcber, wie Sie Ihre Browsereinstellungen \u00e4ndern oder Cookies blockieren, verwalten oder filtern k\u00f6nnen, finden Sie in der Hilfedatei Ihres Browsers oder auf Websites wie\u00a0<a href=\"https:\/\/www.allaboutcookies.org\" data-sanitized-target=\"_blank\" rel=\"nofollow noopener\" target=\"_blank\">www.allaboutcookies.org<\/a>.<\/p>\n<p>Bitte beachten Sie au\u00dferdem, dass die Blockierung von Cookies die Weitergabe von Informationen an Dritte, wie z. B. unsere Werbepartner, nicht vollst\u00e4ndig verhindern kann. Um Ihre Rechte auszu\u00fcben oder bestimmte Verwendungen Ihrer Daten durch diese Parteien abzulehnen, folgen Sie bitte den Anweisungen im Abschnitt \"Verhaltensbasierte Werbung\" oben.<\/p>\n<h4>Nicht verfolgen<\/h4>\n<p>Bitte beachten Sie, dass es in der Branche kein einheitliches Verst\u00e4ndnis dar\u00fcber gibt, wie auf \"Do Not Track\"-Signale zu reagieren ist, und dass wir unsere Datenerfassungs- und Nutzungspraktiken nicht \u00e4ndern, wenn wir ein solches Signal von Ihrem Browser erkennen.<\/p>\n<h4>\u00c4nderungen<\/h4>\n<p>Wir k\u00f6nnen diese Datenschutzrichtlinie von Zeit zu Zeit aktualisieren, um beispielsweise \u00c4nderungen unserer Praktiken oder andere betriebliche, rechtliche oder regulatorische Gr\u00fcnde zu ber\u00fccksichtigen.<\/p>\n<h4>Kontakt<\/h4>\n<p>Wenn Sie weitere Informationen \u00fcber unsere Datenschutzpraktiken w\u00fcnschen, Fragen haben oder eine Beschwerde einreichen m\u00f6chten, wenden Sie sich bitte per E-Mail an uns\u00a0<em><strong><a href=\"mailto:service@sharingan.us\">service@sharingan.us<\/a><\/strong><\/em><\/p>\n<h2><i>Zuletzt aktualisiert: [2021.08.22]<\/i><\/h2>\n<p>Wenn Sie mit unserer Antwort auf Ihre Beschwerde nicht zufrieden sind, haben Sie das Recht, Ihre Beschwerde bei der zust\u00e4ndigen Datenschutzbeh\u00f6rde einzureichen.\u00a0<\/p>","protected":false},"excerpt":{"rendered":"<p>Diese Datenschutzrichtlinie beschreibt, wie sharingan.us (die \"Seite\" oder \"wir\") Ihre pers\u00f6nlichen Daten sammelt, verwendet und offenlegt, wenn Sie die Seite besuchen oder einen Kauf auf der Seite t\u00e4tigen. Erfassung pers\u00f6nlicher Daten Wenn Sie die Website besuchen, erfassen wir bestimmte Informationen \u00fcber Ihr Ger\u00e4t, Ihre Interaktion mit der Website und Informationen, die f\u00fcr die Bearbeitung Ihrer Eink\u00e4ufe erforderlich sind. Wir k\u00f6nnen auch [...]","protected":false},"author":1,"featured_media":0,"parent":0,"menu_order":0,"comment_status":"closed","ping_status":"open","template":"","meta":{"footnotes":""},"class_list":["post-3","page","type-page","status-publish","hentry"],"_links":{"self":[{"href":"https:\/\/sharingan.us\/de\/wp-json\/wp\/v2\/pages\/3","targetHints":{"allow":["GET"]}}],"collection":[{"href":"https:\/\/sharingan.us\/de\/wp-json\/wp\/v2\/pages"}],"about":[{"href":"https:\/\/sharingan.us\/de\/wp-json\/wp\/v2\/types\/page"}],"author":[{"embeddable":true,"href":"https:\/\/sharingan.us\/de\/wp-json\/wp\/v2\/users\/1"}],"replies":[{"embeddable":true,"href":"https:\/\/sharingan.us\/de\/wp-json\/wp\/v2\/comments?post=3"}],"version-history":[{"count":0,"href":"https:\/\/sharingan.us\/de\/wp-json\/wp\/v2\/pages\/3\/revisions"}],"wp:attachment":[{"href":"https:\/\/sharingan.us\/de\/wp-json\/wp\/v2\/media?parent=3"}],"curies":[{"name":"wp","href":"https:\/\/api.w.org\/{rel}","templated":true}]}}