{"id":1004,"date":"2020-10-09T13:39:05","date_gmt":"2020-10-09T13:39:05","guid":{"rendered":"http:\/\/shoptimizer.local\/?page_id=848"},"modified":"2022-04-07T23:03:17","modified_gmt":"2022-04-08T03:03:17","slug":"uber","status":"publish","type":"page","link":"https:\/\/sharingan.us\/de\/uber\/","title":{"rendered":"\u00dcber"},"content":{"rendered":"<h1><b><i>\u00dcber uns <\/i><\/b><\/h1>\n<h3><b><i>Wir sind aus einer Gruppe von Fans entstanden, die farbige Kontaktlinsen herstellen wollten, die perfekt zu den Anime-Figuren passen.<\/i><\/b><\/h3>\n<h6>Nach Pr\u00fcfung von Alternativen<\/h6>\n<h2>Unsere Reise begann im Jahr 2015<\/h2>\n<p style=\"text-align: right;\">Wir haben 2015 begonnen und arbeiten st\u00e4ndig daran, die beste Kontaktlinsenfabrik zu finden, indem wir die umweltfreundlichsten und sichersten Pigmente und die sicherste verf\u00fcgbare Sandwich-F\u00e4rbetechnik verwenden. Wir nehmen unsere Arbeit ernst!<\/p>\n<p>\t\t\t\t\t\t\t\t\t\t\t\t\t\t\t<img decoding=\"async\" width=\"1000\" height=\"667\" data-src=\"https:\/\/sharingan.us\/wp-content\/uploads\/2021\/11\/20879724.jpg\" alt=\"\" data-srcset=\"https:\/\/sharingan.us\/wp-content\/uploads\/2021\/11\/20879724.jpg 1000w, https:\/\/sharingan.us\/wp-content\/uploads\/2021\/11\/20879724-800x534.jpg 800w, https:\/\/sharingan.us\/wp-content\/uploads\/2021\/11\/20879724-768x512.jpg 768w, https:\/\/sharingan.us\/wp-content\/uploads\/2021\/11\/20879724-990x660.jpg 990w, https:\/\/sharingan.us\/wp-content\/uploads\/2021\/11\/20879724-441x294.jpg 441w, https:\/\/sharingan.us\/wp-content\/uploads\/2021\/11\/20879724-150x100.jpg 150w\" data-sizes=\"auto, (max-width: 360px) 147px, (max-width: 1000px) 100vw, 1000px\" title=\"\" src=\"data:image\/svg+xml;base64,PHN2ZyB3aWR0aD0iMSIgaGVpZ2h0PSIxIiB4bWxucz0iaHR0cDovL3d3dy53My5vcmcvMjAwMC9zdmciPjwvc3ZnPg==\" class=\"lazyload\" style=\"--smush-placeholder-width: 1000px; --smush-placeholder-aspect-ratio: 1000\/667;\"><br \/>\n\t\t\t\t\t\t\t\t\t\t\t\t\t\t\t<img decoding=\"async\" width=\"1000\" height=\"600\" data-src=\"https:\/\/sharingan.us\/wp-content\/uploads\/2021\/11\/dtc.jpg\" alt=\"\" data-srcset=\"https:\/\/sharingan.us\/wp-content\/uploads\/2021\/11\/dtc.jpg 1000w, https:\/\/sharingan.us\/wp-content\/uploads\/2021\/11\/dtc-800x480.jpg 800w, https:\/\/sharingan.us\/wp-content\/uploads\/2021\/11\/dtc-768x461.jpg 768w, https:\/\/sharingan.us\/wp-content\/uploads\/2021\/11\/dtc-990x594.jpg 990w, https:\/\/sharingan.us\/wp-content\/uploads\/2021\/11\/dtc-441x265.jpg 441w, https:\/\/sharingan.us\/wp-content\/uploads\/2021\/11\/dtc-150x90.jpg 150w\" data-sizes=\"auto, (max-width: 360px) 147px, (max-width: 1000px) 100vw, 1000px\" title=\"\" src=\"data:image\/svg+xml;base64,PHN2ZyB3aWR0aD0iMSIgaGVpZ2h0PSIxIiB4bWxucz0iaHR0cDovL3d3dy53My5vcmcvMjAwMC9zdmciPjwvc3ZnPg==\" class=\"lazyload\" style=\"--smush-placeholder-width: 1000px; --smush-placeholder-aspect-ratio: 1000\/600;\">\t\t\t\t\t\t\t\t\t\t\t\t\t\t\t<\/p>\n<h6>Perfekte Passform f\u00fcr dein Cosplay<\/h6>\n<h2>Direkt an die Verbraucher<\/h2>\n<p>Wir bewerben und verkaufen unsere Produkte direkt an die Verbraucher, ohne Zwischenh\u00e4ndler. Das bedeutet, dass wir unabh\u00e4ngiger sind und unsere eigenen Produkte herstellen, vermarkten, verkaufen und versenden k\u00f6nnen. Der Vorteil ist, dass wir bei gleichbleibend hoher Qualit\u00e4t niedrigere Kosten haben. Also h\u00f6here Qualit\u00e4t, haben wir 40% niedrigeren Preis als unsere Konkurrenten.<\/p>\n<h6>Sicher, bequem und preiswert<\/h6>\n<h2>Asien Premium Fabrik<\/h2>\n<p style=\"text-align: right;\">Top-HEMA-Polymermaterialien, die weltweit besten umweltfreundlichen Pigmente, Sandwich-Sicherheitsschutztechnologie, und jedes unserer Produkte wird 6 manuellen und 3 maschinellen Kontrollen unterzogen, bevor es das Werk verl\u00e4sst, um ausreichende Sicherheit zu gew\u00e4hrleisten. Unsere Sicherheitsstandards sind 3 Mal h\u00f6her als die der Wettbewerber.<\/p>\n<p>\t\t\t\t\t\t\t\t\t\t\t\t\t\t\t<img decoding=\"async\" width=\"958\" height=\"689\" data-src=\"https:\/\/sharingan.us\/wp-content\/uploads\/2022\/04\/1545563G2-5.jpeg\" alt=\"\" data-srcset=\"https:\/\/sharingan.us\/wp-content\/uploads\/2022\/04\/1545563G2-5.jpeg 958w, https:\/\/sharingan.us\/wp-content\/uploads\/2022\/04\/1545563G2-5-800x575.jpeg 800w, https:\/\/sharingan.us\/wp-content\/uploads\/2022\/04\/1545563G2-5-768x552.jpeg 768w, https:\/\/sharingan.us\/wp-content\/uploads\/2022\/04\/1545563G2-5-60x43.jpeg 60w, https:\/\/sharingan.us\/wp-content\/uploads\/2022\/04\/1545563G2-5-110x79.jpeg 110w, https:\/\/sharingan.us\/wp-content\/uploads\/2022\/04\/1545563G2-5-441x317.jpeg 441w, https:\/\/sharingan.us\/wp-content\/uploads\/2022\/04\/1545563G2-5-150x108.jpeg 150w\" data-sizes=\"auto, (max-width: 360px) 147px, (max-width: 958px) 100vw, 958px\" title=\"\" src=\"data:image\/svg+xml;base64,PHN2ZyB3aWR0aD0iMSIgaGVpZ2h0PSIxIiB4bWxucz0iaHR0cDovL3d3dy53My5vcmcvMjAwMC9zdmciPjwvc3ZnPg==\" class=\"lazyload\" style=\"--smush-placeholder-width: 958px; --smush-placeholder-aspect-ratio: 958\/689;\"><br \/>\n\t\t\t\t\t\t\t\t\t\t\t\t\t\t\t<img decoding=\"async\" width=\"600\" height=\"400\" data-src=\"https:\/\/sharingan.us\/wp-content\/uploads\/2022\/04\/why-choose-us-sharingan-eye-lenses.webp\" alt=\"\" data-srcset=\"https:\/\/sharingan.us\/wp-content\/uploads\/2022\/04\/why-choose-us-sharingan-eye-lenses.webp 600w, https:\/\/sharingan.us\/wp-content\/uploads\/2022\/04\/why-choose-us-sharingan-eye-lenses-60x40.webp 60w, https:\/\/sharingan.us\/wp-content\/uploads\/2022\/04\/why-choose-us-sharingan-eye-lenses-110x73.webp 110w, https:\/\/sharingan.us\/wp-content\/uploads\/2022\/04\/why-choose-us-sharingan-eye-lenses-441x294.webp 441w, https:\/\/sharingan.us\/wp-content\/uploads\/2022\/04\/why-choose-us-sharingan-eye-lenses-150x100.webp 150w\" data-sizes=\"auto, (max-width: 360px) 147px, (max-width: 600px) 100vw, 600px\" title=\"\" src=\"data:image\/svg+xml;base64,PHN2ZyB3aWR0aD0iMSIgaGVpZ2h0PSIxIiB4bWxucz0iaHR0cDovL3d3dy53My5vcmcvMjAwMC9zdmciPjwvc3ZnPg==\" class=\"lazyload\" style=\"--smush-placeholder-width: 600px; --smush-placeholder-aspect-ratio: 600\/400;\">\t\t\t\t\t\t\t\t\t\t\t\t\t\t\t<\/p>\n<h6>Das Produkt kommt zuerst<\/h6>\n<h2>Warum uns w\u00e4hlen<\/h2>\n<p>Kontaktlinsen sind mit der Sicherheit der Augen unserer Kunden verbunden. Das ist unser oberstes Gebot. Es gibt jedoch zu viele kleine Hersteller auf dem Markt, die die modernen Sicherheitsstandards nicht erf\u00fcllen k\u00f6nnen. Sie behaupten zwar, dass sie \u00fcber zahlreiche Sicherheitszertifikate verf\u00fcgen, aber die tats\u00e4chliche Situation ist besorgniserregend. Wir geben niemals Geld f\u00fcr bezahlte Werbung und Marketing aus, und jeder eingesparte Cent wird im Preis reduziert. Wir sind davon \u00fcberzeugt, dass hohe Qualit\u00e4t, ein angemessener Preis und ein hervorragender Service die Gr\u00fcnde daf\u00fcr sind, dass sich mehr als 100.000 Kunden f\u00fcr uns entscheiden.<\/p>\n<h6>100000+ zufriedene Kunden<\/h6>\n<h2>Wir fangen gerade erst an<\/h2>\n<p>In den letzten Jahren haben wir mehr als 100.000 Kunden bedient, und immer mehr Cosplay-Fans entscheiden sich daf\u00fcr, mit uns weiterzumachen, aber wir wissen, dass dies erst der Anfang ist, und wir werden in Zukunft noch mehr ausgezeichnete Produkte und Dienstleistungen anbieten, wir sind bei Ihnen!<\/p>\n<p>\t\t\t\t\t\t\t\t\t\t\t\t\t\t\t<img decoding=\"async\" width=\"800\" height=\"480\" data-src=\"https:\/\/sharingan.us\/wp-content\/uploads\/2018\/07\/about_01.jpg\" alt=\"\" data-srcset=\"https:\/\/sharingan.us\/wp-content\/uploads\/2018\/07\/about_01.jpg 800w, https:\/\/sharingan.us\/wp-content\/uploads\/2018\/07\/about_01-150x90.jpg 150w\" data-sizes=\"auto, (max-width: 360px) 147px, (max-width: 800px) 100vw, 800px\" title=\"\" src=\"data:image\/svg+xml;base64,PHN2ZyB3aWR0aD0iMSIgaGVpZ2h0PSIxIiB4bWxucz0iaHR0cDovL3d3dy53My5vcmcvMjAwMC9zdmciPjwvc3ZnPg==\" class=\"lazyload\" style=\"--smush-placeholder-width: 800px; --smush-placeholder-aspect-ratio: 800\/480;\"><\/p>","protected":false},"excerpt":{"rendered":"<p>About us We were born from a group of fans who wanted to make colored contact lenses that perfectly matched the anime characters. After looking at alternatives Our journey began in 2015 We started in 2015, and we are constantly figuring out the best contact lens factory, using the most environmentally friendly and safe pigments [&#8230;]","protected":false},"author":1,"featured_media":0,"parent":0,"menu_order":0,"comment_status":"closed","ping_status":"closed","template":"template-fullwidth-no-heading.php","meta":{"footnotes":""},"class_list":["post-1004","page","type-page","status-publish","hentry"],"_links":{"self":[{"href":"https:\/\/sharingan.us\/de\/wp-json\/wp\/v2\/pages\/1004","targetHints":{"allow":["GET"]}}],"collection":[{"href":"https:\/\/sharingan.us\/de\/wp-json\/wp\/v2\/pages"}],"about":[{"href":"https:\/\/sharingan.us\/de\/wp-json\/wp\/v2\/types\/page"}],"author":[{"embeddable":true,"href":"https:\/\/sharingan.us\/de\/wp-json\/wp\/v2\/users\/1"}],"replies":[{"embeddable":true,"href":"https:\/\/sharingan.us\/de\/wp-json\/wp\/v2\/comments?post=1004"}],"version-history":[{"count":0,"href":"https:\/\/sharingan.us\/de\/wp-json\/wp\/v2\/pages\/1004\/revisions"}],"wp:attachment":[{"href":"https:\/\/sharingan.us\/de\/wp-json\/wp\/v2\/media?parent=1004"}],"curies":[{"name":"wp","href":"https:\/\/api.w.org\/{rel}","templated":true}]}}